{"id":3649,"date":"2025-10-09T00:00:00","date_gmt":"2025-10-08T22:00:00","guid":{"rendered":"https:\/\/yotavis.ch\/product\/ant-da12\/"},"modified":"2026-04-24T13:28:14","modified_gmt":"2026-04-24T11:28:14","slug":"ant-da12","status":"publish","type":"product","link":"https:\/\/yotavis.ch\/pl\/produkt\/ant-da12\/","title":{"rendered":"ANT-DA12"},"content":{"rendered":"<p>ANT-DA12 firmy Siglent posiada uchwyt wzmacniacza i anten\u0119 dzia\u0142aj\u0105c\u0105 w zakresie cz\u0119stotliwo\u015bci od 200 MHz do 500 MHz. Oferuje typowy zysk anteny 10dB i wsp\u00f3\u0142czynnik fali stoj\u0105cej (SWR) mniejszy ni\u017c 1:1,9, zapewniaj\u0105c wydajn\u0105 transmisj\u0119 sygna\u0142u. Antena zosta\u0142a zaprojektowana z impedancj\u0105 50\u03a9 i wykorzystuje z\u0142\u0105cze \u017ce\u0144skie typu N. Obs\u0142uguje zar\u00f3wno poziomy, jak i pionowy kierunek polaryzacji, umo\u017cliwiaj\u0105c wszechstronne konfiguracje odbioru i transmisji sygna\u0142u.<\/p>","protected":false},"excerpt":{"rendered":"<p>Zawiera uchwyt wzmacniacza i anten\u0119 200 MHz ~ 500 MHz. Zysk anteny 10dB (warto\u015b\u0107 typowa); SWR &lt;1_1,9 (warto\u015b\u0107 typowa); typ 50\u03a9\/N, \u017ce\u0144ski; kierunek polaryzacji poziomy i pionowy\n<\/p>","protected":false},"featured_media":5238,"comment_status":"closed","ping_status":"closed","template":"","meta":{"_acf_changed":false,"slim_seo":{"title":"ANT-DA12 - YOTAVIS AG","description":"Zawiera uchwyt wzmacniacza i anten\u0119 200 MHz ~ 500 MHz. Zysk anteny 10dB (warto\u015b\u0107 typowa); SWR <1_1.9 (typical value); 50\u03a9\/N type, female; polarization direction"}},"product_brand":[506],"product_cat":[526,527],"product_tag":[],"class_list":{"0":"post-3649","1":"product","2":"type-product","3":"status-publish","4":"has-post-thumbnail","6":"product_brand-siglent","7":"product_cat-accessories","8":"product_cat-antenna-en","10":"first","11":"instock","12":"taxable","13":"shipping-taxable","14":"purchasable","15":"product-type-simple"},"acf":[],"_links":{"self":[{"href":"https:\/\/yotavis.ch\/pl\/wp-json\/wp\/v2\/product\/3649","targetHints":{"allow":["GET"]}}],"collection":[{"href":"https:\/\/yotavis.ch\/pl\/wp-json\/wp\/v2\/product"}],"about":[{"href":"https:\/\/yotavis.ch\/pl\/wp-json\/wp\/v2\/types\/product"}],"replies":[{"embeddable":true,"href":"https:\/\/yotavis.ch\/pl\/wp-json\/wp\/v2\/comments?post=3649"}],"wp:featuredmedia":[{"embeddable":true,"href":"https:\/\/yotavis.ch\/pl\/wp-json\/wp\/v2\/media\/5238"}],"wp:attachment":[{"href":"https:\/\/yotavis.ch\/pl\/wp-json\/wp\/v2\/media?parent=3649"}],"wp:term":[{"taxonomy":"product_brand","embeddable":true,"href":"https:\/\/yotavis.ch\/pl\/wp-json\/wp\/v2\/product_brand?post=3649"},{"taxonomy":"product_cat","embeddable":true,"href":"https:\/\/yotavis.ch\/pl\/wp-json\/wp\/v2\/product_cat?post=3649"},{"taxonomy":"product_tag","embeddable":true,"href":"https:\/\/yotavis.ch\/pl\/wp-json\/wp\/v2\/product_tag?post=3649"}],"curies":[{"name":"wp","href":"https:\/\/api.w.org\/{rel}","templated":true}]}}