{"id":3650,"date":"2025-10-09T00:00:00","date_gmt":"2025-10-08T22:00:00","guid":{"rendered":"https:\/\/yotavis.ch\/product\/ant-da13\/"},"modified":"2026-04-24T13:28:14","modified_gmt":"2026-04-24T11:28:14","slug":"ant-da13","status":"publish","type":"product","link":"https:\/\/yotavis.ch\/pl\/produkt\/ant-da13\/","title":{"rendered":"ANT-DA13"},"content":{"rendered":"<p>ANT-DA13 firmy Siglent posiada uchwyt wzmacniacza i anten\u0119, kt\u00f3ra dzia\u0142a w zakresie cz\u0119stotliwo\u015bci od 500 MHz do 8 GHz. Typowy zysk anteny wynosi 10dB, a wsp\u00f3\u0142czynnik fali stoj\u0105cej (SWR) jest mniejszy ni\u017c 1:1,9, co wskazuje na wydajn\u0105 transmisj\u0119 sygna\u0142u. Antena zosta\u0142a zaprojektowana z impedancj\u0105 50\u03a9 i wykorzystuje z\u0142\u0105cze \u017ce\u0144skie typu N. Obs\u0142uguje zar\u00f3wno poziomy, jak i pionowy kierunek polaryzacji, umo\u017cliwiaj\u0105c wszechstronne konfiguracje odbioru i transmisji sygna\u0142u. Antena ta jest odpowiednia do zastosowa\u0144 wymagaj\u0105cych szerokiego zakresu cz\u0119stotliwo\u015bci i niezawodnej wydajno\u015bci wzmocnienia. Konstrukcja zapewnia kompatybilno\u015b\u0107 z r\u00f3\u017cnymi systemami RF wykorzystuj\u0105cymi z\u0142\u0105cza typu N. W\u0142\u0105czenie uchwytu wzmacniacza sugeruje \u0142atwo\u015b\u0107 u\u017cytkowania i zwi\u0119kszon\u0105 si\u0142\u0119 sygna\u0142u podczas pracy.<\/p>","protected":false},"excerpt":{"rendered":"<p>Zawiera uchwyt wzmacniacza i anten\u0119 500 MHz ~ 8 GHz. Zysk anteny 10dB (warto\u015b\u0107 typowa); SWR &lt;1_1,9 (warto\u015b\u0107 typowa); typ 50\u03a9\/N, \u017ce\u0144ski; kierunek polaryzacji poziomy i pionowy\n<\/p>","protected":false},"featured_media":5244,"comment_status":"closed","ping_status":"closed","template":"","meta":{"_acf_changed":false,"slim_seo":{"title":"ANT-DA13 - YOTAVIS AG","description":"Zawiera uchwyt wzmacniacza i anten\u0119 500 MHz ~ 8 GHz. Zysk anteny 10dB (warto\u015b\u0107 typowa); SWR <1_1.9 (typical value); 50\u03a9\/N type, female; polarization direction h"}},"product_brand":[506],"product_cat":[526,527],"product_tag":[],"class_list":{"0":"post-3650","1":"product","2":"type-product","3":"status-publish","4":"has-post-thumbnail","6":"product_brand-siglent","7":"product_cat-accessories","8":"product_cat-antenna-en","10":"first","11":"instock","12":"taxable","13":"shipping-taxable","14":"purchasable","15":"product-type-simple"},"acf":[],"_links":{"self":[{"href":"https:\/\/yotavis.ch\/pl\/wp-json\/wp\/v2\/product\/3650","targetHints":{"allow":["GET"]}}],"collection":[{"href":"https:\/\/yotavis.ch\/pl\/wp-json\/wp\/v2\/product"}],"about":[{"href":"https:\/\/yotavis.ch\/pl\/wp-json\/wp\/v2\/types\/product"}],"replies":[{"embeddable":true,"href":"https:\/\/yotavis.ch\/pl\/wp-json\/wp\/v2\/comments?post=3650"}],"wp:featuredmedia":[{"embeddable":true,"href":"https:\/\/yotavis.ch\/pl\/wp-json\/wp\/v2\/media\/5244"}],"wp:attachment":[{"href":"https:\/\/yotavis.ch\/pl\/wp-json\/wp\/v2\/media?parent=3650"}],"wp:term":[{"taxonomy":"product_brand","embeddable":true,"href":"https:\/\/yotavis.ch\/pl\/wp-json\/wp\/v2\/product_brand?post=3650"},{"taxonomy":"product_cat","embeddable":true,"href":"https:\/\/yotavis.ch\/pl\/wp-json\/wp\/v2\/product_cat?post=3650"},{"taxonomy":"product_tag","embeddable":true,"href":"https:\/\/yotavis.ch\/pl\/wp-json\/wp\/v2\/product_tag?post=3650"}],"curies":[{"name":"wp","href":"https:\/\/api.w.org\/{rel}","templated":true}]}}