{"id":3651,"date":"2025-10-09T00:00:00","date_gmt":"2025-10-08T22:00:00","guid":{"rendered":"https:\/\/yotavis.ch\/product\/f503me\/"},"modified":"2026-04-24T13:28:17","modified_gmt":"2026-04-24T11:28:17","slug":"f503me","status":"publish","type":"product","link":"https:\/\/yotavis.ch\/pl\/produkt\/f503me\/","title":{"rendered":"F503ME"},"content":{"rendered":"<p>Zestaw do kalibracji mechanicznej Siglent F503ME jest przeznaczony do kalibracji OSLT i dzia\u0142a w zakresie cz\u0119stotliwo\u015bci od DC do 4,5 GHz. Posiada z\u0142\u0105cze N-Male, zapewniaj\u0105ce kompatybilno\u015b\u0107 z r\u00f3\u017cnymi urz\u0105dzeniami testowymi. Ten zestaw kalibracyjny ma na celu zapewnienie precyzyjnej kalibracji mechanicznej dla urz\u0105dze\u0144 wymagaj\u0105cych dok\u0142adnych pomiar\u00f3w cz\u0119stotliwo\u015bci i sygna\u0142u. Zestaw obs\u0142uguje zadania kalibracyjne, kt\u00f3re obejmuj\u0105 standardy otwarcia, zwarcia, obci\u0105\u017cenia i przej\u015bcia, kt\u00f3re s\u0105 niezb\u0119dne do kalibracji wektorowego analizatora sieci. Zakres cz\u0119stotliwo\u015bci do 4,5 GHz sprawia, \u017ce nadaje si\u0119 on do szerokiej gamy zastosowa\u0144 RF. Typ z\u0142\u0105cza N-Male jest powszechnie stosowany w \u015brodowiskach testowych RF, zapewniaj\u0105c niezawodne i sp\u00f3jne po\u0142\u0105czenia. Ten produkt jest cz\u0119\u015bci\u0105 linii narz\u0119dzi kalibracyjnych Siglent, znanych z ich zastosowania w profesjonalnych testach i konfiguracjach pomiarowych.<\/p>","protected":false},"excerpt":{"rendered":"<p>Mechanical Calibration Kit: OSLT, DC &#8211; 4.5 GHz, N-Male connector<\/p>","protected":false},"featured_media":5246,"comment_status":"closed","ping_status":"closed","template":"","meta":{"_acf_changed":false,"slim_seo":{"title":"F503ME - YOTAVIS AG","description":"Zestaw do kalibracji mechanicznej: OSLT, DC - 4,5 GHz, z\u0142\u0105cze N-M\u0119skie"}},"product_brand":[506],"product_cat":[526,528],"product_tag":[],"class_list":{"0":"post-3651","1":"product","2":"type-product","3":"status-publish","4":"has-post-thumbnail","6":"product_brand-siglent","7":"product_cat-accessories","8":"product_cat-calibration-kits","9":"pa_connector-type-n","11":"first","12":"instock","13":"taxable","14":"shipping-taxable","15":"purchasable","16":"product-type-simple"},"acf":[],"_links":{"self":[{"href":"https:\/\/yotavis.ch\/pl\/wp-json\/wp\/v2\/product\/3651","targetHints":{"allow":["GET"]}}],"collection":[{"href":"https:\/\/yotavis.ch\/pl\/wp-json\/wp\/v2\/product"}],"about":[{"href":"https:\/\/yotavis.ch\/pl\/wp-json\/wp\/v2\/types\/product"}],"replies":[{"embeddable":true,"href":"https:\/\/yotavis.ch\/pl\/wp-json\/wp\/v2\/comments?post=3651"}],"wp:featuredmedia":[{"embeddable":true,"href":"https:\/\/yotavis.ch\/pl\/wp-json\/wp\/v2\/media\/5246"}],"wp:attachment":[{"href":"https:\/\/yotavis.ch\/pl\/wp-json\/wp\/v2\/media?parent=3651"}],"wp:term":[{"taxonomy":"product_brand","embeddable":true,"href":"https:\/\/yotavis.ch\/pl\/wp-json\/wp\/v2\/product_brand?post=3651"},{"taxonomy":"product_cat","embeddable":true,"href":"https:\/\/yotavis.ch\/pl\/wp-json\/wp\/v2\/product_cat?post=3651"},{"taxonomy":"product_tag","embeddable":true,"href":"https:\/\/yotavis.ch\/pl\/wp-json\/wp\/v2\/product_tag?post=3651"}],"curies":[{"name":"wp","href":"https:\/\/api.w.org\/{rel}","templated":true}]}}