{"id":3666,"date":"2025-10-09T00:00:00","date_gmt":"2025-10-08T22:00:00","guid":{"rendered":"https:\/\/yotavis.ch\/product\/spa1010\/"},"modified":"2026-04-24T13:28:30","modified_gmt":"2026-04-24T11:28:30","slug":"spa1010","status":"publish","type":"product","link":"https:\/\/yotavis.ch\/pl\/produkt\/spa1010\/","title":{"rendered":"SPA1010"},"content":{"rendered":"<p>The SPA1010 features an output power of 10W typical and an input impedance of 15k\u03a9. It accepts input voltages of +\/- 6.5V Vpp at a gain of X1 and +\/- 1.3V at a gain of X10. The device supports gain switching between 10V\/1V and 10V\/10V settings. Its output voltage reaches 25.4 Vpp with an output current of 1.12 A. The slew rate is rated at 90 V\/\u03bcs or higher, ensuring rapid voltage changes. Overshoot is maintained at 4% or less. This product is designed to work with SIGLENT generators and is branded by Siglent.<\/p>","protected":false},"excerpt":{"rendered":"<p>Moc wyj\u015bciowa: 10 W (typowo); Impedancja wej\u015bciowa: 15 k\u03a9; Wej\u015bcie: +\/- 6,5V Vpp(Gain:X1); +\/- 1,3V (Gain:X10); Wzmocnienie: Prze\u0142\u0105czanie 10V\/1V i 10V\/10V; Napi\u0119cie wyj\u015bciowe: 25,4 Vpp; Pr\u0105d wyj\u015bciowy: 1,12 A; Slew Rate: \u2265 90 V\/\u03bcs; Overshoot: \u2264 4%. Wsp\u00f3\u0142praca z generatorem SIGLENT.<\/p>","protected":false},"featured_media":5279,"comment_status":"closed","ping_status":"closed","template":"","meta":{"_acf_changed":false,"slim_seo":{"title":"SPA1010 - YOTAVIS AG","description":"Output Power: 10W (typical); Input Impedance: 15k\u03a9; Input: +\/- 6.5V Vpp(Gain:X1); +\/- 1.3V (Gain:X10); Gain: Switching in 10V\/1V and 10V\/10V; Output Voltage: 25"}},"product_brand":[506],"product_cat":[526,531],"product_tag":[],"class_list":{"0":"post-3666","1":"product","2":"type-product","3":"status-publish","4":"has-post-thumbnail","6":"product_brand-siglent","7":"product_cat-accessories","8":"product_cat-rf-amplifier-attenuator-converter","10":"first","11":"instock","12":"taxable","13":"shipping-taxable","14":"purchasable","15":"product-type-simple"},"acf":[],"_links":{"self":[{"href":"https:\/\/yotavis.ch\/pl\/wp-json\/wp\/v2\/product\/3666","targetHints":{"allow":["GET"]}}],"collection":[{"href":"https:\/\/yotavis.ch\/pl\/wp-json\/wp\/v2\/product"}],"about":[{"href":"https:\/\/yotavis.ch\/pl\/wp-json\/wp\/v2\/types\/product"}],"replies":[{"embeddable":true,"href":"https:\/\/yotavis.ch\/pl\/wp-json\/wp\/v2\/comments?post=3666"}],"wp:featuredmedia":[{"embeddable":true,"href":"https:\/\/yotavis.ch\/pl\/wp-json\/wp\/v2\/media\/5279"}],"wp:attachment":[{"href":"https:\/\/yotavis.ch\/pl\/wp-json\/wp\/v2\/media?parent=3666"}],"wp:term":[{"taxonomy":"product_brand","embeddable":true,"href":"https:\/\/yotavis.ch\/pl\/wp-json\/wp\/v2\/product_brand?post=3666"},{"taxonomy":"product_cat","embeddable":true,"href":"https:\/\/yotavis.ch\/pl\/wp-json\/wp\/v2\/product_cat?post=3666"},{"taxonomy":"product_tag","embeddable":true,"href":"https:\/\/yotavis.ch\/pl\/wp-json\/wp\/v2\/product_tag?post=3666"}],"curies":[{"name":"wp","href":"https:\/\/api.w.org\/{rel}","templated":true}]}}