{"id":3670,"date":"2025-10-09T00:00:00","date_gmt":"2025-10-08T22:00:00","guid":{"rendered":"https:\/\/yotavis.ch\/product\/tpa10\/"},"modified":"2026-04-24T13:31:21","modified_gmt":"2026-04-24T11:31:21","slug":"tpa10","status":"publish","type":"product","link":"https:\/\/yotavis.ch\/pl\/produkt\/tpa10\/","title":{"rendered":"TPA10"},"content":{"rendered":"<p>TPA10 to adapter sond TekProbe do ProBus wyprodukowany przez Teledyne Lecroy Adapter ten zosta\u0142 zaprojektowany w celu u\u0142atwienia po\u0142\u0105czenia mi\u0119dzy systemami sond TekProbe i ProBus, umo\u017cliwiaj\u0105c kompatybilno\u015b\u0107 i integracj\u0119 w konfiguracjach testowych S\u0142u\u017cy jako element interfejsu, kt\u00f3ry pozwala u\u017cytkownikom \u0142\u0105czy\u0107 sondy z r\u00f3\u017cnych system\u00f3w bez potrzeby dodatkowych modyfikacji lub adapter\u00f3w Produkt jest cz\u0119\u015bci\u0105 gamy akcesori\u00f3w testowych Teledyne Lecroy, TPA10 pomaga usprawni\u0107 proces prze\u0142\u0105czania mi\u0119dzy typami sond, dzi\u0119ki czemu jest przydatnym narz\u0119dziem dla in\u017cynier\u00f3w i technik\u00f3w pracuj\u0105cych z r\u00f3\u017cnymi przyrz\u0105dami pomiarowymi Jego konstrukcja zapewnia bezpieczne i stabilne po\u0142\u0105czenia, kt\u00f3re s\u0105 niezb\u0119dne do dok\u0142adnej akwizycji i analizy sygna\u0142u Adapter ten wspomaga wydajny przep\u0142yw pracy w \u015brodowiskach, w kt\u00f3rych u\u017cywanych jest wiele system\u00f3w sond.<\/p>","protected":false},"excerpt":{"rendered":"<p>Adapter sondy TekProbe do ProBus<\/p>","protected":false},"featured_media":5286,"comment_status":"closed","ping_status":"closed","template":"","meta":{"_acf_changed":false,"slim_seo":{"title":"TPA10 - YOTAVIS AG","description":"Adapter sondy TekProbe do ProBus"}},"product_brand":[542],"product_cat":[526,529],"product_tag":[],"class_list":{"0":"post-3670","1":"product","2":"type-product","3":"status-publish","4":"has-post-thumbnail","6":"product_brand-lecroy","7":"product_cat-accessories","8":"product_cat-adaptors","9":"pa_imax-ac-a-1019","11":"first","12":"instock","13":"taxable","14":"shipping-taxable","15":"purchasable","16":"product-type-simple"},"acf":[],"_links":{"self":[{"href":"https:\/\/yotavis.ch\/pl\/wp-json\/wp\/v2\/product\/3670","targetHints":{"allow":["GET"]}}],"collection":[{"href":"https:\/\/yotavis.ch\/pl\/wp-json\/wp\/v2\/product"}],"about":[{"href":"https:\/\/yotavis.ch\/pl\/wp-json\/wp\/v2\/types\/product"}],"replies":[{"embeddable":true,"href":"https:\/\/yotavis.ch\/pl\/wp-json\/wp\/v2\/comments?post=3670"}],"wp:featuredmedia":[{"embeddable":true,"href":"https:\/\/yotavis.ch\/pl\/wp-json\/wp\/v2\/media\/5286"}],"wp:attachment":[{"href":"https:\/\/yotavis.ch\/pl\/wp-json\/wp\/v2\/media?parent=3670"}],"wp:term":[{"taxonomy":"product_brand","embeddable":true,"href":"https:\/\/yotavis.ch\/pl\/wp-json\/wp\/v2\/product_brand?post=3670"},{"taxonomy":"product_cat","embeddable":true,"href":"https:\/\/yotavis.ch\/pl\/wp-json\/wp\/v2\/product_cat?post=3670"},{"taxonomy":"product_tag","embeddable":true,"href":"https:\/\/yotavis.ch\/pl\/wp-json\/wp\/v2\/product_tag?post=3670"}],"curies":[{"name":"wp","href":"https:\/\/api.w.org\/{rel}","templated":true}]}}