{"id":3678,"date":"2025-10-09T00:00:00","date_gmt":"2025-10-08T22:00:00","guid":{"rendered":"https:\/\/yotavis.ch\/product\/pp510\/"},"modified":"2026-04-24T13:28:36","modified_gmt":"2026-04-24T11:28:36","slug":"pp510","status":"publish","type":"product","link":"https:\/\/yotavis.ch\/pl\/produkt\/pp510\/","title":{"rendered":"PP510"},"content":{"rendered":"<p>Siglent PP510 charakteryzuje si\u0119 t\u0142umieniem 1X\/10X z warto\u015bciami pojemno\u015bci 85pF i 18pF oraz opcjami rezystancji wej\u015bciowej 1M\u03a9 i 10M\u03a9. Dzia\u0142a skutecznie w zakresie cz\u0119stotliwo\u015bci do 100 MHz i obs\u0142uguje szeroko\u015b\u0107 pasma 100 MHz. Urz\u0105dzenie zosta\u0142o zaprojektowane do obs\u0142ugi napi\u0119\u0107 do 300 V i 600 V, dzi\u0119ki czemu nadaje si\u0119 do r\u00f3\u017cnych scenariuszy pomiarowych. Zakres temperatur pracy wynosi od -15 do 75 stopni Celsjusza, co pozwala na prac\u0119 w r\u00f3\u017cnych warunkach \u015brodowiskowych. PP510 jest wyposa\u017cony w uniwersalny interfejs, zwi\u0119kszaj\u0105cy jego kompatybilno\u015b\u0107 z r\u00f3\u017cnymi systemami. Produkt ten \u0142\u0105czy w sobie precyzyjn\u0105 charakterystyk\u0119 elektryczn\u0105 z solidn\u0105 obs\u0142ug\u0105 napi\u0119cia i tolerancj\u0105 temperatury.<\/p>","protected":false},"excerpt":{"rendered":"<p>T\u0142umienie 1X\/10X, 85\/18pf, 1M\/10Mohm, 6M\/100MHz, 300V\/600V, temperatura pracy -15 do 75 stopni<\/p>","protected":false},"featured_media":5732,"comment_status":"closed","ping_status":"closed","template":"","meta":{"_acf_changed":false,"slim_seo":{"title":"PP510 - YOTAVIS AG","description":"T\u0142umienie 1X\/10X, 85\/18pf, 1M\/10Mohm, 6M\/100MHz, 300V\/600V, temperatura pracy -15 do 75 stopni"}},"product_brand":[506],"product_cat":[534,509],"product_tag":[],"class_list":{"0":"post-3678","1":"product","2":"type-product","3":"status-publish","4":"has-post-thumbnail","6":"product_brand-siglent","7":"product_cat-passives-probes-en","8":"product_cat-probes-en","9":"pa_bandwidth-mhz-90","10":"pa_interface-universal","11":"pa_voltage-max-v-204","13":"first","14":"instock","15":"taxable","16":"shipping-taxable","17":"purchasable","18":"product-type-simple"},"acf":[],"_links":{"self":[{"href":"https:\/\/yotavis.ch\/pl\/wp-json\/wp\/v2\/product\/3678","targetHints":{"allow":["GET"]}}],"collection":[{"href":"https:\/\/yotavis.ch\/pl\/wp-json\/wp\/v2\/product"}],"about":[{"href":"https:\/\/yotavis.ch\/pl\/wp-json\/wp\/v2\/types\/product"}],"replies":[{"embeddable":true,"href":"https:\/\/yotavis.ch\/pl\/wp-json\/wp\/v2\/comments?post=3678"}],"wp:featuredmedia":[{"embeddable":true,"href":"https:\/\/yotavis.ch\/pl\/wp-json\/wp\/v2\/media\/5732"}],"wp:attachment":[{"href":"https:\/\/yotavis.ch\/pl\/wp-json\/wp\/v2\/media?parent=3678"}],"wp:term":[{"taxonomy":"product_brand","embeddable":true,"href":"https:\/\/yotavis.ch\/pl\/wp-json\/wp\/v2\/product_brand?post=3678"},{"taxonomy":"product_cat","embeddable":true,"href":"https:\/\/yotavis.ch\/pl\/wp-json\/wp\/v2\/product_cat?post=3678"},{"taxonomy":"product_tag","embeddable":true,"href":"https:\/\/yotavis.ch\/pl\/wp-json\/wp\/v2\/product_tag?post=3678"}],"curies":[{"name":"wp","href":"https:\/\/api.w.org\/{rel}","templated":true}]}}