{"id":3683,"date":"2025-10-09T00:00:00","date_gmt":"2025-10-08T22:00:00","guid":{"rendered":"https:\/\/yotavis.ch\/product\/sp5050a\/"},"modified":"2026-04-24T13:28:38","modified_gmt":"2026-04-24T11:28:38","slug":"sp5050a","status":"publish","type":"product","link":"https:\/\/yotavis.ch\/pl\/produkt\/sp5050a\/","title":{"rendered":"SP5050A"},"content":{"rendered":"<p>SP5050A firmy Siglent charakteryzuje si\u0119 10-krotnym t\u0142umieniem przy pojemno\u015bci 12pf i rezystancji wej\u015bciowej 10Mohm. Pracuje z szeroko\u015bci\u0105 pasma 500 MHz i obs\u0142uguje maksymalne napi\u0119cie 300 V. Urz\u0105dzenie zawiera uniwersalny interfejs, pozwalaj\u0105cy na wszechstronne opcje \u0142\u0105czno\u015bci. Specyfikacje te wskazuj\u0105 na jego przydatno\u015b\u0107 do zastosowa\u0144 wymagaj\u0105cych precyzyjnego t\u0142umienia sygna\u0142u i pomiaru w ramach okre\u015blonych parametr\u00f3w elektrycznych.<\/p>","protected":false},"excerpt":{"rendered":"<p>T\u0142umienie 10X, 12pf, 10Mohm,<\/p>","protected":false},"featured_media":5740,"comment_status":"closed","ping_status":"closed","template":"","meta":{"_acf_changed":false,"slim_seo":{"title":"SP5050A - YOTAVIS AG","description":"T\u0142umienie 10X, 12pf, 10Mohm,"}},"product_brand":[506],"product_cat":[534,509],"product_tag":[],"class_list":{"0":"post-3683","1":"product","2":"type-product","3":"status-publish","4":"has-post-thumbnail","6":"product_brand-siglent","7":"product_cat-passives-probes-en","8":"product_cat-probes-en","9":"pa_bandwidth-mhz-83","10":"pa_interface-universal","11":"pa_voltage-max-v-209","13":"first","14":"instock","15":"taxable","16":"shipping-taxable","17":"purchasable","18":"product-type-simple"},"acf":[],"_links":{"self":[{"href":"https:\/\/yotavis.ch\/pl\/wp-json\/wp\/v2\/product\/3683","targetHints":{"allow":["GET"]}}],"collection":[{"href":"https:\/\/yotavis.ch\/pl\/wp-json\/wp\/v2\/product"}],"about":[{"href":"https:\/\/yotavis.ch\/pl\/wp-json\/wp\/v2\/types\/product"}],"replies":[{"embeddable":true,"href":"https:\/\/yotavis.ch\/pl\/wp-json\/wp\/v2\/comments?post=3683"}],"wp:featuredmedia":[{"embeddable":true,"href":"https:\/\/yotavis.ch\/pl\/wp-json\/wp\/v2\/media\/5740"}],"wp:attachment":[{"href":"https:\/\/yotavis.ch\/pl\/wp-json\/wp\/v2\/media?parent=3683"}],"wp:term":[{"taxonomy":"product_brand","embeddable":true,"href":"https:\/\/yotavis.ch\/pl\/wp-json\/wp\/v2\/product_brand?post=3683"},{"taxonomy":"product_cat","embeddable":true,"href":"https:\/\/yotavis.ch\/pl\/wp-json\/wp\/v2\/product_cat?post=3683"},{"taxonomy":"product_tag","embeddable":true,"href":"https:\/\/yotavis.ch\/pl\/wp-json\/wp\/v2\/product_tag?post=3683"}],"curies":[{"name":"wp","href":"https:\/\/api.w.org\/{rel}","templated":true}]}}