{"id":3688,"date":"2025-10-09T00:00:00","date_gmt":"2025-10-08T22:00:00","guid":{"rendered":"https:\/\/yotavis.ch\/product\/cpl5100\/"},"modified":"2026-04-24T13:28:40","modified_gmt":"2026-04-24T11:28:40","slug":"cpl5100","status":"publish","type":"product","link":"https:\/\/yotavis.ch\/pl\/produkt\/cpl5100\/","title":{"rendered":"CPL5100"},"content":{"rendered":"<p>CPL5100 pracuje w pa\u015bmie od DC do 600 kHz, obs\u0142uguj\u0105c zakres pr\u0105dowy z dwoma poziomami: niskim (L) od 50 mA do 10 A warto\u015bci szczytowej i wysokim (H) od 1 A do 100 A warto\u015bci szczytowej. Dok\u0142adno\u015b\u0107 t\u0142umienia wynosi 0,1 V\/A dla zakresu niskiego i 0,01 V\/A dla zakresu wysokiego. Typowa precyzja DC r\u00f3\u017cni si\u0119 w zale\u017cno\u015bci od zakresu pr\u0105du, przy czym niski zakres oferuje 3% \u00b1 50mA, a wysoki zakres zapewnia 4% \u00b1 50mA dla pr\u0105d\u00f3w od 500mA do 40A warto\u015bci szczytowej i maksymalnie \u00b115% dla pr\u0105d\u00f3w od 40A do 100A warto\u015bci szczytowej. Urz\u0105dzenie charakteryzuje si\u0119 czasem narastania mniejszym lub r\u00f3wnym 583 nanosekund. Dzia\u0142a z napi\u0119ciem znamionowym RMS CATI 600V, CATII 600V i CATIII 300V. Zasilany jest z alkalicznej baterii warstwowej 9V, kt\u00f3ra zapewnia oko\u0142o 15 godzin pracy. Produkt jest produkowany przez Siglent i posiada uniwersalny interfejs.<\/p>","protected":false},"excerpt":{"rendered":"<p>Szeroko\u015b\u0107 pasma: DC-600 kHz; Zakres pr\u0105du: L(50mA~10A Peak), H(1A~100A Peak); Dok\u0142adno\u015b\u0107 t\u0142umienia L(0.1V\/A), H(0.01V\/A); Typowa precyzja DC: L(3%\u00b150mA),H(500mA~40A Peak \uff1a4%\u00b150mA\uff1b40A~100A Peak \uff1a\u00b115% Maximum); Czas narastania: \u2264583ns; Napi\u0119cie pracy RMS: CATI 600V CATII 600V CATIII 300V; 9V alkaliczna bateria warstwowa\/ 15H<\/p>","protected":false},"featured_media":5750,"comment_status":"closed","ping_status":"closed","template":"","meta":{"_acf_changed":false,"slim_seo":{"title":"CPL5100 - YOTAVIS AG","description":"Bandwidth: DC-600 kHz ; Current Range: L(50mA~10A Peak), H(1A~100A Peak); Attenuation accuracy L(0.1V\/A), H(0.01V\/A); Typical DC precision: L(3%\u00b150mA),H(500mA~4"}},"product_brand":[506],"product_cat":[536,509],"product_tag":[],"class_list":{"0":"post-3688","1":"product","2":"type-product","3":"status-publish","4":"has-post-thumbnail","6":"product_brand-siglent","7":"product_cat-current-probes-en","8":"product_cat-probes-en","9":"pa_bandwidth-mhz-0-6","10":"pa_current-max-a-445","11":"pa_interface-universal","13":"first","14":"instock","15":"taxable","16":"shipping-taxable","17":"purchasable","18":"product-type-simple"},"acf":[],"_links":{"self":[{"href":"https:\/\/yotavis.ch\/pl\/wp-json\/wp\/v2\/product\/3688","targetHints":{"allow":["GET"]}}],"collection":[{"href":"https:\/\/yotavis.ch\/pl\/wp-json\/wp\/v2\/product"}],"about":[{"href":"https:\/\/yotavis.ch\/pl\/wp-json\/wp\/v2\/types\/product"}],"replies":[{"embeddable":true,"href":"https:\/\/yotavis.ch\/pl\/wp-json\/wp\/v2\/comments?post=3688"}],"wp:featuredmedia":[{"embeddable":true,"href":"https:\/\/yotavis.ch\/pl\/wp-json\/wp\/v2\/media\/5750"}],"wp:attachment":[{"href":"https:\/\/yotavis.ch\/pl\/wp-json\/wp\/v2\/media?parent=3688"}],"wp:term":[{"taxonomy":"product_brand","embeddable":true,"href":"https:\/\/yotavis.ch\/pl\/wp-json\/wp\/v2\/product_brand?post=3688"},{"taxonomy":"product_cat","embeddable":true,"href":"https:\/\/yotavis.ch\/pl\/wp-json\/wp\/v2\/product_cat?post=3688"},{"taxonomy":"product_tag","embeddable":true,"href":"https:\/\/yotavis.ch\/pl\/wp-json\/wp\/v2\/product_tag?post=3688"}],"curies":[{"name":"wp","href":"https:\/\/api.w.org\/{rel}","templated":true}]}}