{"id":3691,"date":"2025-10-09T00:00:00","date_gmt":"2025-10-08T22:00:00","guid":{"rendered":"https:\/\/yotavis.ch\/product\/cp4070\/"},"modified":"2026-04-24T13:28:43","modified_gmt":"2026-04-24T11:28:43","slug":"cp4070","status":"publish","type":"product","link":"https:\/\/yotavis.ch\/pl\/produkt\/cp4070\/","title":{"rendered":"CP4070"},"content":{"rendered":"<p>Siglent CP4070 charakteryzuje si\u0119 szeroko\u015bci\u0105 pasma 300 kHz, dzi\u0119ki czemu mo\u017ce skutecznie obs\u0142ugiwa\u0107 sygna\u0142y w tym zakresie cz\u0119stotliwo\u015bci. Obs\u0142uguje maksymalny pr\u0105d ci\u0105g\u0142y 70Arms, zapewniaj\u0105c niezawodn\u0105 prac\u0119 w warunkach d\u0142ugotrwa\u0142ego obci\u0105\u017cenia. Urz\u0105dzenie mo\u017ce obs\u0142ugiwa\u0107 pr\u0105dy szczytowe do 200A, dostosowuj\u0105c si\u0119 do kr\u00f3tkich impuls\u00f3w wy\u017cszego pr\u0105du bez uszkodze\u0144. Oferuje wsp\u00f3\u0142czynniki prze\u0142\u0105czania 50mV\/A i 5mV\/A, zapewniaj\u0105c elastyczno\u015b\u0107 w zakresie czu\u0142o\u015bci pomiaru. Maksymalny pr\u0105d znamionowy wynosi 70 A i zawiera uniwersalny interfejs do \u0142\u0105czno\u015bci. Dodatkowo, szeroko\u015b\u0107 pasma wynosi 0,15 MHz, co wskazuje na mo\u017cliwo\u015b\u0107 przetwarzania sygna\u0142\u00f3w r\u00f3wnie\u017c w tym w\u0119\u017cszym pa\u015bmie cz\u0119stotliwo\u015bci. Specyfikacje te sprawiaj\u0105, \u017ce CP4070 nadaje si\u0119 do zastosowa\u0144 wymagaj\u0105cych precyzyjnego pomiaru i kontroli pr\u0105du w ramach okre\u015blonych parametr\u00f3w elektrycznych.<\/p>","protected":false},"excerpt":{"rendered":"<p>Szeroko\u015b\u0107 pasma: 300kHz; Maksymalny pr\u0105d ci\u0105g\u0142y 70Arms; Pr\u0105d szczytowy 200A; Wsp\u00f3\u0142czynnik prze\u0142\u0105czania\uff1a50mV\/A\u30015mV\/A;<\/p>","protected":false},"featured_media":5757,"comment_status":"closed","ping_status":"closed","template":"","meta":{"_acf_changed":false,"slim_seo":{"title":"CP4070 - YOTAVIS AG","description":"Szeroko\u015b\u0107 pasma: 300kHz; Maksymalny pr\u0105d ci\u0105g\u0142y 70Arms; Pr\u0105d szczytowy 200A; Wsp\u00f3\u0142czynnik prze\u0142\u0105czania\uff1a50mV\/A\u30015mV\/A;"}},"product_brand":[506],"product_cat":[536,509],"product_tag":[],"class_list":{"0":"post-3691","1":"product","2":"type-product","3":"status-publish","4":"has-post-thumbnail","6":"product_brand-siglent","7":"product_cat-current-probes-en","8":"product_cat-probes-en","9":"pa_bandwidth-mhz-0-15","10":"pa_current-max-a-449","11":"pa_interface-universal","13":"first","14":"instock","15":"taxable","16":"shipping-taxable","17":"purchasable","18":"product-type-simple"},"acf":[],"_links":{"self":[{"href":"https:\/\/yotavis.ch\/pl\/wp-json\/wp\/v2\/product\/3691","targetHints":{"allow":["GET"]}}],"collection":[{"href":"https:\/\/yotavis.ch\/pl\/wp-json\/wp\/v2\/product"}],"about":[{"href":"https:\/\/yotavis.ch\/pl\/wp-json\/wp\/v2\/types\/product"}],"replies":[{"embeddable":true,"href":"https:\/\/yotavis.ch\/pl\/wp-json\/wp\/v2\/comments?post=3691"}],"wp:featuredmedia":[{"embeddable":true,"href":"https:\/\/yotavis.ch\/pl\/wp-json\/wp\/v2\/media\/5757"}],"wp:attachment":[{"href":"https:\/\/yotavis.ch\/pl\/wp-json\/wp\/v2\/media?parent=3691"}],"wp:term":[{"taxonomy":"product_brand","embeddable":true,"href":"https:\/\/yotavis.ch\/pl\/wp-json\/wp\/v2\/product_brand?post=3691"},{"taxonomy":"product_cat","embeddable":true,"href":"https:\/\/yotavis.ch\/pl\/wp-json\/wp\/v2\/product_cat?post=3691"},{"taxonomy":"product_tag","embeddable":true,"href":"https:\/\/yotavis.ch\/pl\/wp-json\/wp\/v2\/product_tag?post=3691"}],"curies":[{"name":"wp","href":"https:\/\/api.w.org\/{rel}","templated":true}]}}