{"id":3721,"date":"2025-10-09T00:00:00","date_gmt":"2025-10-08T22:00:00","guid":{"rendered":"https:\/\/yotavis.ch\/product\/sds7604ap\/"},"modified":"2026-04-24T13:29:01","modified_gmt":"2026-04-24T11:29:01","slug":"sds7604ap","status":"publish","type":"product","link":"https:\/\/yotavis.ch\/pl\/produkt\/sds7604ap\/","title":{"rendered":"SDS7604AP"},"content":{"rendered":"<p>Siglent SDS7604AP charakteryzuje si\u0119 maksymaln\u0105 szeroko\u015bci\u0105 pasma 6 GHz i obs\u0142uguje cz\u0119stotliwo\u015b\u0107 pr\u00f3bkowania 20 GSa\/s na wszystkich czterech kana\u0142ach. Ka\u017cdy kana\u0142 jest wyposa\u017cony w 12-bitow\u0105 rozdzielczo\u015b\u0107 pionow\u0105 i g\u0142\u0119boko\u015b\u0107 pami\u0119ci 1 Gpts, co pozwala na szczeg\u00f3\u0142owe przechwytywanie i analiz\u0119 sygna\u0142u. Urz\u0105dzenie zawiera cztery kana\u0142y, zapewniaj\u0105c wiele opcji wej\u015bciowych dla z\u0142o\u017conych pomiar\u00f3w sygna\u0142\u00f3w. Zosta\u0142o ono zaprojektowane z interfejsem dotykowym, zwi\u0119kszaj\u0105cym interakcj\u0119 u\u017cytkownika i kontrol\u0119. G\u0142\u0119boko\u015b\u0107 pami\u0119ci na kana\u0142 wynosi 1000 Mpts, co pozwala na przechowywanie du\u017cej ilo\u015bci danych podczas akwizycji sygna\u0142\u00f3w o d\u0142ugim czasie trwania. Model ten jest cz\u0119\u015bci\u0105 serii SDS7A, zachowuj\u0105c sp\u00f3jno\u015b\u0107 z reszt\u0105 serii pod wzgl\u0119dem wydajno\u015bci i funkcji. Rozdzielczo\u015b\u0107 pionowa wynosi 13 bit\u00f3w, co przyczynia si\u0119 do precyzyjnego odwzorowania sygna\u0142u. Og\u00f3lnie rzecz bior\u0105c, SDS7604AP \u0142\u0105czy w sobie wysok\u0105 przepustowo\u015b\u0107, szybkie cz\u0119stotliwo\u015bci pr\u00f3bkowania i znaczn\u0105 g\u0142\u0119boko\u015b\u0107 pami\u0119ci w wielu kana\u0142ach z przyjaznym dla u\u017cytkownika interfejsem z ekranem dotykowym.<\/p>","protected":false},"excerpt":{"rendered":"<p>6 GHz, 20 GSa\/s @ wszystkie kana\u0142y, 4-CH, 12-bit, 1 Gpts\/CH, reszta jak SDS7A<\/p>","protected":false},"featured_media":6278,"comment_status":"closed","ping_status":"closed","template":"","meta":{"_acf_changed":false,"slim_seo":{"title":"SDS7604AP - YOTAVIS AG","description":"6 GHz, 20 GSa\/s @ wszystkie kana\u0142y, 4-CH, 12-bit, 1 Gpts\/CH, reszta jak SDS7A"}},"product_brand":[506],"product_cat":[508,507],"product_tag":[],"class_list":{"0":"post-3721","1":"product","2":"type-product","3":"status-publish","4":"has-post-thumbnail","6":"product_brand-siglent","7":"product_cat-desktop-en","8":"product_cat-oscilloscope","9":"pa_bandwidth-mhz-233","10":"pa_channels-338","11":"pa_digital-channels-opt","12":"pa_memory-depht-mpts-235","13":"pa_sampling-rate-channels-ms-s-456","14":"pa_touch-screen-yes","15":"pa_vertical-resolution-bits-457","17":"first","18":"instock","19":"taxable","20":"shipping-taxable","21":"purchasable","22":"product-type-simple"},"acf":[],"_links":{"self":[{"href":"https:\/\/yotavis.ch\/pl\/wp-json\/wp\/v2\/product\/3721","targetHints":{"allow":["GET"]}}],"collection":[{"href":"https:\/\/yotavis.ch\/pl\/wp-json\/wp\/v2\/product"}],"about":[{"href":"https:\/\/yotavis.ch\/pl\/wp-json\/wp\/v2\/types\/product"}],"replies":[{"embeddable":true,"href":"https:\/\/yotavis.ch\/pl\/wp-json\/wp\/v2\/comments?post=3721"}],"wp:featuredmedia":[{"embeddable":true,"href":"https:\/\/yotavis.ch\/pl\/wp-json\/wp\/v2\/media\/6278"}],"wp:attachment":[{"href":"https:\/\/yotavis.ch\/pl\/wp-json\/wp\/v2\/media?parent=3721"}],"wp:term":[{"taxonomy":"product_brand","embeddable":true,"href":"https:\/\/yotavis.ch\/pl\/wp-json\/wp\/v2\/product_brand?post=3721"},{"taxonomy":"product_cat","embeddable":true,"href":"https:\/\/yotavis.ch\/pl\/wp-json\/wp\/v2\/product_cat?post=3721"},{"taxonomy":"product_tag","embeddable":true,"href":"https:\/\/yotavis.ch\/pl\/wp-json\/wp\/v2\/product_tag?post=3721"}],"curies":[{"name":"wp","href":"https:\/\/api.w.org\/{rel}","templated":true}]}}