{"id":3728,"date":"2025-10-09T00:00:00","date_gmt":"2025-10-08T22:00:00","guid":{"rendered":"https:\/\/yotavis.ch\/product\/sap5-dsi50\/"},"modified":"2026-04-24T13:29:16","modified_gmt":"2026-04-24T11:29:16","slug":"sap5-dsi50","status":"publish","type":"product","link":"https:\/\/yotavis.ch\/pl\/produkt\/sap5-dsi50\/","title":{"rendered":"SAP5-DSI50"},"content":{"rendered":"<p>Zestaw SAP5-DSI50 firmy Siglent zawiera jedn\u0105 wlutowan\u0105 g\u0142owic\u0119 DSI-50, dwadzie\u015bcia rezystor\u00f3w o\u0142owiowych i jeden metr srebrnego drutu. Zestaw ten zapewnia niezb\u0119dne komponenty do monta\u017cu elektronicznego lub zada\u0144 naprawczych. G\u0142owica lutownicza DSI-50 zosta\u0142a zaprojektowana z my\u015bl\u0105 o bezpiecznych i niezawodnych po\u0142\u0105czeniach, podczas gdy rezystory o\u0142owiowe oferuj\u0105 precyzyjne warto\u015bci rezystancji dla funkcjonalno\u015bci obwodu. Do\u0142\u0105czony srebrny przew\u00f3d nadaje si\u0119 do wykonywania wysokiej jako\u015bci po\u0142\u0105cze\u0144 elektrycznych, zapewniaj\u0105c dobr\u0105 przewodno\u015b\u0107. Ka\u017cdy komponent zosta\u0142 starannie dobrany, aby spe\u0142ni\u0107 okre\u015blone wymagania techniczne, dzi\u0119ki czemu zestaw jest praktycznym wyborem do r\u00f3\u017cnych zastosowa\u0144. Po\u0142\u0105czenie tych cz\u0119\u015bci wspomaga wydajn\u0105 i efektywn\u0105 prac\u0119 elektronika bez konieczno\u015bci stosowania dodatkowych materia\u0142\u00f3w. Ten produkt jest dostosowany do u\u017cytkownik\u00f3w, kt\u00f3rzy potrzebuj\u0105 tych konkretnych komponent\u00f3w w jednym wygodnym pakiecie.<\/p>","protected":false},"excerpt":{"rendered":"<p>Zawiera 1 wlutowan\u0105 g\u0142owic\u0119 DSI-50, 20 rezystor\u00f3w o\u0142owiowych, 1 metr srebrnego przewodu.<\/p>","protected":false},"featured_media":6296,"comment_status":"closed","ping_status":"closed","template":"","meta":{"_acf_changed":false,"slim_seo":{"title":"SAP5-DSI50 - YOTAVIS AG","description":"Zawiera 1 wlutowan\u0105 g\u0142owic\u0119 DSI-50, 20 rezystor\u00f3w o\u0142owiowych, 1 metr srebrnego przewodu."}},"product_brand":[506],"product_cat":[510,509],"product_tag":[],"class_list":{"0":"post-3728","1":"product","2":"type-product","3":"status-publish","4":"has-post-thumbnail","6":"product_brand-siglent","7":"product_cat-others-en","8":"product_cat-probes-en","10":"first","11":"instock","12":"taxable","13":"shipping-taxable","14":"purchasable","15":"product-type-simple"},"acf":[],"_links":{"self":[{"href":"https:\/\/yotavis.ch\/pl\/wp-json\/wp\/v2\/product\/3728","targetHints":{"allow":["GET"]}}],"collection":[{"href":"https:\/\/yotavis.ch\/pl\/wp-json\/wp\/v2\/product"}],"about":[{"href":"https:\/\/yotavis.ch\/pl\/wp-json\/wp\/v2\/types\/product"}],"replies":[{"embeddable":true,"href":"https:\/\/yotavis.ch\/pl\/wp-json\/wp\/v2\/comments?post=3728"}],"wp:featuredmedia":[{"embeddable":true,"href":"https:\/\/yotavis.ch\/pl\/wp-json\/wp\/v2\/media\/6296"}],"wp:attachment":[{"href":"https:\/\/yotavis.ch\/pl\/wp-json\/wp\/v2\/media?parent=3728"}],"wp:term":[{"taxonomy":"product_brand","embeddable":true,"href":"https:\/\/yotavis.ch\/pl\/wp-json\/wp\/v2\/product_brand?post=3728"},{"taxonomy":"product_cat","embeddable":true,"href":"https:\/\/yotavis.ch\/pl\/wp-json\/wp\/v2\/product_cat?post=3728"},{"taxonomy":"product_tag","embeddable":true,"href":"https:\/\/yotavis.ch\/pl\/wp-json\/wp\/v2\/product_tag?post=3728"}],"curies":[{"name":"wp","href":"https:\/\/api.w.org\/{rel}","templated":true}]}}