{"id":3739,"date":"2025-10-09T00:00:00","date_gmt":"2025-10-08T22:00:00","guid":{"rendered":"https:\/\/yotavis.ch\/product\/sds6058l\/"},"modified":"2026-04-24T13:29:24","modified_gmt":"2026-04-24T11:29:24","slug":"sds6058l","status":"publish","type":"product","link":"https:\/\/yotavis.ch\/pl\/produkt\/sds6058l\/","title":{"rendered":"SDS6058L"},"content":{"rendered":"<p>SDS6058L to urz\u0105dzenie 2U o 8-bitowej rozdzielczo\u015bci pionowej i szeroko\u015bci pasma 500 MHz. Oferuje 8 kana\u0142\u00f3w, z kt\u00f3rych ka\u017cdy mo\u017ce pr\u00f3bkowa\u0107 z pr\u0119dko\u015bci\u0105 5 GSa\/s, z r\u00f3wnowa\u017cn\u0105 cz\u0119stotliwo\u015bci\u0105 pr\u00f3bkowania 10 GSa\/s w trybie ESR. G\u0142\u0119boko\u015b\u0107 pami\u0119ci na kana\u0142 wynosi 500 Mpts, co pozwala na przechwytywanie du\u017cej ilo\u015bci danych. Model ten obs\u0142uguje przechwytywanie przebieg\u00f3w z szybko\u015bci\u0105 170 000 przebieg\u00f3w na sekund\u0119, co zwi\u0119ksza jego zdolno\u015b\u0107 do analizowania szybkich zmian sygna\u0142u. Zawiera 4 \u015blady MATH i funkcj\u0119 FFT 8 Mpts do zaawansowanego przetwarzania sygna\u0142u. Wyprodukowany przez firm\u0119 Siglent, SDS6058L zosta\u0142 zaprojektowany do obs\u0142ugi szybkiej akwizycji i analizy danych z precyzj\u0105 i wydajno\u015bci\u0105.<\/p>","protected":false},"excerpt":{"rendered":"<p>2U; 8-bit\uff0c500 MHz; 8 channels; 5 GSa\/s (10 GSa\/s ESR) @ each channel; 500Mpts memory depth;  170,000 wfm\/s waveform capture rate; 4 MATH traces, 8 Mpts FFT;<\/p>","protected":false},"featured_media":6329,"comment_status":"closed","ping_status":"closed","template":"","meta":{"_acf_changed":false,"slim_seo":{"title":"SDS6058L - YOTAVIS AG","description":"2U; 8-bit\uff0c500 MHz; 8 kana\u0142\u00f3w; 5 GSa\/s (10 GSa\/s ESR) @ ka\u017cdy kana\u0142; g\u0142\u0119boko\u015b\u0107 pami\u0119ci 500 Mpts; szybko\u015b\u0107 przechwytywania przebieg\u00f3w 170 000 wfm\/s; 4 \u015blady MATH, 8 Mpts FFT;"}},"product_brand":[506],"product_cat":[507,539],"product_tag":[],"class_list":{"0":"post-3739","1":"product","2":"type-product","3":"status-publish","4":"has-post-thumbnail","6":"product_brand-siglent","7":"product_cat-oscilloscope","8":"product_cat-without-screen-en","9":"pa_bandwidth-mhz-83","10":"pa_channels-459","11":"pa_digital-channels-opt","12":"pa_memory-depht-mpts-77","13":"pa_sampling-rate-channels-ms-s-458","14":"pa_touch-screen-no","15":"pa_vertical-resolution-bits-340","17":"first","18":"instock","19":"taxable","20":"shipping-taxable","21":"purchasable","22":"product-type-simple"},"acf":[],"_links":{"self":[{"href":"https:\/\/yotavis.ch\/pl\/wp-json\/wp\/v2\/product\/3739","targetHints":{"allow":["GET"]}}],"collection":[{"href":"https:\/\/yotavis.ch\/pl\/wp-json\/wp\/v2\/product"}],"about":[{"href":"https:\/\/yotavis.ch\/pl\/wp-json\/wp\/v2\/types\/product"}],"replies":[{"embeddable":true,"href":"https:\/\/yotavis.ch\/pl\/wp-json\/wp\/v2\/comments?post=3739"}],"wp:featuredmedia":[{"embeddable":true,"href":"https:\/\/yotavis.ch\/pl\/wp-json\/wp\/v2\/media\/6329"}],"wp:attachment":[{"href":"https:\/\/yotavis.ch\/pl\/wp-json\/wp\/v2\/media?parent=3739"}],"wp:term":[{"taxonomy":"product_brand","embeddable":true,"href":"https:\/\/yotavis.ch\/pl\/wp-json\/wp\/v2\/product_brand?post=3739"},{"taxonomy":"product_cat","embeddable":true,"href":"https:\/\/yotavis.ch\/pl\/wp-json\/wp\/v2\/product_cat?post=3739"},{"taxonomy":"product_tag","embeddable":true,"href":"https:\/\/yotavis.ch\/pl\/wp-json\/wp\/v2\/product_tag?post=3739"}],"curies":[{"name":"wp","href":"https:\/\/api.w.org\/{rel}","templated":true}]}}