{"id":3742,"date":"2025-10-09T00:00:00","date_gmt":"2025-10-08T22:00:00","guid":{"rendered":"https:\/\/yotavis.ch\/product\/sds6054l\/"},"modified":"2026-04-24T13:29:25","modified_gmt":"2026-04-24T11:29:25","slug":"sds6054l","status":"publish","type":"product","link":"https:\/\/yotavis.ch\/pl\/produkt\/sds6054l\/","title":{"rendered":"SDS6054L"},"content":{"rendered":"<p>SDS6054L firmy Siglent to urz\u0105dzenie 1U o 8-bitowej rozdzielczo\u015bci pionowej i szeroko\u015bci pasma 500 MHz w 4 kana\u0142ach. Ka\u017cdy kana\u0142 obs\u0142uguje cz\u0119stotliwo\u015b\u0107 pr\u00f3bkowania 5 GSa\/s, z r\u00f3wnowa\u017cn\u0105 cz\u0119stotliwo\u015bci\u0105 pr\u00f3bkowania 10 GSa\/s w trybie ESR. Przyrz\u0105d oferuje znaczn\u0105 g\u0142\u0119boko\u015b\u0107 pami\u0119ci wynosz\u0105c\u0105 500 Mpts, umo\u017cliwiaj\u0105c szczeg\u00f3\u0142ow\u0105 analiz\u0119 przebieg\u00f3w. Szybko\u015b\u0107 przechwytywania przebieg\u00f3w wynosi 170 000 przebieg\u00f3w na sekund\u0119, co u\u0142atwia szybk\u0105 akwizycj\u0119 danych. Urz\u0105dzenie zawiera 4 \u015blady MATH i obs\u0142uguje 8 Mpts FFT dla zaawansowanego przetwarzania sygna\u0142u. SDS6054L nie posiada interfejsu z ekranem dotykowym. Model ten zosta\u0142 zaprojektowany do obs\u0142ugi szybkich pomiar\u00f3w sygna\u0142\u00f3w z precyzj\u0105 i wydajno\u015bci\u0105.<\/p>","protected":false},"excerpt":{"rendered":"<p>1U; 8-bit\uff0c500 MHz; 4 channels; 5 GSa\/s (10 GSa\/s ESR) @ each channel; 500Mpts memory depth;  170,000 wfm\/s waveform capture rate; 4 MATH traces, 8 Mpts FFT;<\/p>","protected":false},"featured_media":6333,"comment_status":"closed","ping_status":"closed","template":"","meta":{"_acf_changed":false,"slim_seo":{"title":"SDS6054L - YOTAVIS AG","description":"1U; 8-bit\uff0c500 MHz; 4 kana\u0142y; 5 GSa\/s (10 GSa\/s ESR) @ ka\u017cdy kana\u0142; g\u0142\u0119boko\u015b\u0107 pami\u0119ci 500 Mpts; szybko\u015b\u0107 przechwytywania przebieg\u00f3w 170 000 wfm\/s; 4 \u015blady MATH, 8 Mpts FFT;"}},"product_brand":[506],"product_cat":[507,539],"product_tag":[],"class_list":{"0":"post-3742","1":"product","2":"type-product","3":"status-publish","4":"has-post-thumbnail","6":"product_brand-siglent","7":"product_cat-oscilloscope","8":"product_cat-without-screen-en","9":"pa_bandwidth-mhz-83","10":"pa_channels-338","11":"pa_digital-channels-opt","12":"pa_memory-depht-mpts-77","13":"pa_sampling-rate-channels-ms-s-458","14":"pa_touch-screen-no","15":"pa_vertical-resolution-bits-340","17":"first","18":"instock","19":"taxable","20":"shipping-taxable","21":"purchasable","22":"product-type-simple"},"acf":[],"_links":{"self":[{"href":"https:\/\/yotavis.ch\/pl\/wp-json\/wp\/v2\/product\/3742","targetHints":{"allow":["GET"]}}],"collection":[{"href":"https:\/\/yotavis.ch\/pl\/wp-json\/wp\/v2\/product"}],"about":[{"href":"https:\/\/yotavis.ch\/pl\/wp-json\/wp\/v2\/types\/product"}],"replies":[{"embeddable":true,"href":"https:\/\/yotavis.ch\/pl\/wp-json\/wp\/v2\/comments?post=3742"}],"wp:featuredmedia":[{"embeddable":true,"href":"https:\/\/yotavis.ch\/pl\/wp-json\/wp\/v2\/media\/6333"}],"wp:attachment":[{"href":"https:\/\/yotavis.ch\/pl\/wp-json\/wp\/v2\/media?parent=3742"}],"wp:term":[{"taxonomy":"product_brand","embeddable":true,"href":"https:\/\/yotavis.ch\/pl\/wp-json\/wp\/v2\/product_brand?post=3742"},{"taxonomy":"product_cat","embeddable":true,"href":"https:\/\/yotavis.ch\/pl\/wp-json\/wp\/v2\/product_cat?post=3742"},{"taxonomy":"product_tag","embeddable":true,"href":"https:\/\/yotavis.ch\/pl\/wp-json\/wp\/v2\/product_tag?post=3742"}],"curies":[{"name":"wp","href":"https:\/\/api.w.org\/{rel}","templated":true}]}}