{"id":3768,"date":"2025-10-09T00:00:00","date_gmt":"2025-10-08T22:00:00","guid":{"rendered":"https:\/\/yotavis.ch\/product\/sna6124a\/"},"modified":"2026-04-24T13:29:58","modified_gmt":"2026-04-24T11:29:58","slug":"sna6124a","status":"publish","type":"product","link":"https:\/\/yotavis.ch\/pl\/produkt\/sna6124a\/","title":{"rendered":"SNA6124A"},"content":{"rendered":"<p>SNA6124A firmy Siglent to wektorowy analizator sieci o zakresie cz\u0119stotliwo\u015bci od 100 kHz do 13,5 GHz, wyposa\u017cony w cztery porty. Oferuje bezpo\u015bredni dost\u0119p do odbiornika, pozwalaj\u0105c na szczeg\u00f3\u0142ow\u0105 analiz\u0119 sygna\u0142u. Urz\u0105dzenie posiada standardowy zakres ustawie\u0144 poziomu wyj\u015bciowego od -55 do +10 dBm, zapewniaj\u0105c elastyczno\u015b\u0107 w sterowaniu sygna\u0142em wyj\u015bciowym. Jego zakres dynamiki si\u0119ga do 135 dB, wspieraj\u0105c wysoce precyzyjne pomiary. Analizator wyposa\u017cony jest w 12,1-calowy ekran dotykowy, zwi\u0119kszaj\u0105cy interakcj\u0119 u\u017cytkownika i \u0142atwo\u015b\u0107 obs\u0142ugi. Dzi\u0119ki maksymalnej cz\u0119stotliwo\u015bci 13 500 MHz i minimalnej cz\u0119stotliwo\u015bci 100 000 Hz, obejmuje on szerokie spektrum odpowiednie do r\u00f3\u017cnych zastosowa\u0144 testowych. Po\u0142\u0105czenie tych cech sprawia, \u017ce SNA6124A jest wszechstronnym przyrz\u0105dem do analizy sieci.<\/p>","protected":false},"excerpt":{"rendered":"<p>100k~13.5GHz, 4 ports VNA  with direct receiver access; stanadard setting range of output level: -55 ~ +10 dBm; dynamic range 135 dB; 12.1&#8221; touch screen<\/p>","protected":false},"featured_media":6400,"comment_status":"closed","ping_status":"closed","template":"","meta":{"_acf_changed":false,"slim_seo":{"title":"SNA6124A - YOTAVIS AG","description":"100k~13.5GHz, 4 porty VNA z bezpo\u015brednim dost\u0119pem do odbiornika; standardowy zakres ustawie\u0144 poziomu wyj\u015bciowego: -55 ~ +10 dBm; zakres dynamiki 135 dB; 12.1'' ekran dotykowy"}},"product_brand":[506],"product_cat":[523,525],"product_tag":[],"class_list":{"0":"post-3768","1":"product","2":"type-product","3":"status-publish","4":"has-post-thumbnail","6":"product_brand-siglent","7":"product_cat-analyser","8":"product_cat-vna","9":"pa_dynamic-range-db-251","10":"pa_frequency-max-mhz-464","11":"pa_frequency-min-hz-250","12":"pa_handheld-no","13":"pa_ports-249","15":"first","16":"instock","17":"taxable","18":"shipping-taxable","19":"purchasable","20":"product-type-simple"},"acf":[],"_links":{"self":[{"href":"https:\/\/yotavis.ch\/pl\/wp-json\/wp\/v2\/product\/3768","targetHints":{"allow":["GET"]}}],"collection":[{"href":"https:\/\/yotavis.ch\/pl\/wp-json\/wp\/v2\/product"}],"about":[{"href":"https:\/\/yotavis.ch\/pl\/wp-json\/wp\/v2\/types\/product"}],"replies":[{"embeddable":true,"href":"https:\/\/yotavis.ch\/pl\/wp-json\/wp\/v2\/comments?post=3768"}],"wp:featuredmedia":[{"embeddable":true,"href":"https:\/\/yotavis.ch\/pl\/wp-json\/wp\/v2\/media\/6400"}],"wp:attachment":[{"href":"https:\/\/yotavis.ch\/pl\/wp-json\/wp\/v2\/media?parent=3768"}],"wp:term":[{"taxonomy":"product_brand","embeddable":true,"href":"https:\/\/yotavis.ch\/pl\/wp-json\/wp\/v2\/product_brand?post=3768"},{"taxonomy":"product_cat","embeddable":true,"href":"https:\/\/yotavis.ch\/pl\/wp-json\/wp\/v2\/product_cat?post=3768"},{"taxonomy":"product_tag","embeddable":true,"href":"https:\/\/yotavis.ch\/pl\/wp-json\/wp\/v2\/product_tag?post=3768"}],"curies":[{"name":"wp","href":"https:\/\/api.w.org\/{rel}","templated":true}]}}