{"id":3796,"date":"2025-10-09T00:00:00","date_gmt":"2025-10-08T22:00:00","guid":{"rendered":"https:\/\/yotavis.ch\/product\/ssu5503a\/"},"modified":"2026-04-24T13:30:14","modified_gmt":"2026-04-24T11:30:14","slug":"ssu5503a","status":"publish","type":"product","link":"https:\/\/yotavis.ch\/pl\/produkt\/ssu5503a\/","title":{"rendered":"SSU5503A"},"content":{"rendered":"<p>SSU5503A firmy Siglent dzia\u0142a w zakresie cz\u0119stotliwo\u015bci od DC do 50 GHz i posiada trzy prze\u0142\u0105czniki mechaniczne SPDT. Jest wyposa\u017cony w z\u0142\u0105cza \u017ce\u0144skie 2,4 mm, u\u0142atwiaj\u0105ce niezawodne po\u0142\u0105czenia w aplikacjach o wysokiej cz\u0119stotliwo\u015bci. Produkt ten zosta\u0142 zaprojektowany do obs\u0142ugi sygna\u0142\u00f3w w okre\u015blonym zakresie cz\u0119stotliwo\u015bci, dzi\u0119ki czemu nadaje si\u0119 do r\u00f3\u017cnych konfiguracji testowych i pomiarowych. W\u0142\u0105czenie wielu prze\u0142\u0105cznik\u00f3w mechanicznych pozwala na wszechstronne opcje routingu sygna\u0142u. Z\u0142\u0105cza \u017ce\u0144skie 2,4 mm s\u0105 standardem w \u015brodowiskach wysokiej cz\u0119stotliwo\u015bci, zapewniaj\u0105c kompatybilno\u015b\u0107 z szerok\u0105 gam\u0105 urz\u0105dze\u0144. Konstrukcja urz\u0105dzenia zapewnia stabiln\u0105 prac\u0119 w ca\u0142ym pa\u015bmie operacyjnym. Og\u00f3lnie rzecz bior\u0105c, SSU5503A zapewnia niezb\u0119dne mo\u017cliwo\u015bci prze\u0142\u0105czania dla system\u00f3w wymagaj\u0105cych obs\u0142ugi cz\u0119stotliwo\u015bci od DC do 50 GHz.<\/p>","protected":false},"excerpt":{"rendered":"<p>DC-50 GHz, w tym trzy prze\u0142\u0105czniki mechaniczne SPDT, \u017ce\u0144skie 2,4 mm<\/p>","protected":false},"featured_media":6860,"comment_status":"closed","ping_status":"closed","template":"","meta":{"_acf_changed":false,"slim_seo":{"title":"SSU5503A - YOTAVIS AG","description":"DC-50 GHz, w tym trzy prze\u0142\u0105czniki mechaniczne SPDT, \u017ce\u0144skie 2,4 mm"}},"product_brand":[506],"product_cat":[526,540],"product_tag":[],"class_list":{"0":"post-3796","1":"product","2":"type-product","3":"status-publish","4":"has-post-thumbnail","6":"product_brand-siglent","7":"product_cat-accessories","8":"product_cat-others-accessories","10":"first","11":"instock","12":"taxable","13":"shipping-taxable","14":"purchasable","15":"product-type-simple"},"acf":[],"_links":{"self":[{"href":"https:\/\/yotavis.ch\/pl\/wp-json\/wp\/v2\/product\/3796","targetHints":{"allow":["GET"]}}],"collection":[{"href":"https:\/\/yotavis.ch\/pl\/wp-json\/wp\/v2\/product"}],"about":[{"href":"https:\/\/yotavis.ch\/pl\/wp-json\/wp\/v2\/types\/product"}],"replies":[{"embeddable":true,"href":"https:\/\/yotavis.ch\/pl\/wp-json\/wp\/v2\/comments?post=3796"}],"wp:featuredmedia":[{"embeddable":true,"href":"https:\/\/yotavis.ch\/pl\/wp-json\/wp\/v2\/media\/6860"}],"wp:attachment":[{"href":"https:\/\/yotavis.ch\/pl\/wp-json\/wp\/v2\/media?parent=3796"}],"wp:term":[{"taxonomy":"product_brand","embeddable":true,"href":"https:\/\/yotavis.ch\/pl\/wp-json\/wp\/v2\/product_brand?post=3796"},{"taxonomy":"product_cat","embeddable":true,"href":"https:\/\/yotavis.ch\/pl\/wp-json\/wp\/v2\/product_cat?post=3796"},{"taxonomy":"product_tag","embeddable":true,"href":"https:\/\/yotavis.ch\/pl\/wp-json\/wp\/v2\/product_tag?post=3796"}],"curies":[{"name":"wp","href":"https:\/\/api.w.org\/{rel}","templated":true}]}}