{"id":3818,"date":"2025-10-09T00:00:00","date_gmt":"2025-10-08T22:00:00","guid":{"rendered":"https:\/\/yotavis.ch\/product\/v26-n35fa35f-25in\/"},"modified":"2026-04-24T13:30:27","modified_gmt":"2026-04-24T11:30:27","slug":"v26-n35fa35f-25in","status":"publish","type":"product","link":"https:\/\/yotavis.ch\/pl\/produkt\/v26-n35fa35f-25in\/","title":{"rendered":"V26-N35FA35F-25IN"},"content":{"rendered":"<p>Kabel V26-N35FA35F-25IN firmy Siglent jest wyposa\u017cony w z\u0142\u0105cza \u017ce\u0144skie NMD 3,5 mm na \u017ce\u0144skie APC 3,5 mm, zaprojektowane do zastosowa\u0144 wymagaj\u0105cych cz\u0119stotliwo\u015bci 26,5 GHz. Ten produkt ma d\u0142ugo\u015b\u0107 25 cali, co odpowiada 635 milimetrom, dzi\u0119ki czemu nadaje si\u0119 do konfiguracji wymagaj\u0105cych precyzyjnych wymiar\u00f3w kabla. Typ z\u0142\u0105cza to 3,5 mm, kt\u00f3re jest powszechnie stosowane w transmisji sygna\u0142\u00f3w o wysokiej cz\u0119stotliwo\u015bci. Konstrukcja obs\u0142uguje wysokie cz\u0119stotliwo\u015bci do 26,5 GHz, zapewniaj\u0105c kompatybilno\u015b\u0107 z zaawansowanymi systemami elektronicznymi i komunikacyjnymi. D\u0142ugo\u015b\u0107 kabla i specyfikacje z\u0142\u0105cza wskazuj\u0105 na jego zastosowanie w \u015brodowiskach, w kt\u00f3rych integralno\u015b\u0107 sygna\u0142u i minimalne straty s\u0105 krytyczne. Produkt ten jest cz\u0119\u015bci\u0105 oferty Siglent, znanej z komponent\u00f3w technicznych dostosowanych do okre\u015blonych cz\u0119stotliwo\u015bci i wymaga\u0144 dotycz\u0105cych z\u0142\u0105czy.<\/p>","protected":false},"excerpt":{"rendered":"<p>NMD 3.5 mm female &#8211; APC 3.5 mm female; 26.5 GHz; length 25&#8221;\/635mm<\/p>","protected":false},"featured_media":6913,"comment_status":"closed","ping_status":"closed","template":"","meta":{"_acf_changed":false,"slim_seo":{"title":"V26-N35FA35F-25IN - YOTAVIS AG","description":"NMD 3,5 mm \u017ce\u0144skie - APC 3,5 mm \u017ce\u0144skie; 26,5 GHz; d\u0142ugo\u015b\u0107 25''\/635 mm"}},"product_brand":[506],"product_cat":[526,530],"product_tag":[],"class_list":{"0":"post-3818","1":"product","2":"type-product","3":"status-publish","4":"has-post-thumbnail","6":"product_brand-siglent","7":"product_cat-accessories","8":"product_cat-cable","9":"pa_connector-35mm","11":"first","12":"instock","13":"taxable","14":"shipping-taxable","15":"purchasable","16":"product-type-simple"},"acf":[],"_links":{"self":[{"href":"https:\/\/yotavis.ch\/pl\/wp-json\/wp\/v2\/product\/3818","targetHints":{"allow":["GET"]}}],"collection":[{"href":"https:\/\/yotavis.ch\/pl\/wp-json\/wp\/v2\/product"}],"about":[{"href":"https:\/\/yotavis.ch\/pl\/wp-json\/wp\/v2\/types\/product"}],"replies":[{"embeddable":true,"href":"https:\/\/yotavis.ch\/pl\/wp-json\/wp\/v2\/comments?post=3818"}],"wp:featuredmedia":[{"embeddable":true,"href":"https:\/\/yotavis.ch\/pl\/wp-json\/wp\/v2\/media\/6913"}],"wp:attachment":[{"href":"https:\/\/yotavis.ch\/pl\/wp-json\/wp\/v2\/media?parent=3818"}],"wp:term":[{"taxonomy":"product_brand","embeddable":true,"href":"https:\/\/yotavis.ch\/pl\/wp-json\/wp\/v2\/product_brand?post=3818"},{"taxonomy":"product_cat","embeddable":true,"href":"https:\/\/yotavis.ch\/pl\/wp-json\/wp\/v2\/product_cat?post=3818"},{"taxonomy":"product_tag","embeddable":true,"href":"https:\/\/yotavis.ch\/pl\/wp-json\/wp\/v2\/product_tag?post=3818"}],"curies":[{"name":"wp","href":"https:\/\/api.w.org\/{rel}","templated":true}]}}