{"id":3822,"date":"2025-10-09T00:00:00","date_gmt":"2025-10-08T22:00:00","guid":{"rendered":"https:\/\/yotavis.ch\/product\/sdg7052a\/"},"modified":"2026-04-24T13:30:30","modified_gmt":"2026-04-24T11:30:30","slug":"sdg7052a","status":"publish","type":"product","link":"https:\/\/yotavis.ch\/pl\/produkt\/sdg7052a\/","title":{"rendered":"SDG7052A"},"content":{"rendered":"<p>Uk\u0142ad SDG7052A firmy Siglent charakteryzuje si\u0119 maksymaln\u0105 cz\u0119stotliwo\u015bci\u0105 500 MHz i oferuje dwa r\u00f3\u017cnicowe lub jednostronne kana\u0142y wyj\u015bciowe. Obs\u0142uguje wysok\u0105 cz\u0119stotliwo\u015b\u0107 pr\u00f3bkowania 5 GSa\/s i zapewnia 14-bitow\u0105 rozdzielczo\u015b\u0107 pionow\u0105 dla precyzyjnego generowania sygna\u0142u. D\u0142ugo\u015b\u0107 fali arbitralnej wynosi od 64 punkt\u00f3w do 512 milion\u00f3w punkt\u00f3w, co pozwala na szerokie dostosowanie kszta\u0142tu fali. Model ten wyposa\u017cony jest w 5-calowy ekran dotykowy zapewniaj\u0105cy przyjazn\u0105 dla u\u017cytkownika obs\u0142ug\u0119. Urz\u0105dzenie obs\u0142uguje funkcje sweep i burst, co zwi\u0119ksza jego wszechstronno\u015b\u0107 w r\u00f3\u017cnych zastosowaniach. Cz\u0119stotliwo\u015b\u0107 pr\u00f3bkowania wynosi 2500 MS\/s, a g\u0142\u0119boko\u015b\u0107 pami\u0119ci 512 Mpts, co umo\u017cliwia szczeg\u00f3\u0142owe przechowywanie i odtwarzanie przebieg\u00f3w. Minimalny czas przej\u015bcia wynosi 0,5 ns, a minimalna szeroko\u015b\u0107 impulsu to 1 ns, co pozwala na obs\u0142ug\u0119 szybkich przej\u015b\u0107 sygna\u0142u. Maksymalna amplituda wyj\u015bciowa wynosi 6 V.<\/p>","protected":false},"excerpt":{"rendered":"<p>500 MHz; 2 r\u00f3\u017cnicowe\/pojedynczo zako\u0144czone kana\u0142y wyj\u015bciowe; cz\u0119stotliwo\u015b\u0107 pr\u00f3bkowania 5 GSa\/s; 14-bitowa rozdzielczo\u015b\u0107 pionowa; d\u0142ugo\u015b\u0107 fali Arb: 64 pkt ~ 512 pkt; 5-calowy ekran dotykowy<\/p>","protected":false},"featured_media":6924,"comment_status":"closed","ping_status":"closed","template":"","meta":{"_acf_changed":false,"slim_seo":{"title":"SDG7052A - YOTAVIS AG","description":"500MHz; 2 differential\/single ended output channels; 5 GSa\/s sampling rate; 14-bit vertical resolution; Arb-Waveform length: 64 pts ~ 512 Mpts; 5 inch touch scr"}},"product_brand":[506],"product_cat":[541,513],"product_tag":[],"class_list":{"0":"post-3822","1":"product","2":"type-product","3":"status-publish","4":"has-post-thumbnail","6":"product_brand-siglent","7":"product_cat-awg","8":"product_cat-generator","9":"pa_amplitude-v-262","10":"pa_burst-yes","11":"pa_channels-350","12":"pa_frequency-mhz-139","13":"pa_memory-mpts-264","14":"pa_pulse-width-min-ns-266","15":"pa_sampling-rate-ms-s-263","16":"pa_sweep-yes","17":"pa_transition-time-min-ns-0-5","18":"pa_vertical-resolution-bits-113","20":"first","21":"instock","22":"taxable","23":"shipping-taxable","24":"purchasable","25":"product-type-simple"},"acf":[],"_links":{"self":[{"href":"https:\/\/yotavis.ch\/pl\/wp-json\/wp\/v2\/product\/3822","targetHints":{"allow":["GET"]}}],"collection":[{"href":"https:\/\/yotavis.ch\/pl\/wp-json\/wp\/v2\/product"}],"about":[{"href":"https:\/\/yotavis.ch\/pl\/wp-json\/wp\/v2\/types\/product"}],"replies":[{"embeddable":true,"href":"https:\/\/yotavis.ch\/pl\/wp-json\/wp\/v2\/comments?post=3822"}],"wp:featuredmedia":[{"embeddable":true,"href":"https:\/\/yotavis.ch\/pl\/wp-json\/wp\/v2\/media\/6924"}],"wp:attachment":[{"href":"https:\/\/yotavis.ch\/pl\/wp-json\/wp\/v2\/media?parent=3822"}],"wp:term":[{"taxonomy":"product_brand","embeddable":true,"href":"https:\/\/yotavis.ch\/pl\/wp-json\/wp\/v2\/product_brand?post=3822"},{"taxonomy":"product_cat","embeddable":true,"href":"https:\/\/yotavis.ch\/pl\/wp-json\/wp\/v2\/product_cat?post=3822"},{"taxonomy":"product_tag","embeddable":true,"href":"https:\/\/yotavis.ch\/pl\/wp-json\/wp\/v2\/product_tag?post=3822"}],"curies":[{"name":"wp","href":"https:\/\/api.w.org\/{rel}","templated":true}]}}