{"id":3856,"date":"2025-10-09T00:00:00","date_gmt":"2025-10-08T22:00:00","guid":{"rendered":"https:\/\/yotavis.ch\/product\/dl-hcm-acc-kit\/"},"modified":"2026-04-24T13:31:08","modified_gmt":"2026-04-24T11:31:08","slug":"dl-hcm-acc-kit","status":"publish","type":"product","link":"https:\/\/yotavis.ch\/pl\/produkt\/dl-hcm-acc-kit\/","title":{"rendered":"DL-HCM-ACC-KIT"},"content":{"rendered":"<p>DL-HCM-ACC-KIT firmy Teledyne Lecroy to zestaw akcesori\u00f3w przeznaczony dla serii DL-HCM. Zawiera uchwyt na sond\u0119, kt\u00f3ry zapewnia wygodny spos\u00f3b zabezpieczenia sond podczas u\u017cytkowania. Zestaw zawiera r\u00f3wnie\u017c dwa mikro chwytaki IC, pozwalaj\u0105ce na precyzyjne po\u0142\u0105czenia z uk\u0142adami scalonymi. Dodatkowo, adapter Y-banana jest cz\u0119\u015bci\u0105 zestawu, umo\u017cliwiaj\u0105c wszechstronne opcje po\u0142\u0105cze\u0144. Ta kombinacja akcesori\u00f3w wspiera r\u00f3\u017cne zadania testowe i pomiarowe, zwi\u0119kszaj\u0105c funkcjonalno\u015b\u0107 urz\u0105dze\u0144 z serii DL-HCM.<\/p>","protected":false},"excerpt":{"rendered":"<p>Zestaw akcesori\u00f3w serii DL-HCM z uchwytem na sond\u0119, chwytakami micro IC (2 szt.) i adapterem Y-banana.<\/p>","protected":false},"featured_media":7009,"comment_status":"closed","ping_status":"closed","template":"","meta":{"_acf_changed":false,"slim_seo":{"title":"DL-HCM-ACC-KIT - YOTAVIS AG","description":"Zestaw akcesori\u00f3w serii DL-HCM z uchwytem na sond\u0119, chwytakami micro IC (2 szt.) i adapterem Y-banana."}},"product_brand":[542],"product_cat":[510,509],"product_tag":[],"class_list":{"0":"post-3856","1":"product","2":"type-product","3":"status-publish","4":"has-post-thumbnail","6":"product_brand-lecroy","7":"product_cat-others-en","8":"product_cat-probes-en","9":"pa_imax-ac-a-1019","11":"first","12":"instock","13":"taxable","14":"shipping-taxable","15":"purchasable","16":"product-type-simple"},"acf":[],"_links":{"self":[{"href":"https:\/\/yotavis.ch\/pl\/wp-json\/wp\/v2\/product\/3856","targetHints":{"allow":["GET"]}}],"collection":[{"href":"https:\/\/yotavis.ch\/pl\/wp-json\/wp\/v2\/product"}],"about":[{"href":"https:\/\/yotavis.ch\/pl\/wp-json\/wp\/v2\/types\/product"}],"replies":[{"embeddable":true,"href":"https:\/\/yotavis.ch\/pl\/wp-json\/wp\/v2\/comments?post=3856"}],"wp:featuredmedia":[{"embeddable":true,"href":"https:\/\/yotavis.ch\/pl\/wp-json\/wp\/v2\/media\/7009"}],"wp:attachment":[{"href":"https:\/\/yotavis.ch\/pl\/wp-json\/wp\/v2\/media?parent=3856"}],"wp:term":[{"taxonomy":"product_brand","embeddable":true,"href":"https:\/\/yotavis.ch\/pl\/wp-json\/wp\/v2\/product_brand?post=3856"},{"taxonomy":"product_cat","embeddable":true,"href":"https:\/\/yotavis.ch\/pl\/wp-json\/wp\/v2\/product_cat?post=3856"},{"taxonomy":"product_tag","embeddable":true,"href":"https:\/\/yotavis.ch\/pl\/wp-json\/wp\/v2\/product_tag?post=3856"}],"curies":[{"name":"wp","href":"https:\/\/api.w.org\/{rel}","templated":true}]}}