{"id":3862,"date":"2025-10-09T00:00:00","date_gmt":"2025-10-08T22:00:00","guid":{"rendered":"https:\/\/yotavis.ch\/product\/hvd3106a\/"},"modified":"2026-04-24T13:31:10","modified_gmt":"2026-04-24T11:31:10","slug":"hvd3106a","status":"publish","type":"product","link":"https:\/\/yotavis.ch\/pl\/produkt\/hvd3106a\/","title":{"rendered":"HVD3106A"},"content":{"rendered":"<p>Teledyne Lecroy HVD3106A to wysokonapi\u0119ciowa sonda r\u00f3\u017cnicowa zaprojektowana do obs\u0142ugi napi\u0119\u0107 do 1 kV. Charakteryzuje si\u0119 szeroko\u015bci\u0105 pasma 120 MHz, dzi\u0119ki czemu nadaje si\u0119 do zastosowa\u0144 wymagaj\u0105cych pomiar\u00f3w sygna\u0142\u00f3w o wysokiej cz\u0119stotliwo\u015bci. Sonda ta posiada funkcj\u0119 automatycznego od\u0142\u0105czania zera, kt\u00f3ra pomaga zachowa\u0107 dok\u0142adno\u015b\u0107 poprzez automatyczn\u0105 kompensacj\u0119 napi\u0119\u0107 offsetowych. Interfejs u\u017cywany przez t\u0119 sond\u0119 to LeCroy, co zapewnia kompatybilno\u015b\u0107 z oscyloskopami i systemami pomiarowymi LeCroy. Sonda HVD3106A zosta\u0142a zaprojektowana tak, aby zapewni\u0107 niezawodne dzia\u0142anie w \u015brodowiskach wysokiego napi\u0119cia, wspieraj\u0105c precyzyjne pomiary r\u00f3\u017cnicowe. Jego konstrukcja koncentruje si\u0119 na utrzymaniu integralno\u015bci sygna\u0142u przy wysokich napi\u0119ciach i cz\u0119stotliwo\u015bciach, co czyni go specjalistycznym narz\u0119dziem do testowania i diagnostyki elektrycznej. Po\u0142\u0105czenie jego napi\u0119cia znamionowego i szeroko\u015bci pasma pozwala na wykorzystanie go w r\u00f3\u017cnych scenariuszach testowych, w kt\u00f3rych wyst\u0119puje zar\u00f3wno wysokie napi\u0119cie, jak i wysoka cz\u0119stotliwo\u015b\u0107.<\/p>","protected":false},"excerpt":{"rendered":"<p>Wysokonapi\u0119ciowa sonda r\u00f3\u017cnicowa 1kV, 120 MHz z automatycznym od\u0142\u0105czaniem zera<\/p>","protected":false},"featured_media":7022,"comment_status":"closed","ping_status":"closed","template":"","meta":{"_acf_changed":false,"slim_seo":{"title":"HVD3106A - YOTAVIS AG","description":"Wysokonapi\u0119ciowa sonda r\u00f3\u017cnicowa 1kV, 120 MHz z automatycznym od\u0142\u0105czaniem zera"}},"product_brand":[542],"product_cat":[537,509],"product_tag":[],"class_list":{"0":"post-3862","1":"product","2":"type-product","3":"status-publish","4":"has-post-thumbnail","6":"product_brand-lecroy","7":"product_cat-high-voltage-probes-en","8":"product_cat-probes-en","9":"pa_bandwidth-mhz-285","10":"pa_imax-ac-a-1019","11":"pa_interface-lecroy","12":"pa_voltage-max-v-208","14":"first","15":"instock","16":"taxable","17":"shipping-taxable","18":"purchasable","19":"product-type-simple"},"acf":[],"_links":{"self":[{"href":"https:\/\/yotavis.ch\/pl\/wp-json\/wp\/v2\/product\/3862","targetHints":{"allow":["GET"]}}],"collection":[{"href":"https:\/\/yotavis.ch\/pl\/wp-json\/wp\/v2\/product"}],"about":[{"href":"https:\/\/yotavis.ch\/pl\/wp-json\/wp\/v2\/types\/product"}],"replies":[{"embeddable":true,"href":"https:\/\/yotavis.ch\/pl\/wp-json\/wp\/v2\/comments?post=3862"}],"wp:featuredmedia":[{"embeddable":true,"href":"https:\/\/yotavis.ch\/pl\/wp-json\/wp\/v2\/media\/7022"}],"wp:attachment":[{"href":"https:\/\/yotavis.ch\/pl\/wp-json\/wp\/v2\/media?parent=3862"}],"wp:term":[{"taxonomy":"product_brand","embeddable":true,"href":"https:\/\/yotavis.ch\/pl\/wp-json\/wp\/v2\/product_brand?post=3862"},{"taxonomy":"product_cat","embeddable":true,"href":"https:\/\/yotavis.ch\/pl\/wp-json\/wp\/v2\/product_cat?post=3862"},{"taxonomy":"product_tag","embeddable":true,"href":"https:\/\/yotavis.ch\/pl\/wp-json\/wp\/v2\/product_tag?post=3862"}],"curies":[{"name":"wp","href":"https:\/\/api.w.org\/{rel}","templated":true}]}}