{"id":3873,"date":"2025-10-09T00:00:00","date_gmt":"2025-10-08T22:00:00","guid":{"rendered":"https:\/\/yotavis.ch\/product\/cp150b\/"},"modified":"2026-04-24T13:31:17","modified_gmt":"2026-04-24T11:31:17","slug":"cp150b","status":"publish","type":"product","link":"https:\/\/yotavis.ch\/pl\/produkt\/cp150b\/","title":{"rendered":"CP150B"},"content":{"rendered":"<p>Teledyne Lecroy CP150B to sonda pr\u0105dowa zaprojektowana do pomiaru pr\u0105d\u00f3w AC i DC o maksymalnej warto\u015bci skutecznej 150 A i szczytowym pr\u0105dzie impulsowym 500 A. Dzia\u0142a z szeroko\u015bci\u0105 pasma 10 MHz, umo\u017cliwiaj\u0105c dok\u0142adne przechwytywanie sygna\u0142\u00f3w w tym zakresie cz\u0119stotliwo\u015bci. Sonda wyposa\u017cona jest w 2-metrowy kabel, zapewniaj\u0105cy elastyczno\u015b\u0107 w pozycjonowaniu i \u0142atwo\u015b\u0107 u\u017cytkowania podczas pomiar\u00f3w. Charakteryzuje si\u0119 maksymalnym napi\u0119ciem znamionowym 150 V, zapewniaj\u0105c kompatybilno\u015b\u0107 z r\u00f3\u017cnymi \u015brodowiskami testowymi. CP150B \u0142\u0105czy si\u0119 ze sprz\u0119tem LeCroy, u\u0142atwiaj\u0105c p\u0142ynn\u0105 integracj\u0119 z istniej\u0105cymi konfiguracjami. Ta sonda pr\u0105dowa jest odpowiednia do zastosowa\u0144 wymagaj\u0105cych precyzyjnych pomiar\u00f3w pr\u0105du do okre\u015blonych limit\u00f3w i szeroko\u015bci pasma.<\/p>","protected":false},"excerpt":{"rendered":"<p>150 A, 10 MHz Current Probe &#8211; AC\/DC, 150 A rms, 500 A Peak Pulse, 2 meter cable<\/p>","protected":false},"featured_media":7042,"comment_status":"closed","ping_status":"closed","template":"","meta":{"_acf_changed":false,"slim_seo":{"title":"CP150B - YOTAVIS AG","description":"Sonda pr\u0105dowa 150 A, 10 MHz - AC\/DC, 150 A warto\u015b\u0107 skuteczna, 500 A warto\u015b\u0107 szczytowa impulsu, kabel o d\u0142ugo\u015bci 2 metr\u00f3w"}},"product_brand":[542],"product_cat":[536,509],"product_tag":[],"class_list":{"0":"post-3873","1":"product","2":"type-product","3":"status-publish","4":"has-post-thumbnail","6":"product_brand-lecroy","7":"product_cat-current-probes-en","8":"product_cat-probes-en","9":"pa_bandwidth-mhz-291","10":"pa_imax-ac-a-1019","11":"pa_interface-lecroy","12":"pa_voltage-max-v-292","14":"first","15":"instock","16":"taxable","17":"shipping-taxable","18":"purchasable","19":"product-type-simple"},"acf":[],"_links":{"self":[{"href":"https:\/\/yotavis.ch\/pl\/wp-json\/wp\/v2\/product\/3873","targetHints":{"allow":["GET"]}}],"collection":[{"href":"https:\/\/yotavis.ch\/pl\/wp-json\/wp\/v2\/product"}],"about":[{"href":"https:\/\/yotavis.ch\/pl\/wp-json\/wp\/v2\/types\/product"}],"replies":[{"embeddable":true,"href":"https:\/\/yotavis.ch\/pl\/wp-json\/wp\/v2\/comments?post=3873"}],"wp:featuredmedia":[{"embeddable":true,"href":"https:\/\/yotavis.ch\/pl\/wp-json\/wp\/v2\/media\/7042"}],"wp:attachment":[{"href":"https:\/\/yotavis.ch\/pl\/wp-json\/wp\/v2\/media?parent=3873"}],"wp:term":[{"taxonomy":"product_brand","embeddable":true,"href":"https:\/\/yotavis.ch\/pl\/wp-json\/wp\/v2\/product_brand?post=3873"},{"taxonomy":"product_cat","embeddable":true,"href":"https:\/\/yotavis.ch\/pl\/wp-json\/wp\/v2\/product_cat?post=3873"},{"taxonomy":"product_tag","embeddable":true,"href":"https:\/\/yotavis.ch\/pl\/wp-json\/wp\/v2\/product_tag?post=3873"}],"curies":[{"name":"wp","href":"https:\/\/api.w.org\/{rel}","templated":true}]}}