{"id":3875,"date":"2025-10-09T00:00:00","date_gmt":"2025-10-08T22:00:00","guid":{"rendered":"https:\/\/yotavis.ch\/product\/cp150-6m\/"},"modified":"2026-04-24T13:31:18","modified_gmt":"2026-04-24T11:31:18","slug":"cp150-6m","status":"publish","type":"product","link":"https:\/\/yotavis.ch\/pl\/produkt\/cp150-6m\/","title":{"rendered":"CP150-6M#"},"content":{"rendered":"<p>Teledyne Lecroy CP150-6M# to sonda pr\u0105dowa zaprojektowana do pomiaru pr\u0105d\u00f3w o warto\u015bci skutecznej do 150 A i szczytowej wydajno\u015bci impulsowej 500 A. Dzia\u0142a z szeroko\u015bci\u0105 pasma 5 MHz, umo\u017cliwiaj\u0105c przechwytywanie sygna\u0142\u00f3w w tym zakresie cz\u0119stotliwo\u015bci. Sonda wyposa\u017cona jest w 6-metrowy kabel, zapewniaj\u0105cy wi\u0119kszy zasi\u0119g dla r\u00f3\u017cnych konfiguracji pomiarowych. Jest w stanie obs\u0142ugiwa\u0107 napi\u0119cia do 150 V, dzi\u0119ki czemu nadaje si\u0119 do szeregu pomiar\u00f3w pr\u0105du AC i DC. Interfejs u\u017cywany przez t\u0119 sond\u0119 to LeCroy, co zapewnia kompatybilno\u015b\u0107 z powi\u0105zanym sprz\u0119tem. Model ten obs\u0142uguje zar\u00f3wno pomiary pr\u0105du AC, jak i DC, oferuj\u0105c wszechstronno\u015b\u0107 w r\u00f3\u017cnych \u015brodowiskach testowych.<\/p>","protected":false},"excerpt":{"rendered":"<p>150 A, 5 MHz Current Probe &#8211; AC\/DC, 150 A rms, 500 A Peak Pulse, 6 meter cable<\/p>","protected":false},"featured_media":7043,"comment_status":"closed","ping_status":"closed","template":"","meta":{"_acf_changed":false,"slim_seo":{"title":"CP150-6M# - YOTAVIS AG","description":"Sonda pr\u0105dowa 150 A, 5 MHz - AC\/DC, 150 A warto\u015b\u0107 skuteczna, 500 A warto\u015b\u0107 szczytowa impulsu, 6-metrowy kabel"}},"product_brand":[542],"product_cat":[536,509],"product_tag":[],"class_list":{"0":"post-3875","1":"product","2":"type-product","3":"status-publish","4":"has-post-thumbnail","6":"product_brand-lecroy","7":"product_cat-current-probes-en","8":"product_cat-probes-en","9":"pa_bandwidth-mhz-220","10":"pa_imax-ac-a-1019","11":"pa_interface-lecroy","12":"pa_voltage-max-v-292","14":"first","15":"instock","16":"taxable","17":"shipping-taxable","18":"purchasable","19":"product-type-simple"},"acf":[],"_links":{"self":[{"href":"https:\/\/yotavis.ch\/pl\/wp-json\/wp\/v2\/product\/3875","targetHints":{"allow":["GET"]}}],"collection":[{"href":"https:\/\/yotavis.ch\/pl\/wp-json\/wp\/v2\/product"}],"about":[{"href":"https:\/\/yotavis.ch\/pl\/wp-json\/wp\/v2\/types\/product"}],"replies":[{"embeddable":true,"href":"https:\/\/yotavis.ch\/pl\/wp-json\/wp\/v2\/comments?post=3875"}],"wp:featuredmedia":[{"embeddable":true,"href":"https:\/\/yotavis.ch\/pl\/wp-json\/wp\/v2\/media\/7043"}],"wp:attachment":[{"href":"https:\/\/yotavis.ch\/pl\/wp-json\/wp\/v2\/media?parent=3875"}],"wp:term":[{"taxonomy":"product_brand","embeddable":true,"href":"https:\/\/yotavis.ch\/pl\/wp-json\/wp\/v2\/product_brand?post=3875"},{"taxonomy":"product_cat","embeddable":true,"href":"https:\/\/yotavis.ch\/pl\/wp-json\/wp\/v2\/product_cat?post=3875"},{"taxonomy":"product_tag","embeddable":true,"href":"https:\/\/yotavis.ch\/pl\/wp-json\/wp\/v2\/product_tag?post=3875"}],"curies":[{"name":"wp","href":"https:\/\/api.w.org\/{rel}","templated":true}]}}