{"id":3913,"date":"2025-10-09T00:00:00","date_gmt":"2025-10-08T22:00:00","guid":{"rendered":"https:\/\/yotavis.ch\/product\/t3dso3054hd\/"},"modified":"2026-04-24T13:31:48","modified_gmt":"2026-04-24T11:31:48","slug":"t3dso3054hd","status":"publish","type":"product","link":"https:\/\/yotavis.ch\/pl\/produkt\/t3dso3054hd\/","title":{"rendered":"T3DSO3054HD"},"content":{"rendered":"<p>Teledyne Lecroy T3DSO3054HD to cyfrowy oscyloskop pami\u0119ci masowej o szeroko\u015bci pasma 500 MHz i maksymalnej szybko\u015bci pr\u00f3bkowania 4 GS\/s w trybie przeplatania czterech kana\u0142\u00f3w. Ka\u017cdy kana\u0142 oferuje g\u0142\u0119boko\u015b\u0107 pami\u0119ci 400 Mpts w trybie przeplatania, przy standardowej g\u0142\u0119boko\u015bci pami\u0119ci 100 Mpts na kana\u0142. Urz\u0105dzenie zapewnia rozdzielczo\u015b\u0107 pionow\u0105 12 bit\u00f3w, umo\u017cliwiaj\u0105c szczeg\u00f3\u0142ow\u0105 analiz\u0119 sygna\u0142u. Obs\u0142uguje cztery kana\u0142y wej\u015bciowe, z kt\u00f3rych ka\u017cdy mo\u017ce pr\u00f3bkowa\u0107 z pr\u0119dko\u015bci\u0105 2000 MS\/s. Oscyloskop posiada interfejs dotykowy umo\u017cliwiaj\u0105cy interakcj\u0119 z u\u017cytkownikiem. Model ten zosta\u0142 zaprojektowany do obs\u0142ugi szybkiej akwizycji i analizy sygna\u0142\u00f3w dzi\u0119ki po\u0142\u0105czeniu przepustowo\u015bci, cz\u0119stotliwo\u015bci pr\u00f3bkowania i pojemno\u015bci pami\u0119ci.<\/p>","protected":false},"excerpt":{"rendered":"<p>500 MHz, 4 GS\/s z przeplotem, 4 CH, 400 Mpts\/Ch z przeplotem, DSO<\/p>","protected":false},"featured_media":7127,"comment_status":"closed","ping_status":"closed","template":"","meta":{"_acf_changed":false,"slim_seo":{"title":"T3DSO3054HD - YOTAVIS AG","description":"500 MHz, 4 GS\/s z przeplotem, 4 CH, 400 Mpts\/Ch z przeplotem, DSO"}},"product_brand":[542],"product_cat":[508,507],"product_tag":[],"class_list":{"0":"post-3913","1":"product","2":"type-product","3":"status-publish","4":"has-post-thumbnail","6":"product_brand-lecroy","7":"product_cat-desktop-en","8":"product_cat-oscilloscope","9":"pa_bandwidth-mhz-83","10":"pa_channels-338","11":"pa_digital-channels-opt","12":"pa_imax-ac-a-1019","13":"pa_memory-depht-mpts-93","14":"pa_sampling-rate-channels-ms-s-347","15":"pa_touch-screen-yes","16":"pa_vertical-resolution-bits-348","18":"first","19":"instock","20":"taxable","21":"shipping-taxable","22":"purchasable","23":"product-type-simple"},"acf":[],"_links":{"self":[{"href":"https:\/\/yotavis.ch\/pl\/wp-json\/wp\/v2\/product\/3913","targetHints":{"allow":["GET"]}}],"collection":[{"href":"https:\/\/yotavis.ch\/pl\/wp-json\/wp\/v2\/product"}],"about":[{"href":"https:\/\/yotavis.ch\/pl\/wp-json\/wp\/v2\/types\/product"}],"replies":[{"embeddable":true,"href":"https:\/\/yotavis.ch\/pl\/wp-json\/wp\/v2\/comments?post=3913"}],"wp:featuredmedia":[{"embeddable":true,"href":"https:\/\/yotavis.ch\/pl\/wp-json\/wp\/v2\/media\/7127"}],"wp:attachment":[{"href":"https:\/\/yotavis.ch\/pl\/wp-json\/wp\/v2\/media?parent=3913"}],"wp:term":[{"taxonomy":"product_brand","embeddable":true,"href":"https:\/\/yotavis.ch\/pl\/wp-json\/wp\/v2\/product_brand?post=3913"},{"taxonomy":"product_cat","embeddable":true,"href":"https:\/\/yotavis.ch\/pl\/wp-json\/wp\/v2\/product_cat?post=3913"},{"taxonomy":"product_tag","embeddable":true,"href":"https:\/\/yotavis.ch\/pl\/wp-json\/wp\/v2\/product_tag?post=3913"}],"curies":[{"name":"wp","href":"https:\/\/api.w.org\/{rel}","templated":true}]}}