{"id":3914,"date":"2025-10-09T00:00:00","date_gmt":"2025-10-08T22:00:00","guid":{"rendered":"https:\/\/yotavis.ch\/product\/t3dso3104hd\/"},"modified":"2026-04-24T13:31:49","modified_gmt":"2026-04-24T11:31:49","slug":"t3dso3104hd","status":"publish","type":"product","link":"https:\/\/yotavis.ch\/pl\/produkt\/t3dso3104hd\/","title":{"rendered":"T3DSO3104HD"},"content":{"rendered":"<p>Teledyne Lecroy T3DSO3104HD to cyfrowy oscyloskop pami\u0119ci masowej o szeroko\u015bci pasma 1000 MHz i maksymalnej cz\u0119stotliwo\u015bci 1 GHz. Oferuje cztery kana\u0142y z cz\u0119stotliwo\u015bci\u0105 pr\u00f3bkowania 4 GS\/s i cz\u0119stotliwo\u015bci\u0105 pr\u00f3bkowania 2000 MS\/s na kana\u0142. Ka\u017cdy kana\u0142 jest wyposa\u017cony w pami\u0119\u0107 o g\u0142\u0119boko\u015bci 100 Mpts, co pozwala na szczeg\u00f3\u0142owe przechwytywanie i analiz\u0119 sygna\u0142u. Urz\u0105dzenie zapewnia rozdzielczo\u015b\u0107 pionow\u0105 12 bit\u00f3w, zwi\u0119kszaj\u0105c precyzj\u0119 pomiar\u00f3w przebieg\u00f3w. Oscyloskop posiada interfejs dotykowy do interakcji z u\u017cytkownikiem i obs\u0142uguje 400 Mpts na kana\u0142 w trybie przeplatania. Ten oscyloskop zosta\u0142 zaprojektowany do obs\u0142ugi z\u0142o\u017conych analiz sygna\u0142\u00f3w z wysok\u0105 cz\u0119stotliwo\u015bci\u0105 pr\u00f3bkowania i znaczn\u0105 pojemno\u015bci\u0105 pami\u0119ci w wielu kana\u0142ach.<\/p>","protected":false},"excerpt":{"rendered":"<p>1 GHz, 4 GS\/s z przeplotem, 4 CH, 400 Mpts\/Ch z przeplotem, DSO<\/p>","protected":false},"featured_media":7127,"comment_status":"closed","ping_status":"closed","template":"","meta":{"_acf_changed":false,"slim_seo":{"title":"T3DSO3104HD - YOTAVIS AG","description":"1 GHz, 4 GS\/s z przeplotem, 4 CH, 400 Mpts\/Ch z przeplotem, DSO"}},"product_brand":[542],"product_cat":[508,507],"product_tag":[],"class_list":{"0":"post-3914","1":"product","2":"type-product","3":"status-publish","4":"has-post-thumbnail","6":"product_brand-lecroy","7":"product_cat-desktop-en","8":"product_cat-oscilloscope","9":"pa_bandwidth-mhz-84","10":"pa_channels-338","11":"pa_digital-channels-opt","12":"pa_imax-ac-a-1019","13":"pa_memory-depht-mpts-93","14":"pa_sampling-rate-channels-ms-s-347","15":"pa_touch-screen-yes","16":"pa_vertical-resolution-bits-348","18":"first","19":"instock","20":"taxable","21":"shipping-taxable","22":"purchasable","23":"product-type-simple"},"acf":[],"_links":{"self":[{"href":"https:\/\/yotavis.ch\/pl\/wp-json\/wp\/v2\/product\/3914","targetHints":{"allow":["GET"]}}],"collection":[{"href":"https:\/\/yotavis.ch\/pl\/wp-json\/wp\/v2\/product"}],"about":[{"href":"https:\/\/yotavis.ch\/pl\/wp-json\/wp\/v2\/types\/product"}],"replies":[{"embeddable":true,"href":"https:\/\/yotavis.ch\/pl\/wp-json\/wp\/v2\/comments?post=3914"}],"wp:featuredmedia":[{"embeddable":true,"href":"https:\/\/yotavis.ch\/pl\/wp-json\/wp\/v2\/media\/7127"}],"wp:attachment":[{"href":"https:\/\/yotavis.ch\/pl\/wp-json\/wp\/v2\/media?parent=3914"}],"wp:term":[{"taxonomy":"product_brand","embeddable":true,"href":"https:\/\/yotavis.ch\/pl\/wp-json\/wp\/v2\/product_brand?post=3914"},{"taxonomy":"product_cat","embeddable":true,"href":"https:\/\/yotavis.ch\/pl\/wp-json\/wp\/v2\/product_cat?post=3914"},{"taxonomy":"product_tag","embeddable":true,"href":"https:\/\/yotavis.ch\/pl\/wp-json\/wp\/v2\/product_tag?post=3914"}],"curies":[{"name":"wp","href":"https:\/\/api.w.org\/{rel}","templated":true}]}}