{"id":3943,"date":"2025-10-09T00:00:00","date_gmt":"2025-10-08T22:00:00","guid":{"rendered":"https:\/\/yotavis.ch\/product\/t3ps12415\/"},"modified":"2026-04-24T13:32:01","modified_gmt":"2026-04-24T11:32:01","slug":"t3ps12415","status":"publish","type":"product","link":"https:\/\/yotavis.ch\/pl\/produkt\/t3ps12415\/","title":{"rendered":"T3PS12415"},"content":{"rendered":"<p>Teledyne Lecroy T3PS12415 to zasilacz sto\u0142owy z pojedynczym regulowanym wyj\u015bciem DC. Zapewnia zakres napi\u0119cia od 0 do 24 V i zakres pr\u0105du od 0 do 15 A, dzi\u0119ki czemu nadaje si\u0119 do r\u00f3\u017cnych zastosowa\u0144 testowych i rozwojowych. Zasilacz zapewnia maksymaln\u0105 moc wyj\u015bciow\u0105 360 wat\u00f3w. Dzia\u0142a bez mo\u017cliwo\u015bci zdalnego sterowania, koncentruj\u0105c si\u0119 na prostych r\u0119cznych regulacjach. Urz\u0105dzenie zosta\u0142o zaprojektowane tak, aby oferowa\u0107 stabiln\u0105 i niezawodn\u0105 moc z jednym kana\u0142em wyj\u015bciowym. Jego prze\u0142\u0105czana konstrukcja DC pozwala na wydajn\u0105 konwersj\u0119 mocy i regulacj\u0119. Ten zasilacz jest przeznaczony do u\u017cytku w \u015brodowiskach, w kt\u00f3rych wymagana jest precyzyjna kontrola napi\u0119cia i pr\u0105du.<\/p>","protected":false},"excerpt":{"rendered":"<p>Zasilacz sto\u0142owy, impulsowy DC, regulowany, 1 wyj\u015bcie, 0 V, 24 V, 0 A, 15 A<\/p>","protected":false},"featured_media":7184,"comment_status":"closed","ping_status":"closed","template":"","meta":{"_acf_changed":false,"slim_seo":{"title":"T3PS12415 - YOTAVIS AG","description":"Zasilacz sto\u0142owy, impulsowy DC, regulowany, 1 wyj\u015bcie, 0 V, 24 V, 0 A, 15 A"}},"product_brand":[542],"product_cat":[516,515],"product_tag":[],"class_list":{"0":"post-3943","1":"product","2":"type-product","3":"status-publish","4":"has-post-thumbnail","6":"product_brand-lecroy","7":"product_cat-dc-source-en","8":"product_cat-power-en","9":"pa_current-a-410","10":"pa_imax-ac-a-1019","11":"pa_output-number-146","12":"pa_power-w-403","13":"pa_remote-control-no","14":"pa_voltage-v-313","16":"first","17":"instock","18":"taxable","19":"shipping-taxable","20":"purchasable","21":"product-type-simple"},"acf":[],"_links":{"self":[{"href":"https:\/\/yotavis.ch\/pl\/wp-json\/wp\/v2\/product\/3943","targetHints":{"allow":["GET"]}}],"collection":[{"href":"https:\/\/yotavis.ch\/pl\/wp-json\/wp\/v2\/product"}],"about":[{"href":"https:\/\/yotavis.ch\/pl\/wp-json\/wp\/v2\/types\/product"}],"replies":[{"embeddable":true,"href":"https:\/\/yotavis.ch\/pl\/wp-json\/wp\/v2\/comments?post=3943"}],"wp:featuredmedia":[{"embeddable":true,"href":"https:\/\/yotavis.ch\/pl\/wp-json\/wp\/v2\/media\/7184"}],"wp:attachment":[{"href":"https:\/\/yotavis.ch\/pl\/wp-json\/wp\/v2\/media?parent=3943"}],"wp:term":[{"taxonomy":"product_brand","embeddable":true,"href":"https:\/\/yotavis.ch\/pl\/wp-json\/wp\/v2\/product_brand?post=3943"},{"taxonomy":"product_cat","embeddable":true,"href":"https:\/\/yotavis.ch\/pl\/wp-json\/wp\/v2\/product_cat?post=3943"},{"taxonomy":"product_tag","embeddable":true,"href":"https:\/\/yotavis.ch\/pl\/wp-json\/wp\/v2\/product_tag?post=3943"}],"curies":[{"name":"wp","href":"https:\/\/api.w.org\/{rel}","templated":true}]}}