{"id":3950,"date":"2025-10-09T00:00:00","date_gmt":"2025-10-08T22:00:00","guid":{"rendered":"https:\/\/yotavis.ch\/product\/t3ps23203p\/"},"modified":"2026-04-24T13:32:05","modified_gmt":"2026-04-24T11:32:05","slug":"t3ps23203p","status":"publish","type":"product","link":"https:\/\/yotavis.ch\/pl\/produkt\/t3ps23203p\/","title":{"rendered":"T3PS23203P"},"content":{"rendered":"<p>Teledyne Lecroy T3PS23203P to programowalny, liniowy zasilacz pr\u0105du sta\u0142ego z dwoma wyj\u015bciami o zakresie napi\u0119cia od 0 do 32 V i wydajno\u015bci pr\u0105dowej do 3 amper\u00f3w. Zapewnia ca\u0142kowit\u0105 moc wyj\u015bciow\u0105 217 W, dzi\u0119ki czemu nadaje si\u0119 do r\u00f3\u017cnych zastosowa\u0144 wymagaj\u0105cych precyzyjnej kontroli napi\u0119cia i pr\u0105du. Zasilacz obs\u0142uguje funkcj\u0119 zdalnego sterowania, umo\u017cliwiaj\u0105c u\u017cytkownikom obs\u0142ug\u0119 i regulacj\u0119 ustawie\u0144 na odleg\u0142o\u015b\u0107. Konstrukcja z podw\u00f3jnym wyj\u015bciem umo\u017cliwia jednoczesne zasilanie dw\u00f3ch oddzielnych obwod\u00f3w lub urz\u0105dze\u0144, zwi\u0119kszaj\u0105c wszechstronno\u015b\u0107 w \u015brodowiskach testowych i rozwojowych. Dzi\u0119ki liniowej regulacji, urz\u0105dzenie zapewnia stabiln\u0105 i cich\u0105 moc wyj\u015bciow\u0105, co jest niezb\u0119dne dla wra\u017cliwych komponent\u00f3w elektronicznych. Maksymalne napi\u0119cie wyj\u015bciowe wynosi 32 V, a maksymalny pr\u0105d wyj\u015bciowy to 3 A na kana\u0142, co zapewnia odpowiednie zasilanie dla szerokiego zakresu potrzeb testowania elektroniki. Model ten zosta\u0142 zaprojektowany, aby spe\u0142ni\u0107 wymagania u\u017cytkownik\u00f3w wymagaj\u0105cych niezawodnych i programowalnych \u017ar\u00f3de\u0142 zasilania DC.<\/p>","protected":false},"excerpt":{"rendered":"<p>Programowalny liniowy zasilacz DC, 2 wyj\u015bcia, 0-32V\/0-3A<\/p>","protected":false},"featured_media":7192,"comment_status":"closed","ping_status":"closed","template":"","meta":{"_acf_changed":false,"slim_seo":{"title":"T3PS23203P - YOTAVIS AG","description":"Programowalny liniowy zasilacz DC, 2 wyj\u015bcia, 0-32V\/0-3A"}},"product_brand":[542],"product_cat":[546,515],"product_tag":[],"class_list":{"0":"post-3950","1":"product","2":"type-product","3":"status-publish","4":"has-post-thumbnail","6":"product_brand-lecroy","7":"product_cat-dc-2-quadrants-en","8":"product_cat-power-en","9":"pa_current-a-485","10":"pa_imax-ac-a-1019","11":"pa_output-number-153","12":"pa_power-w-486","13":"pa_remote-control-yes","14":"pa_voltage-v-140","16":"first","17":"instock","18":"taxable","19":"shipping-taxable","20":"purchasable","21":"product-type-simple"},"acf":[],"_links":{"self":[{"href":"https:\/\/yotavis.ch\/pl\/wp-json\/wp\/v2\/product\/3950","targetHints":{"allow":["GET"]}}],"collection":[{"href":"https:\/\/yotavis.ch\/pl\/wp-json\/wp\/v2\/product"}],"about":[{"href":"https:\/\/yotavis.ch\/pl\/wp-json\/wp\/v2\/types\/product"}],"replies":[{"embeddable":true,"href":"https:\/\/yotavis.ch\/pl\/wp-json\/wp\/v2\/comments?post=3950"}],"wp:featuredmedia":[{"embeddable":true,"href":"https:\/\/yotavis.ch\/pl\/wp-json\/wp\/v2\/media\/7192"}],"wp:attachment":[{"href":"https:\/\/yotavis.ch\/pl\/wp-json\/wp\/v2\/media?parent=3950"}],"wp:term":[{"taxonomy":"product_brand","embeddable":true,"href":"https:\/\/yotavis.ch\/pl\/wp-json\/wp\/v2\/product_brand?post=3950"},{"taxonomy":"product_cat","embeddable":true,"href":"https:\/\/yotavis.ch\/pl\/wp-json\/wp\/v2\/product_cat?post=3950"},{"taxonomy":"product_tag","embeddable":true,"href":"https:\/\/yotavis.ch\/pl\/wp-json\/wp\/v2\/product_tag?post=3950"}],"curies":[{"name":"wp","href":"https:\/\/api.w.org\/{rel}","templated":true}]}}