{"id":3960,"date":"2025-10-09T00:00:00","date_gmt":"2025-10-08T22:00:00","guid":{"rendered":"https:\/\/yotavis.ch\/product\/t3ps40381p\/"},"modified":"2026-04-24T13:32:09","modified_gmt":"2026-04-24T11:32:09","slug":"t3ps40381p","status":"publish","type":"product","link":"https:\/\/yotavis.ch\/pl\/produkt\/t3ps40381p\/","title":{"rendered":"T3PS40381P"},"content":{"rendered":"<p>T3PS40381P to jednokana\u0142owy zasilacz pr\u0105du sta\u0142ego o mocy 1520 W, przeznaczony do monta\u017cu w szafie rack 19 cali 1U. Pracuje przy napi\u0119ciu 40 V i mo\u017ce dostarcza\u0107 pr\u0105d o nat\u0119\u017ceniu do 38 amper\u00f3w. Zasilacz posiada jeden kana\u0142 wyj\u015bciowy i obs\u0142uguje funkcj\u0119 zdalnego sterowania, umo\u017cliwiaj\u0105c wygodn\u0105 obs\u0142ug\u0119 i integracj\u0119 z zautomatyzowanymi systemami. Kompaktowa konstrukcja sprawia, \u017ce nadaje si\u0119 on do u\u017cytku w \u015brodowiskach o ograniczonej przestrzeni, takich jak laboratoria testowe lub linie produkcyjne. Jego specyfikacje wskazuj\u0105 na skupienie si\u0119 na dostarczaniu stabilnego i niezawodnego zasilania pr\u0105dem sta\u0142ym w okre\u015blonych granicach napi\u0119cia i pr\u0105du. Urz\u0105dzenie zosta\u0142o wyprodukowane przez Teledyne Lecroy, firm\u0119 znan\u0105 z produkcji elektronicznego sprz\u0119tu testowego. Model ten jest przeznaczony do zastosowa\u0144 wymagaj\u0105cych precyzyjnej i kontrolowanej mocy wyj\u015bciowej DC w konfiguracji montowanej w szafie.<\/p>","protected":false},"excerpt":{"rendered":"<p>1520W Single Channel 19&#8243;, 1U, Rack Mounted DC Power Supply<\/p>","protected":false},"featured_media":7177,"comment_status":"closed","ping_status":"closed","template":"","meta":{"_acf_changed":false,"slim_seo":{"title":"T3PS40381P - YOTAVIS AG","description":"1520W Jednokana\u0142owy zasilacz DC do monta\u017cu w szafie typu Rack 19\", 1U"}},"product_brand":[542],"product_cat":[516,515],"product_tag":[],"class_list":{"0":"post-3960","1":"product","2":"type-product","3":"status-publish","4":"has-post-thumbnail","6":"product_brand-lecroy","7":"product_cat-dc-source-en","8":"product_cat-power-en","9":"pa_current-a-495","10":"pa_imax-ac-a-1019","11":"pa_output-number-146","12":"pa_power-w-494","13":"pa_remote-control-yes","14":"pa_voltage-v-152","16":"first","17":"instock","18":"taxable","19":"shipping-taxable","20":"purchasable","21":"product-type-simple"},"acf":[],"_links":{"self":[{"href":"https:\/\/yotavis.ch\/pl\/wp-json\/wp\/v2\/product\/3960","targetHints":{"allow":["GET"]}}],"collection":[{"href":"https:\/\/yotavis.ch\/pl\/wp-json\/wp\/v2\/product"}],"about":[{"href":"https:\/\/yotavis.ch\/pl\/wp-json\/wp\/v2\/types\/product"}],"replies":[{"embeddable":true,"href":"https:\/\/yotavis.ch\/pl\/wp-json\/wp\/v2\/comments?post=3960"}],"wp:featuredmedia":[{"embeddable":true,"href":"https:\/\/yotavis.ch\/pl\/wp-json\/wp\/v2\/media\/7177"}],"wp:attachment":[{"href":"https:\/\/yotavis.ch\/pl\/wp-json\/wp\/v2\/media?parent=3960"}],"wp:term":[{"taxonomy":"product_brand","embeddable":true,"href":"https:\/\/yotavis.ch\/pl\/wp-json\/wp\/v2\/product_brand?post=3960"},{"taxonomy":"product_cat","embeddable":true,"href":"https:\/\/yotavis.ch\/pl\/wp-json\/wp\/v2\/product_cat?post=3960"},{"taxonomy":"product_tag","embeddable":true,"href":"https:\/\/yotavis.ch\/pl\/wp-json\/wp\/v2\/product_tag?post=3960"}],"curies":[{"name":"wp","href":"https:\/\/api.w.org\/{rel}","templated":true}]}}