{"id":3963,"date":"2025-10-09T00:00:00","date_gmt":"2025-10-08T22:00:00","guid":{"rendered":"https:\/\/yotavis.ch\/product\/t3ps60033p\/"},"modified":"2026-04-24T13:32:10","modified_gmt":"2026-04-24T11:32:10","slug":"t3ps60033p","status":"publish","type":"product","link":"https:\/\/yotavis.ch\/pl\/produkt\/t3ps60033p\/","title":{"rendered":"T3PS60033P"},"content":{"rendered":"<p>Teledyne Lecroy T3PS60033P to programowalny liniowy zasilacz pr\u0105du sta\u0142ego z trzema wyj\u015bciami o zakresie napi\u0119\u0107 do 60V i nat\u0119\u017ceniu pr\u0105du do 3A. Oferuje wyj\u015bcia o sta\u0142ym napi\u0119ciu 1,8 V, 2,5 V, 3,3 V i 5 V z maksymalnym pr\u0105dem 5 A. Zasilacz zapewnia ca\u0142kowit\u0105 moc wyj\u015bciow\u0105 385 W, obs\u0142uguj\u0105c r\u00f3\u017cne aplikacje wymagaj\u0105ce stabilnego i regulowanego zasilania pr\u0105dem sta\u0142ym. W zestawie znajduje si\u0119 mo\u017cliwo\u015b\u0107 zdalnego sterowania, co pozwala na wygodn\u0105 obs\u0142ug\u0119 i integracj\u0119 ze zautomatyzowanymi systemami testowymi. Urz\u0105dzenie zosta\u0142o zaprojektowane tak, aby zapewni\u0107 precyzyjn\u0105 kontrol\u0119 napi\u0119cia i pr\u0105du na trzech wyj\u015bciach, dzi\u0119ki czemu nadaje si\u0119 do z\u0142o\u017conych \u015brodowisk testowych. Wiele kana\u0142\u00f3w wyj\u015bciowych umo\u017cliwia jednoczesne zasilanie r\u00f3\u017cnych obwod\u00f3w lub komponent\u00f3w. Po\u0142\u0105czenie programowalnych funkcji i wielu poziom\u00f3w napi\u0119cia zwi\u0119ksza jego wszechstronno\u015b\u0107 w warunkach laboratoryjnych i przemys\u0142owych.<\/p>","protected":false},"excerpt":{"rendered":"<p>Programowalny liniowy zasilacz DC 3 wyj\u015bcia, 0-60V\/0-3A\/1.8V\/2.5V\/3.3V\/5V5A<\/p>","protected":false},"featured_media":7207,"comment_status":"closed","ping_status":"closed","template":"","meta":{"_acf_changed":false,"slim_seo":{"title":"T3PS60033P - YOTAVIS AG","description":"Programowalny liniowy zasilacz DC 3 wyj\u015bcia, 0-60V\/0-3A\/1.8V\/2.5V\/3.3V\/5V5A"}},"product_brand":[542],"product_cat":[516,515],"product_tag":[],"class_list":{"0":"post-3963","1":"product","2":"type-product","3":"status-publish","4":"has-post-thumbnail","6":"product_brand-lecroy","7":"product_cat-dc-source-en","8":"product_cat-power-en","9":"pa_current-a-485","10":"pa_imax-ac-a-1019","11":"pa_output-number-141","12":"pa_power-w-490","13":"pa_remote-control-yes","14":"pa_voltage-v-314","16":"first","17":"instock","18":"taxable","19":"shipping-taxable","20":"purchasable","21":"product-type-simple"},"acf":[],"_links":{"self":[{"href":"https:\/\/yotavis.ch\/pl\/wp-json\/wp\/v2\/product\/3963","targetHints":{"allow":["GET"]}}],"collection":[{"href":"https:\/\/yotavis.ch\/pl\/wp-json\/wp\/v2\/product"}],"about":[{"href":"https:\/\/yotavis.ch\/pl\/wp-json\/wp\/v2\/types\/product"}],"replies":[{"embeddable":true,"href":"https:\/\/yotavis.ch\/pl\/wp-json\/wp\/v2\/comments?post=3963"}],"wp:featuredmedia":[{"embeddable":true,"href":"https:\/\/yotavis.ch\/pl\/wp-json\/wp\/v2\/media\/7207"}],"wp:attachment":[{"href":"https:\/\/yotavis.ch\/pl\/wp-json\/wp\/v2\/media?parent=3963"}],"wp:term":[{"taxonomy":"product_brand","embeddable":true,"href":"https:\/\/yotavis.ch\/pl\/wp-json\/wp\/v2\/product_brand?post=3963"},{"taxonomy":"product_cat","embeddable":true,"href":"https:\/\/yotavis.ch\/pl\/wp-json\/wp\/v2\/product_cat?post=3963"},{"taxonomy":"product_tag","embeddable":true,"href":"https:\/\/yotavis.ch\/pl\/wp-json\/wp\/v2\/product_tag?post=3963"}],"curies":[{"name":"wp","href":"https:\/\/api.w.org\/{rel}","templated":true}]}}