{"id":3979,"date":"2025-10-09T00:00:00","date_gmt":"2025-10-08T22:00:00","guid":{"rendered":"https:\/\/yotavis.ch\/product\/t3cp30-50\/"},"modified":"2026-04-24T13:32:17","modified_gmt":"2026-04-24T11:32:17","slug":"t3cp30-50","status":"publish","type":"product","link":"https:\/\/yotavis.ch\/pl\/produkt\/t3cp30-50\/","title":{"rendered":"T3CP30-50"},"content":{"rendered":"<p>T3CP30-50 firmy Teledyne Lecroy to sonda pr\u0105dowa zaprojektowana do pomiaru pr\u0105d\u00f3w o warto\u015bci skutecznej do 30 A i szczytowej wydajno\u015bci impulsowej 50 A. Dzia\u0142a z szeroko\u015bci\u0105 pasma 50 MHz, umo\u017cliwiaj\u0105c przechwytywanie sygna\u0142\u00f3w w tym zakresie cz\u0119stotliwo\u015bci. Sonda wyposa\u017cona jest w z\u0142\u0105cze BNC i obs\u0142uguje zar\u00f3wno pomiary pr\u0105du AC, jak i DC. Jej interfejs jest uniwersalny, co zapewnia kompatybilno\u015b\u0107 z szerok\u0105 gam\u0105 urz\u0105dze\u0144. Ta sonda pr\u0105dowa jest odpowiednia do zastosowa\u0144 wymagaj\u0105cych precyzyjnego pomiaru pr\u0105du w okre\u015blonych granicach. Urz\u0105dzenie zosta\u0142o zaprojektowane do obs\u0142ugi maksymalnego pr\u0105du 30 A, dzi\u0119ki czemu nadaje si\u0119 do r\u00f3\u017cnych zada\u0144 testowych i diagnostycznych. Jego konstrukcja koncentruje si\u0119 na dostarczaniu dok\u0142adnych odczyt\u00f3w pr\u0105du w ca\u0142ym pa\u015bmie operacyjnym.<\/p>","protected":false},"excerpt":{"rendered":"<p>Sonda pr\u0105dowa 30 A, 50 MHz, BNC, AC\/DC, 30 A warto\u015b\u0107 skuteczna, 50 A impuls szczytowy<\/p>","protected":false},"featured_media":7240,"comment_status":"closed","ping_status":"closed","template":"","meta":{"_acf_changed":false,"slim_seo":{"title":"T3CP30-50 - YOTAVIS AG","description":"Sonda pr\u0105dowa 30 A, 50 MHz, BNC, AC\/DC, 30 A warto\u015b\u0107 skuteczna, 50 A impuls szczytowy"}},"product_brand":[542],"product_cat":[536,509],"product_tag":[],"class_list":{"0":"post-3979","1":"product","2":"type-product","3":"status-publish","4":"has-post-thumbnail","6":"product_brand-lecroy","7":"product_cat-current-probes-en","8":"product_cat-probes-en","9":"pa_bandwidth-mhz-100","10":"pa_current-max-a-450","11":"pa_imax-ac-a-1019","12":"pa_interface-universal","14":"first","15":"instock","16":"taxable","17":"shipping-taxable","18":"purchasable","19":"product-type-simple"},"acf":[],"_links":{"self":[{"href":"https:\/\/yotavis.ch\/pl\/wp-json\/wp\/v2\/product\/3979","targetHints":{"allow":["GET"]}}],"collection":[{"href":"https:\/\/yotavis.ch\/pl\/wp-json\/wp\/v2\/product"}],"about":[{"href":"https:\/\/yotavis.ch\/pl\/wp-json\/wp\/v2\/types\/product"}],"replies":[{"embeddable":true,"href":"https:\/\/yotavis.ch\/pl\/wp-json\/wp\/v2\/comments?post=3979"}],"wp:featuredmedia":[{"embeddable":true,"href":"https:\/\/yotavis.ch\/pl\/wp-json\/wp\/v2\/media\/7240"}],"wp:attachment":[{"href":"https:\/\/yotavis.ch\/pl\/wp-json\/wp\/v2\/media?parent=3979"}],"wp:term":[{"taxonomy":"product_brand","embeddable":true,"href":"https:\/\/yotavis.ch\/pl\/wp-json\/wp\/v2\/product_brand?post=3979"},{"taxonomy":"product_cat","embeddable":true,"href":"https:\/\/yotavis.ch\/pl\/wp-json\/wp\/v2\/product_cat?post=3979"},{"taxonomy":"product_tag","embeddable":true,"href":"https:\/\/yotavis.ch\/pl\/wp-json\/wp\/v2\/product_tag?post=3979"}],"curies":[{"name":"wp","href":"https:\/\/api.w.org\/{rel}","templated":true}]}}