{"id":3984,"date":"2025-10-09T00:00:00","date_gmt":"2025-10-08T22:00:00","guid":{"rendered":"https:\/\/yotavis.ch\/product\/t3hvd7000-100\/"},"modified":"2026-04-24T13:32:19","modified_gmt":"2026-04-24T11:32:19","slug":"t3hvd7000-100","status":"publish","type":"product","link":"https:\/\/yotavis.ch\/pl\/produkt\/t3hvd7000-100\/","title":{"rendered":"T3HVD7000-100"},"content":{"rendered":"<p>Teledyne Lecroy T3HVD7000-100 to wysokonapi\u0119ciowa sonda r\u00f3\u017cnicowa zaprojektowana do obs\u0142ugi napi\u0119\u0107 do 7 kV z szeroko\u015bci\u0105 pasma 100 MHz. Charakteryzuje si\u0119 nisk\u0105 pojemno\u015bci\u0105 wej\u015bciow\u0105 2,5 pF i wysok\u0105 rezystancj\u0105 wej\u015bciow\u0105 40 Mega-\u03a9, co pomaga zachowa\u0107 integralno\u015b\u0107 sygna\u0142u podczas pomiar\u00f3w. Sonda oferuje szybki czas narastania poni\u017cej 3,5 nanosekundy, dzi\u0119ki czemu nadaje si\u0119 do rejestrowania szybkich przej\u015b\u0107 sygna\u0142u. Uniwersalny interfejs zapewnia kompatybilno\u015b\u0107 z szerok\u0105 gam\u0105 urz\u0105dze\u0144 testowych. Sonda ta zosta\u0142a zaprojektowana w celu zapewnienia precyzyjnych pomiar\u00f3w napi\u0119cia r\u00f3\u017cnicowego w \u015brodowiskach wysokiego napi\u0119cia, wspieraj\u0105c dok\u0142adn\u0105 analiz\u0119 z\u0142o\u017conych sygna\u0142\u00f3w. Po\u0142\u0105czenie mo\u017cliwo\u015bci pomiaru wysokiego napi\u0119cia i du\u017cej szeroko\u015bci pasma sprawia, \u017ce jest to wszechstronne narz\u0119dzie do r\u00f3\u017cnych zastosowa\u0144 testowania elektroniki.<\/p>","protected":false},"excerpt":{"rendered":"<p>7kV, 100 MHz, 2.5 pF,40 Mega-\u03a9, Rise Time < 3.5 ns, High Voltage Differential Probe\n<\/p>","protected":false},"featured_media":7244,"comment_status":"closed","ping_status":"closed","template":"","meta":{"_acf_changed":false,"slim_seo":{"title":"T3HVD7000-100 - YOTAVIS AG","description":"7kV, 100 MHz, 2.5 pF,40 Mega-\u03a9, Rise Time < 3.5 ns, High Voltage Differential Probe"}},"product_brand":[542],"product_cat":[537,509],"product_tag":[],"class_list":{"0":"post-3984","1":"product","2":"type-product","3":"status-publish","4":"has-post-thumbnail","6":"product_brand-lecroy","7":"product_cat-high-voltage-probes-en","8":"product_cat-probes-en","9":"pa_bandwidth-mhz-90","10":"pa_imax-ac-a-1019","11":"pa_interface-universal","12":"pa_voltage-max-v-225","14":"first","15":"instock","16":"taxable","17":"shipping-taxable","18":"purchasable","19":"product-type-simple"},"acf":[],"_links":{"self":[{"href":"https:\/\/yotavis.ch\/pl\/wp-json\/wp\/v2\/product\/3984","targetHints":{"allow":["GET"]}}],"collection":[{"href":"https:\/\/yotavis.ch\/pl\/wp-json\/wp\/v2\/product"}],"about":[{"href":"https:\/\/yotavis.ch\/pl\/wp-json\/wp\/v2\/types\/product"}],"replies":[{"embeddable":true,"href":"https:\/\/yotavis.ch\/pl\/wp-json\/wp\/v2\/comments?post=3984"}],"wp:featuredmedia":[{"embeddable":true,"href":"https:\/\/yotavis.ch\/pl\/wp-json\/wp\/v2\/media\/7244"}],"wp:attachment":[{"href":"https:\/\/yotavis.ch\/pl\/wp-json\/wp\/v2\/media?parent=3984"}],"wp:term":[{"taxonomy":"product_brand","embeddable":true,"href":"https:\/\/yotavis.ch\/pl\/wp-json\/wp\/v2\/product_brand?post=3984"},{"taxonomy":"product_cat","embeddable":true,"href":"https:\/\/yotavis.ch\/pl\/wp-json\/wp\/v2\/product_cat?post=3984"},{"taxonomy":"product_tag","embeddable":true,"href":"https:\/\/yotavis.ch\/pl\/wp-json\/wp\/v2\/product_tag?post=3984"}],"curies":[{"name":"wp","href":"https:\/\/api.w.org\/{rel}","templated":true}]}}