{"id":3987,"date":"2025-10-09T00:00:00","date_gmt":"2025-10-08T22:00:00","guid":{"rendered":"https:\/\/yotavis.ch\/product\/waverunner-9104\/"},"modified":"2026-04-24T13:32:20","modified_gmt":"2026-04-24T11:32:20","slug":"waverunner-9104","status":"publish","type":"product","link":"https:\/\/yotavis.ch\/pl\/produkt\/waverunner-9104\/","title":{"rendered":"WAVERUNNER 9104"},"content":{"rendered":"<p>Teledyne Lecroy WAVERUNNER 9104 to cyfrowy oscyloskop pami\u0119ci masowej o szeroko\u015bci pasma 1 GHz i cz\u0119stotliwo\u015bci pr\u00f3bkowania 20 GS\/s w czterech kana\u0142ach. Ka\u017cdy kana\u0142 jest wyposa\u017cony w 16 milion\u00f3w punkt\u00f3w g\u0142\u0119boko\u015bci pami\u0119ci, w sumie 32 miliony punkt\u00f3w, co pozwala na szczeg\u00f3\u0142ow\u0105 analiz\u0119 sygna\u0142u. Urz\u0105dzenie oferuje 8-bitow\u0105 rozdzielczo\u015b\u0107 pionow\u0105 i jest wyposa\u017cone w 15,4-calowy pojemno\u015bciowy ekran dotykowy zapewniaj\u0105cy intuicyjn\u0105 obs\u0142ug\u0119. Dzi\u0119ki czterem kana\u0142om wej\u015bciowym obs\u0142uguje jednoczesne pomiary wielokana\u0142owe. Oscyloskop nie zawiera kana\u0142\u00f3w cyfrowych, ale zapewnia szybkie pr\u00f3bkowanie z pr\u0119dko\u015bci\u0105 10 000 MS\/s na kana\u0142. Ta kombinacja funkcji sprawia, \u017ce nadaje si\u0119 on do przechwytywania i analizowania sygna\u0142\u00f3w o wysokiej cz\u0119stotliwo\u015bci z precyzj\u0105 i przejrzysto\u015bci\u0105.<\/p>","protected":false},"excerpt":{"rendered":"<p>1 GHz, 20 GS\/s, 4 Ch, 16 Mpts\/Ch DSO with 15.4&#8243; Capacitive Display<\/p>","protected":false},"featured_media":7253,"comment_status":"closed","ping_status":"closed","template":"","meta":{"_acf_changed":false,"slim_seo":{"title":"WAVERUNNER 9104 - YOTAVIS AG","description":"1 GHz, 20 GS\/s, 4 Ch, 16 Mpts\/Ch DSO z 15,4\" wy\u015bwietlaczem pojemno\u015bciowym"}},"product_brand":[542],"product_cat":[508,507],"product_tag":[],"class_list":{"0":"post-3987","1":"product","2":"type-product","3":"status-publish","4":"has-post-thumbnail","6":"product_brand-lecroy","7":"product_cat-desktop-en","8":"product_cat-oscilloscope","9":"pa_bandwidth-mhz-84","10":"pa_channels-338","11":"pa_digital-channels-no","12":"pa_imax-ac-a-1019","13":"pa_memory-depht-mpts-324","14":"pa_sampling-rate-channels-ms-s-455","15":"pa_touch-screen-yes","16":"pa_vertical-resolution-bits-340","18":"first","19":"instock","20":"taxable","21":"shipping-taxable","22":"product-type-simple"},"acf":[],"_links":{"self":[{"href":"https:\/\/yotavis.ch\/pl\/wp-json\/wp\/v2\/product\/3987","targetHints":{"allow":["GET"]}}],"collection":[{"href":"https:\/\/yotavis.ch\/pl\/wp-json\/wp\/v2\/product"}],"about":[{"href":"https:\/\/yotavis.ch\/pl\/wp-json\/wp\/v2\/types\/product"}],"replies":[{"embeddable":true,"href":"https:\/\/yotavis.ch\/pl\/wp-json\/wp\/v2\/comments?post=3987"}],"wp:featuredmedia":[{"embeddable":true,"href":"https:\/\/yotavis.ch\/pl\/wp-json\/wp\/v2\/media\/7253"}],"wp:attachment":[{"href":"https:\/\/yotavis.ch\/pl\/wp-json\/wp\/v2\/media?parent=3987"}],"wp:term":[{"taxonomy":"product_brand","embeddable":true,"href":"https:\/\/yotavis.ch\/pl\/wp-json\/wp\/v2\/product_brand?post=3987"},{"taxonomy":"product_cat","embeddable":true,"href":"https:\/\/yotavis.ch\/pl\/wp-json\/wp\/v2\/product_cat?post=3987"},{"taxonomy":"product_tag","embeddable":true,"href":"https:\/\/yotavis.ch\/pl\/wp-json\/wp\/v2\/product_tag?post=3987"}],"curies":[{"name":"wp","href":"https:\/\/api.w.org\/{rel}","templated":true}]}}