{"id":4007,"date":"2025-10-09T00:00:00","date_gmt":"2025-10-08T22:00:00","guid":{"rendered":"https:\/\/yotavis.ch\/product\/mda-8058hd\/"},"modified":"2026-04-24T13:32:29","modified_gmt":"2026-04-24T11:32:29","slug":"mda-8058hd","status":"publish","type":"product","link":"https:\/\/yotavis.ch\/pl\/produkt\/mda-8058hd\/","title":{"rendered":"MDA 8058HD"},"content":{"rendered":"<p>Teledyne Lecroy MDA 8058HD to analizator nap\u0119d\u00f3w silnikowych wyposa\u017cony w 8 kana\u0142\u00f3w o szeroko\u015bci pasma 500 MHz. Oferuje rozdzielczo\u015b\u0107 pionow\u0105 12 bit\u00f3w i wysok\u0105 cz\u0119stotliwo\u015b\u0107 pr\u00f3bkowania 10 GS\/s na kana\u0142, umo\u017cliwiaj\u0105c szczeg\u00f3\u0142ow\u0105 analiz\u0119 sygna\u0142u. Ka\u017cdy kana\u0142 jest wyposa\u017cony w pami\u0119\u0107 o pojemno\u015bci 50 milion\u00f3w punkt\u00f3w, co umo\u017cliwia przechwytywanie du\u017cej ilo\u015bci danych. Urz\u0105dzenie posiada interfejs dotykowy do interakcji z u\u017cytkownikiem. Dodatkowo zapewnia cz\u0119stotliwo\u015b\u0107 pr\u00f3bkowania 10 000 MS\/s i g\u0142\u0119boko\u015b\u0107 pami\u0119ci 1250 Mpts, u\u0142atwiaj\u0105c szybkie pozyskiwanie i przechowywanie danych. Analizator ten zosta\u0142 zaprojektowany do precyzyjnej i wydajnej obs\u0142ugi z\u0142o\u017conych sygna\u0142\u00f3w nap\u0119du silnikowego.<\/p>","protected":false},"excerpt":{"rendered":"<p>Analizator nap\u0119d\u00f3w silnikowych 500 MHz, 8-kana\u0142owy, 12-bitowy, 10 GS\/s, 50 Mpts\/Ch<\/p>","protected":false},"featured_media":7272,"comment_status":"closed","ping_status":"closed","template":"","meta":{"_acf_changed":false,"slim_seo":{"title":"MDA 8058HD - YOTAVIS AG","description":"Analizator nap\u0119d\u00f3w silnikowych 500 MHz, 8-kana\u0142owy, 12-bitowy, 10 GS\/s, 50 Mpts\/Ch"}},"product_brand":[542],"product_cat":[508,507],"product_tag":[],"class_list":{"0":"post-4007","1":"product","2":"type-product","3":"status-publish","4":"has-post-thumbnail","6":"product_brand-lecroy","7":"product_cat-desktop-en","8":"product_cat-oscilloscope","9":"pa_bandwidth-mhz-83","10":"pa_channels-459","11":"pa_digital-channels-opt","12":"pa_imax-ac-a-1019","13":"pa_memory-depht-mpts-327","14":"pa_sampling-rate-channels-ms-s-455","15":"pa_touch-screen-yes","16":"pa_vertical-resolution-bits-348","18":"first","19":"instock","20":"taxable","21":"shipping-taxable","22":"product-type-simple"},"acf":[],"_links":{"self":[{"href":"https:\/\/yotavis.ch\/pl\/wp-json\/wp\/v2\/product\/4007","targetHints":{"allow":["GET"]}}],"collection":[{"href":"https:\/\/yotavis.ch\/pl\/wp-json\/wp\/v2\/product"}],"about":[{"href":"https:\/\/yotavis.ch\/pl\/wp-json\/wp\/v2\/types\/product"}],"replies":[{"embeddable":true,"href":"https:\/\/yotavis.ch\/pl\/wp-json\/wp\/v2\/comments?post=4007"}],"wp:featuredmedia":[{"embeddable":true,"href":"https:\/\/yotavis.ch\/pl\/wp-json\/wp\/v2\/media\/7272"}],"wp:attachment":[{"href":"https:\/\/yotavis.ch\/pl\/wp-json\/wp\/v2\/media?parent=4007"}],"wp:term":[{"taxonomy":"product_brand","embeddable":true,"href":"https:\/\/yotavis.ch\/pl\/wp-json\/wp\/v2\/product_brand?post=4007"},{"taxonomy":"product_cat","embeddable":true,"href":"https:\/\/yotavis.ch\/pl\/wp-json\/wp\/v2\/product_cat?post=4007"},{"taxonomy":"product_tag","embeddable":true,"href":"https:\/\/yotavis.ch\/pl\/wp-json\/wp\/v2\/product_tag?post=4007"}],"curies":[{"name":"wp","href":"https:\/\/api.w.org\/{rel}","templated":true}]}}