{"id":4011,"date":"2025-10-09T00:00:00","date_gmt":"2025-10-08T22:00:00","guid":{"rendered":"https:\/\/yotavis.ch\/product\/wavepro-404hd\/"},"modified":"2026-04-24T13:32:33","modified_gmt":"2026-04-24T11:32:33","slug":"wavepro-404hd","status":"publish","type":"product","link":"https:\/\/yotavis.ch\/pl\/produkt\/wavepro-404hd\/","title":{"rendered":"WAVEPRO 404HD"},"content":{"rendered":"<p>WAVEPRO 404HD firmy Teledyne Lecroy to oscyloskop wysokiej rozdzielczo\u015bci o szeroko\u015bci pasma 4000 MHz i czterech kana\u0142ach. Oferuje rozdzielczo\u015b\u0107 pionow\u0105 12 bit\u00f3w i maksymaln\u0105 cz\u0119stotliwo\u015b\u0107 pr\u00f3bkowania 20 GS\/s, przy czym ka\u017cdy kana\u0142 mo\u017ce pr\u00f3bkowa\u0107 z pr\u0119dko\u015bci\u0105 10 000 MS\/s. G\u0142\u0119boko\u015b\u0107 pami\u0119ci urz\u0105dzenia wynosi 100 milion\u00f3w punkt\u00f3w na kana\u0142, co pozwala na obszerne przechwytywanie i analiz\u0119 danych. Oscyloskop jest wyposa\u017cony w 15,6-calowy ekran dotykowy, zwi\u0119kszaj\u0105cy interakcj\u0119 z u\u017cytkownikiem i kontrol\u0119. Oscyloskop nie zawiera kana\u0142\u00f3w cyfrowych, ale obs\u0142uguje zaawansowan\u0105 akwizycj\u0119 przebieg\u00f3w z g\u0142\u0119boko\u015bci\u0105 pami\u0119ci 2500 Mpts. Model ten zosta\u0142 zaprojektowany do obs\u0142ugi z\u0142o\u017conych pomiar\u00f3w sygna\u0142\u00f3w z precyzj\u0105 i przejrzysto\u015bci\u0105.<\/p>","protected":false},"excerpt":{"rendered":"<p>4 GHz, 4 Ch, 12 bits, 20 GS\/s, 100 Mpts\/Ch HD Oscilloscope with 15.6&#8243; Display<\/p>","protected":false},"featured_media":7275,"comment_status":"closed","ping_status":"closed","template":"","meta":{"_acf_changed":false,"slim_seo":{"title":"WAVEPRO 404HD - YOTAVIS AG","description":"Oscyloskop HD 4 GHz, 4-kana\u0142owy, 12 bit\u00f3w, 20 GS\/s, 100 Mpts\/Ch z wy\u015bwietlaczem 15,6\""}},"product_brand":[542],"product_cat":[508,507],"product_tag":[],"class_list":{"0":"post-4011","1":"product","2":"type-product","3":"status-publish","4":"has-post-thumbnail","6":"product_brand-lecroy","7":"product_cat-desktop-en","8":"product_cat-oscilloscope","9":"pa_bandwidth-mhz-232","10":"pa_channels-338","11":"pa_digital-channels-no","12":"pa_imax-ac-a-1019","13":"pa_memory-depht-mpts-244","14":"pa_sampling-rate-channels-ms-s-455","15":"pa_touch-screen-yes","16":"pa_vertical-resolution-bits-348","18":"first","19":"instock","20":"taxable","21":"shipping-taxable","22":"product-type-simple"},"acf":[],"_links":{"self":[{"href":"https:\/\/yotavis.ch\/pl\/wp-json\/wp\/v2\/product\/4011","targetHints":{"allow":["GET"]}}],"collection":[{"href":"https:\/\/yotavis.ch\/pl\/wp-json\/wp\/v2\/product"}],"about":[{"href":"https:\/\/yotavis.ch\/pl\/wp-json\/wp\/v2\/types\/product"}],"replies":[{"embeddable":true,"href":"https:\/\/yotavis.ch\/pl\/wp-json\/wp\/v2\/comments?post=4011"}],"wp:featuredmedia":[{"embeddable":true,"href":"https:\/\/yotavis.ch\/pl\/wp-json\/wp\/v2\/media\/7275"}],"wp:attachment":[{"href":"https:\/\/yotavis.ch\/pl\/wp-json\/wp\/v2\/media?parent=4011"}],"wp:term":[{"taxonomy":"product_brand","embeddable":true,"href":"https:\/\/yotavis.ch\/pl\/wp-json\/wp\/v2\/product_brand?post=4011"},{"taxonomy":"product_cat","embeddable":true,"href":"https:\/\/yotavis.ch\/pl\/wp-json\/wp\/v2\/product_cat?post=4011"},{"taxonomy":"product_tag","embeddable":true,"href":"https:\/\/yotavis.ch\/pl\/wp-json\/wp\/v2\/product_tag?post=4011"}],"curies":[{"name":"wp","href":"https:\/\/api.w.org\/{rel}","templated":true}]}}