{"id":4022,"date":"2025-10-09T00:00:00","date_gmt":"2025-10-08T22:00:00","guid":{"rendered":"https:\/\/yotavis.ch\/product\/wavemaster-8200hd\/"},"modified":"2026-04-24T13:32:37","modified_gmt":"2026-04-24T11:32:37","slug":"wavemaster-8200hd","status":"publish","type":"product","link":"https:\/\/yotavis.ch\/pl\/produkt\/wavemaster-8200hd\/","title":{"rendered":"WAVEMASTER 8200HD"},"content":{"rendered":"<p>Teledyne Lecroy WAVEMASTER 8200HD to oscyloskop wysokiej rozdzielczo\u015bci o szeroko\u015bci pasma 20 GHz i rozdzielczo\u015bci pionowej 12 bit\u00f3w. Obs\u0142uguje cz\u0119stotliwo\u015b\u0107 pr\u00f3bkowania 160 GS\/s na kana\u0142 i oferuje g\u0142\u0119boko\u015b\u0107 pami\u0119ci 200 Mpts na kana\u0142, umo\u017cliwiaj\u0105c szczeg\u00f3\u0142ow\u0105 analiz\u0119 sygna\u0142u. Model ten zawiera cztery kana\u0142y i kana\u0142y cyfrowe, zapewniaj\u0105c wszechstronne opcje wej\u015bciowe dla r\u00f3\u017cnych scenariuszy testowych. Urz\u0105dzenie jest wyposa\u017cone w interfejs z ekranem dotykowym, zwi\u0119kszaj\u0105cy interakcj\u0119 u\u017cytkownika i kontrol\u0119. G\u0142\u0119boko\u015b\u0107 pami\u0119ci wynosz\u0105ca 8000 Mpts zapewnia szerokie mo\u017cliwo\u015bci przechwytywania danych. Po\u0142\u0105czenie wysokiej przepustowo\u015bci, szybkiej cz\u0119stotliwo\u015bci pr\u00f3bkowania i znacznej g\u0142\u0119boko\u015bci pami\u0119ci sprawia, \u017ce oscyloskop ten nadaje si\u0119 do zaawansowanych zada\u0144 pomiaru i analizy sygna\u0142\u00f3w.<\/p>","protected":false},"excerpt":{"rendered":"<p>Oscyloskop HD 20 GHz, 12 bit\u00f3w, 160 GS\/s, 200 Mpts\/Ch<\/p>","protected":false},"featured_media":7280,"comment_status":"closed","ping_status":"closed","template":"","meta":{"_acf_changed":false,"slim_seo":{"title":"WAVEMASTER 8200HD - YOTAVIS AG","description":"Oscyloskop HD 20 GHz, 12 bit\u00f3w, 160 GS\/s, 200 Mpts\/Ch"}},"product_brand":[542],"product_cat":[508,507],"product_tag":[],"class_list":{"0":"post-4022","1":"product","2":"type-product","3":"status-publish","4":"has-post-thumbnail","6":"product_brand-lecroy","7":"product_cat-desktop-en","8":"product_cat-oscilloscope","9":"pa_bandwidth-mhz-331","10":"pa_channels-338","11":"pa_digital-channels-yes","12":"pa_imax-ac-a-1019","13":"pa_memory-depht-mpts-328","14":"pa_sampling-rate-channels-ms-s-505","15":"pa_touch-screen-yes","16":"pa_vertical-resolution-bits-348","18":"first","19":"instock","20":"taxable","21":"shipping-taxable","22":"product-type-simple"},"acf":[],"_links":{"self":[{"href":"https:\/\/yotavis.ch\/pl\/wp-json\/wp\/v2\/product\/4022","targetHints":{"allow":["GET"]}}],"collection":[{"href":"https:\/\/yotavis.ch\/pl\/wp-json\/wp\/v2\/product"}],"about":[{"href":"https:\/\/yotavis.ch\/pl\/wp-json\/wp\/v2\/types\/product"}],"replies":[{"embeddable":true,"href":"https:\/\/yotavis.ch\/pl\/wp-json\/wp\/v2\/comments?post=4022"}],"wp:featuredmedia":[{"embeddable":true,"href":"https:\/\/yotavis.ch\/pl\/wp-json\/wp\/v2\/media\/7280"}],"wp:attachment":[{"href":"https:\/\/yotavis.ch\/pl\/wp-json\/wp\/v2\/media?parent=4022"}],"wp:term":[{"taxonomy":"product_brand","embeddable":true,"href":"https:\/\/yotavis.ch\/pl\/wp-json\/wp\/v2\/product_brand?post=4022"},{"taxonomy":"product_cat","embeddable":true,"href":"https:\/\/yotavis.ch\/pl\/wp-json\/wp\/v2\/product_cat?post=4022"},{"taxonomy":"product_tag","embeddable":true,"href":"https:\/\/yotavis.ch\/pl\/wp-json\/wp\/v2\/product_tag?post=4022"}],"curies":[{"name":"wp","href":"https:\/\/api.w.org\/{rel}","templated":true}]}}