{"id":6430,"date":"2025-10-09T00:00:00","date_gmt":"2025-10-08T22:00:00","guid":{"rendered":"https:\/\/yotavis.ch\/product\/pwr401mh\/"},"modified":"2026-04-24T13:32:46","modified_gmt":"2026-04-24T11:32:46","slug":"pwr401mh","status":"publish","type":"product","link":"https:\/\/yotavis.ch\/pl\/produkt\/pwr401mh\/","title":{"rendered":"PWR401MH"},"content":{"rendered":"<p>Kikusui PWR401MH to kompaktowy, szerokozakresowy zasilacz DC o mocy wyj\u015bciowej 400 wat\u00f3w. Oferuje zakres napi\u0119cia od 0 do 240 V i zakres pr\u0105du od 0 do 5 A, dzi\u0119ki czemu nadaje si\u0119 do r\u00f3\u017cnych zastosowa\u0144 wymagaj\u0105cych precyzyjnej kontroli mocy. Model ten posiada pojedynczy kana\u0142 wyj\u015bciowy, co pozwala na prost\u0105 obs\u0142ug\u0119 i integracj\u0119 z istniej\u0105cymi konfiguracjami. Zasilacz obs\u0142uguje funkcj\u0119 zdalnego sterowania, umo\u017cliwiaj\u0105c u\u017cytkownikom zarz\u0105dzanie i dostosowywanie ustawie\u0144 na odleg\u0142o\u015b\u0107. Zasilacz PWR401MH zosta\u0142 zaprojektowany z my\u015bl\u0105 o dostarczaniu sp\u00f3jnego i niezawodnego zasilania, a jego konstrukcja umo\u017cliwia obs\u0142ug\u0119 szerokiego zakresu napi\u0119\u0107 i pr\u0105d\u00f3w w ramach okre\u015blonych limit\u00f3w. Jego kompaktowa konstrukcja u\u0142atwia umieszczenie w r\u00f3\u017cnych \u015brodowiskach pracy bez zajmowania nadmiernej przestrzeni. Po\u0142\u0105czenie specyfikacji napi\u0119cia, pr\u0105du i mocy sprawia, \u017ce jest to wszechstronne narz\u0119dzie do testowania, rozwoju i innych zada\u0144 technicznych wymagaj\u0105cych stabilnego zasilania pr\u0105dem sta\u0142ym.<\/p>","protected":false},"excerpt":{"rendered":"<p>Kompaktowy, szerokozakresowy zasilacz DC 400W, 0 do 240V \/ 0 do 5A<\/p>","protected":false},"featured_media":7645,"comment_status":"closed","ping_status":"closed","template":"","meta":{"_acf_changed":false,"slim_seo":{"title":"PWR401MH - YOTAVIS AG","description":"Kompaktowy, szerokozakresowy zasilacz DC 400W, 0 do 240V \/ 0 do 5A"}},"product_brand":[551],"product_cat":[516,515],"product_tag":[],"class_list":{"0":"post-6430","1":"product","2":"type-product","3":"status-publish","4":"has-post-thumbnail","6":"product_brand-kikusui","7":"product_cat-dc-source-en","8":"product_cat-power-en","9":"pa_current-a-392","10":"pa_output-number-146","11":"pa_power-w-398","12":"pa_remote-control-yes","13":"pa_voltage-v-553","15":"first","16":"instock","17":"taxable","18":"shipping-taxable","19":"purchasable","20":"product-type-simple"},"acf":[],"_links":{"self":[{"href":"https:\/\/yotavis.ch\/pl\/wp-json\/wp\/v2\/product\/6430","targetHints":{"allow":["GET"]}}],"collection":[{"href":"https:\/\/yotavis.ch\/pl\/wp-json\/wp\/v2\/product"}],"about":[{"href":"https:\/\/yotavis.ch\/pl\/wp-json\/wp\/v2\/types\/product"}],"replies":[{"embeddable":true,"href":"https:\/\/yotavis.ch\/pl\/wp-json\/wp\/v2\/comments?post=6430"}],"wp:featuredmedia":[{"embeddable":true,"href":"https:\/\/yotavis.ch\/pl\/wp-json\/wp\/v2\/media\/7645"}],"wp:attachment":[{"href":"https:\/\/yotavis.ch\/pl\/wp-json\/wp\/v2\/media?parent=6430"}],"wp:term":[{"taxonomy":"product_brand","embeddable":true,"href":"https:\/\/yotavis.ch\/pl\/wp-json\/wp\/v2\/product_brand?post=6430"},{"taxonomy":"product_cat","embeddable":true,"href":"https:\/\/yotavis.ch\/pl\/wp-json\/wp\/v2\/product_cat?post=6430"},{"taxonomy":"product_tag","embeddable":true,"href":"https:\/\/yotavis.ch\/pl\/wp-json\/wp\/v2\/product_tag?post=6430"}],"curies":[{"name":"wp","href":"https:\/\/api.w.org\/{rel}","templated":true}]}}