{"id":6434,"date":"2025-10-09T00:00:00","date_gmt":"2025-10-08T22:00:00","guid":{"rendered":"https:\/\/yotavis.ch\/product\/pwr801mh\/"},"modified":"2026-04-24T13:32:47","modified_gmt":"2026-04-24T11:32:47","slug":"pwr801mh","status":"publish","type":"product","link":"https:\/\/yotavis.ch\/pl\/produkt\/pwr801mh\/","title":{"rendered":"PWR801MH"},"content":{"rendered":"<p>PWR801MH firmy Kikusui to kompaktowy, szerokozakresowy zasilacz DC o mocy wyj\u015bciowej 800 wat\u00f3w. Oferuje zakres napi\u0119cia od 0 do 240 V i zakres pr\u0105du od 0 do 10 A, dzi\u0119ki czemu nadaje si\u0119 do r\u00f3\u017cnych zastosowa\u0144 wymagaj\u0105cych precyzyjnej kontroli mocy. Model ten posiada pojedynczy kana\u0142 wyj\u015bciowy, co pozwala na prost\u0105 obs\u0142ug\u0119 i integracj\u0119 z r\u00f3\u017cnymi konfiguracjami. Zasilacz obs\u0142uguje funkcj\u0119 zdalnego sterowania, umo\u017cliwiaj\u0105c u\u017cytkownikom zarz\u0105dzanie jego ustawieniami i wydajno\u015bci\u0105 na odleg\u0142o\u015b\u0107. Jego konstrukcja koncentruje si\u0119 na dostarczaniu niezawodnej i sp\u00f3jnej mocy w okre\u015blonych granicach napi\u0119cia i pr\u0105du. Urz\u0105dzenie zosta\u0142o zaprojektowane do obs\u0142ugi maksymalnego napi\u0119cia 240 V i maksymalnego pr\u0105du 10 A, dzi\u0119ki czemu spe\u0142nia wymagania zada\u0144 wymagaj\u0105cych stabilnego zasilania pr\u0105dem sta\u0142ym. PWR801MH jest cz\u0119\u015bci\u0105 linii produkt\u00f3w Kikusui, znanej z koncentracji na rozwi\u0105zaniach zasilaj\u0105cych.<\/p>","protected":false},"excerpt":{"rendered":"<p>Kompaktowy, szerokozakresowy zasilacz DC 800W, 0 do 240V \/ 0 do 10A<\/p>","protected":false},"featured_media":7647,"comment_status":"closed","ping_status":"closed","template":"","meta":{"_acf_changed":false,"slim_seo":{"title":"PWR801MH - YOTAVIS AG","description":"Kompaktowy, szerokozakresowy zasilacz DC 800W, 0 do 240V \/ 0 do 10A"}},"product_brand":[551],"product_cat":[516,515],"product_tag":[],"class_list":{"0":"post-6434","1":"product","2":"type-product","3":"status-publish","4":"has-post-thumbnail","6":"product_brand-kikusui","7":"product_cat-dc-source-en","8":"product_cat-power-en","9":"pa_current-a-397","10":"pa_output-number-146","11":"pa_power-w-556","12":"pa_remote-control-yes","13":"pa_voltage-v-553","15":"first","16":"instock","17":"taxable","18":"shipping-taxable","19":"purchasable","20":"product-type-simple"},"acf":[],"_links":{"self":[{"href":"https:\/\/yotavis.ch\/pl\/wp-json\/wp\/v2\/product\/6434","targetHints":{"allow":["GET"]}}],"collection":[{"href":"https:\/\/yotavis.ch\/pl\/wp-json\/wp\/v2\/product"}],"about":[{"href":"https:\/\/yotavis.ch\/pl\/wp-json\/wp\/v2\/types\/product"}],"replies":[{"embeddable":true,"href":"https:\/\/yotavis.ch\/pl\/wp-json\/wp\/v2\/comments?post=6434"}],"wp:featuredmedia":[{"embeddable":true,"href":"https:\/\/yotavis.ch\/pl\/wp-json\/wp\/v2\/media\/7647"}],"wp:attachment":[{"href":"https:\/\/yotavis.ch\/pl\/wp-json\/wp\/v2\/media?parent=6434"}],"wp:term":[{"taxonomy":"product_brand","embeddable":true,"href":"https:\/\/yotavis.ch\/pl\/wp-json\/wp\/v2\/product_brand?post=6434"},{"taxonomy":"product_cat","embeddable":true,"href":"https:\/\/yotavis.ch\/pl\/wp-json\/wp\/v2\/product_cat?post=6434"},{"taxonomy":"product_tag","embeddable":true,"href":"https:\/\/yotavis.ch\/pl\/wp-json\/wp\/v2\/product_tag?post=6434"}],"curies":[{"name":"wp","href":"https:\/\/api.w.org\/{rel}","templated":true}]}}