{"id":6435,"date":"2025-10-09T00:00:00","date_gmt":"2025-10-08T22:00:00","guid":{"rendered":"https:\/\/yotavis.ch\/product\/pwr801h\/"},"modified":"2026-04-24T13:32:47","modified_gmt":"2026-04-24T11:32:47","slug":"pwr801h","status":"publish","type":"product","link":"https:\/\/yotavis.ch\/pl\/produkt\/pwr801h\/","title":{"rendered":"PWR801H"},"content":{"rendered":"<p>Kikusui PWR801H to kompaktowy, szerokozakresowy zasilacz DC o mocy wyj\u015bciowej 800 wat\u00f3w. Oferuje zakres napi\u0119cia od 0 do 650 V i zakres pr\u0105du od 0 do 3,70 A, dzi\u0119ki czemu nadaje si\u0119 do r\u00f3\u017cnych zastosowa\u0144 wymagaj\u0105cych precyzyjnej kontroli mocy. Model ten posiada pojedynczy kana\u0142 wyj\u015bciowy, co pozwala na prost\u0105 obs\u0142ug\u0119 i integracj\u0119 z istniej\u0105cymi konfiguracjami. W zestawie znajduje si\u0119 funkcja zdalnego sterowania, umo\u017cliwiaj\u0105ca u\u017cytkownikom obs\u0142ug\u0119 zasilacza na odleg\u0142o\u015b\u0107 dla wygody i elastyczno\u015bci. Urz\u0105dzenie zosta\u0142o zaprojektowane tak, aby dostarcza\u0107 stabiln\u0105 i niezawodn\u0105 moc w okre\u015blonych granicach napi\u0119cia i pr\u0105du. Jego kompaktowa konstrukcja u\u0142atwia umieszczenie w r\u00f3\u017cnych \u015brodowiskach pracy bez zajmowania nadmiernej przestrzeni. PWR801H zosta\u0142 zaprojektowany, aby sprosta\u0107 wymaganiom u\u017cytkownik\u00f3w potrzebuj\u0105cych wszechstronnego i wydajnego \u017ar\u00f3d\u0142a zasilania pr\u0105dem sta\u0142ym.<\/p>","protected":false},"excerpt":{"rendered":"<p>Kompaktowy, szerokozakresowy zasilacz DC 800W, 0 do 650V \/ 0 do 3,70A<\/p>","protected":false},"featured_media":7647,"comment_status":"closed","ping_status":"closed","template":"","meta":{"_acf_changed":false,"slim_seo":{"title":"PWR801H - YOTAVIS AG","description":"Kompaktowy, szerokozakresowy zasilacz DC 800W, 0 do 650V \/ 0 do 3,70A"}},"product_brand":[551],"product_cat":[516,515],"product_tag":[],"class_list":{"0":"post-6435","1":"product","2":"type-product","3":"status-publish","4":"has-post-thumbnail","6":"product_brand-kikusui","7":"product_cat-dc-source-en","8":"product_cat-power-en","9":"pa_current-a-3-7","10":"pa_output-number-146","11":"pa_power-w-556","12":"pa_remote-control-yes","13":"pa_voltage-v-554","15":"first","16":"instock","17":"taxable","18":"shipping-taxable","19":"purchasable","20":"product-type-simple"},"acf":[],"_links":{"self":[{"href":"https:\/\/yotavis.ch\/pl\/wp-json\/wp\/v2\/product\/6435","targetHints":{"allow":["GET"]}}],"collection":[{"href":"https:\/\/yotavis.ch\/pl\/wp-json\/wp\/v2\/product"}],"about":[{"href":"https:\/\/yotavis.ch\/pl\/wp-json\/wp\/v2\/types\/product"}],"replies":[{"embeddable":true,"href":"https:\/\/yotavis.ch\/pl\/wp-json\/wp\/v2\/comments?post=6435"}],"wp:featuredmedia":[{"embeddable":true,"href":"https:\/\/yotavis.ch\/pl\/wp-json\/wp\/v2\/media\/7647"}],"wp:attachment":[{"href":"https:\/\/yotavis.ch\/pl\/wp-json\/wp\/v2\/media?parent=6435"}],"wp:term":[{"taxonomy":"product_brand","embeddable":true,"href":"https:\/\/yotavis.ch\/pl\/wp-json\/wp\/v2\/product_brand?post=6435"},{"taxonomy":"product_cat","embeddable":true,"href":"https:\/\/yotavis.ch\/pl\/wp-json\/wp\/v2\/product_cat?post=6435"},{"taxonomy":"product_tag","embeddable":true,"href":"https:\/\/yotavis.ch\/pl\/wp-json\/wp\/v2\/product_tag?post=6435"}],"curies":[{"name":"wp","href":"https:\/\/api.w.org\/{rel}","templated":true}]}}