{"id":6437,"date":"2025-10-09T00:00:00","date_gmt":"2025-10-08T22:00:00","guid":{"rendered":"https:\/\/yotavis.ch\/product\/pwr1201ml\/"},"modified":"2026-04-24T13:32:48","modified_gmt":"2026-04-24T11:32:48","slug":"pwr1201ml","status":"publish","type":"product","link":"https:\/\/yotavis.ch\/pl\/produkt\/pwr1201ml\/","title":{"rendered":"PWR1201ML"},"content":{"rendered":"<p>Kikusui PWR1201ML to kompaktowy, szerokozakresowy zasilacz DC o mocy wyj\u015bciowej 1200 wat\u00f3w. Oferuje zakres napi\u0119cia od 0 do 80 V i zakres pr\u0105du od 0 do 60 A, dzi\u0119ki czemu nadaje si\u0119 do r\u00f3\u017cnych zastosowa\u0144 wymagaj\u0105cych precyzyjnej kontroli mocy. Model ten posiada pojedynczy kana\u0142 wyj\u015bciowy, co pozwala na prost\u0105 obs\u0142ug\u0119 i integracj\u0119 z r\u00f3\u017cnymi konfiguracjami. Zasilacz obs\u0142uguje funkcj\u0119 zdalnego sterowania, umo\u017cliwiaj\u0105c u\u017cytkownikom zarz\u0105dzanie i dostosowywanie ustawie\u0144 na odleg\u0142o\u015b\u0107 dla wygody i wydajno\u015bci. Zaprojektowany z my\u015bl\u0105 o stabilnym i niezawodnym zasilaniu, PWR1201ML jest przystosowany do obs\u0142ugi wymagaj\u0105cych obci\u0105\u017ce\u0144 elektrycznych w ramach okre\u015blonych limit\u00f3w napi\u0119cia i pr\u0105du. Jego kompaktowa konstrukcja u\u0142atwia umieszczenie w miejscach pracy, gdzie przestrze\u0144 jest ograniczona. Po\u0142\u0105czenie du\u017cej mocy oraz szerokiego zakresu napi\u0119\u0107 i pr\u0105d\u00f3w sprawia, \u017ce urz\u0105dzenie to jest wszechstronne w \u015brodowiskach testowych, rozwojowych i produkcyjnych.<\/p>","protected":false},"excerpt":{"rendered":"<p>Kompaktowy, szerokozakresowy zasilacz DC 1200W, 0 do 80V \/ 0 do 60A<\/p>","protected":false},"featured_media":7649,"comment_status":"closed","ping_status":"closed","template":"","meta":{"_acf_changed":false,"slim_seo":{"title":"PWR1201ML - YOTAVIS AG","description":"Kompaktowy, szerokozakresowy zasilacz DC 1200W, 0 do 80V \/ 0 do 60A"}},"product_brand":[551],"product_cat":[516,515],"product_tag":[],"class_list":{"0":"post-6437","1":"product","2":"type-product","3":"status-publish","4":"has-post-thumbnail","6":"product_brand-kikusui","7":"product_cat-dc-source-en","8":"product_cat-power-en","9":"pa_current-a-406","10":"pa_output-number-146","11":"pa_power-w-479","12":"pa_remote-control-yes","13":"pa_voltage-v-155","15":"first","16":"instock","17":"taxable","18":"shipping-taxable","19":"purchasable","20":"product-type-simple"},"acf":[],"_links":{"self":[{"href":"https:\/\/yotavis.ch\/pl\/wp-json\/wp\/v2\/product\/6437","targetHints":{"allow":["GET"]}}],"collection":[{"href":"https:\/\/yotavis.ch\/pl\/wp-json\/wp\/v2\/product"}],"about":[{"href":"https:\/\/yotavis.ch\/pl\/wp-json\/wp\/v2\/types\/product"}],"replies":[{"embeddable":true,"href":"https:\/\/yotavis.ch\/pl\/wp-json\/wp\/v2\/comments?post=6437"}],"wp:featuredmedia":[{"embeddable":true,"href":"https:\/\/yotavis.ch\/pl\/wp-json\/wp\/v2\/media\/7649"}],"wp:attachment":[{"href":"https:\/\/yotavis.ch\/pl\/wp-json\/wp\/v2\/media?parent=6437"}],"wp:term":[{"taxonomy":"product_brand","embeddable":true,"href":"https:\/\/yotavis.ch\/pl\/wp-json\/wp\/v2\/product_brand?post=6437"},{"taxonomy":"product_cat","embeddable":true,"href":"https:\/\/yotavis.ch\/pl\/wp-json\/wp\/v2\/product_cat?post=6437"},{"taxonomy":"product_tag","embeddable":true,"href":"https:\/\/yotavis.ch\/pl\/wp-json\/wp\/v2\/product_tag?post=6437"}],"curies":[{"name":"wp","href":"https:\/\/api.w.org\/{rel}","templated":true}]}}