{"id":6450,"date":"2025-10-09T00:00:00","date_gmt":"2025-10-08T22:00:00","guid":{"rendered":"https:\/\/yotavis.ch\/product\/pwx750lf-with-vir\/"},"modified":"2026-04-24T13:32:54","modified_gmt":"2026-04-24T11:32:54","slug":"pwx750lf-with-vir","status":"publish","type":"product","link":"https:\/\/yotavis.ch\/pl\/produkt\/pwx750lf-with-vir\/","title":{"rendered":"PWX750LF Z VIR"},"content":{"rendered":"<p>PWX750LF WITH VIR to wielozakresowy, programowalny zasilacz DC 1U firmy Kikusui o mocy wyj\u015bciowej 750 wat\u00f3w. Pracuje w zakresie napi\u0119\u0107 od 0 do 30 V i w zakresie pr\u0105d\u00f3w od 0 do 75 A, zapewniaj\u0105c jeden kana\u0142 wyj\u015bciowy. Zasilacz obs\u0142uguje funkcj\u0119 zdalnego sterowania, umo\u017cliwiaj\u0105c wygodn\u0105 obs\u0142ug\u0119 i integracj\u0119 z zautomatyzowanymi systemami. Zaprojektowany do obs\u0142ugi maksymalnej mocy wyj\u015bciowej 750 W, nadaje si\u0119 do zastosowa\u0144 wymagaj\u0105cych precyzyjnej kontroli napi\u0119cia i pr\u0105du. Kompaktowa obudowa 1U sprawia, \u017ce urz\u0105dzenie nadaje si\u0119 do monta\u017cu w szafach rack w r\u00f3\u017cnych konfiguracjach. Dzi\u0119ki programowalnym funkcjom u\u017cytkownicy mog\u0105 dostosowa\u0107 parametry wyj\u015bciowe, aby spe\u0142ni\u0107 okre\u015blone wymagania testowe lub operacyjne. Po\u0142\u0105czenie wysokiej wydajno\u015bci pr\u0105dowej i programowalnego sterowania sprawia, \u017ce urz\u0105dzenie to jest wszechstronne w szeregu potrzeb zwi\u0105zanych z zasilaniem pr\u0105dem sta\u0142ym.<\/p>","protected":false},"excerpt":{"rendered":"<p>Wielozakresowy programowalny zasilacz DC 1U, 750W, 0 do 30V\/0 do 75A<\/p>","protected":false},"featured_media":7664,"comment_status":"closed","ping_status":"closed","template":"","meta":{"_acf_changed":false,"slim_seo":{"title":"PWX750LF WITH VIR - YOTAVIS AG","description":"Wielozakresowy programowalny zasilacz DC 1U, 750W, 0 do 30V\/0 do 75A"}},"product_brand":[551],"product_cat":[516,515],"product_tag":[],"class_list":{"0":"post-6450","1":"product","2":"type-product","3":"status-publish","4":"has-post-thumbnail","6":"product_brand-kikusui","7":"product_cat-dc-source-en","8":"product_cat-power-en","9":"pa_current-a-566","10":"pa_output-number-146","11":"pa_power-w-564","12":"pa_remote-control-yes","13":"pa_voltage-v-145","15":"first","16":"instock","17":"taxable","18":"shipping-taxable","19":"purchasable","20":"product-type-simple"},"acf":[],"_links":{"self":[{"href":"https:\/\/yotavis.ch\/pl\/wp-json\/wp\/v2\/product\/6450","targetHints":{"allow":["GET"]}}],"collection":[{"href":"https:\/\/yotavis.ch\/pl\/wp-json\/wp\/v2\/product"}],"about":[{"href":"https:\/\/yotavis.ch\/pl\/wp-json\/wp\/v2\/types\/product"}],"replies":[{"embeddable":true,"href":"https:\/\/yotavis.ch\/pl\/wp-json\/wp\/v2\/comments?post=6450"}],"wp:featuredmedia":[{"embeddable":true,"href":"https:\/\/yotavis.ch\/pl\/wp-json\/wp\/v2\/media\/7664"}],"wp:attachment":[{"href":"https:\/\/yotavis.ch\/pl\/wp-json\/wp\/v2\/media?parent=6450"}],"wp:term":[{"taxonomy":"product_brand","embeddable":true,"href":"https:\/\/yotavis.ch\/pl\/wp-json\/wp\/v2\/product_brand?post=6450"},{"taxonomy":"product_cat","embeddable":true,"href":"https:\/\/yotavis.ch\/pl\/wp-json\/wp\/v2\/product_cat?post=6450"},{"taxonomy":"product_tag","embeddable":true,"href":"https:\/\/yotavis.ch\/pl\/wp-json\/wp\/v2\/product_tag?post=6450"}],"curies":[{"name":"wp","href":"https:\/\/api.w.org\/{rel}","templated":true}]}}