{"id":6461,"date":"2025-10-09T00:00:00","date_gmt":"2025-10-08T22:00:00","guid":{"rendered":"https:\/\/yotavis.ch\/product\/pwx750hf-with-iso-prog-curr-cont\/"},"modified":"2026-04-24T13:33:01","modified_gmt":"2026-04-24T11:33:01","slug":"pwx750hf-with-iso-prog-curr-cont","status":"publish","type":"product","link":"https:\/\/yotavis.ch\/pl\/produkt\/pwx750hf-with-iso-prog-curr-cont\/","title":{"rendered":"PWX750HF Z ISO PROG CURR CONT"},"content":{"rendered":"<p>PWX750HF WITH ISO PROG CURR CONT to wielozakresowy, programowalny zasilacz pr\u0105du sta\u0142ego 1U firmy Kikusui, zapewniaj\u0105cy moc wyj\u015bciow\u0105 750 W. Oferuje zakres napi\u0119cia od 0 do 650 V i zakres pr\u0105du od 0 do 3,5 A, dzi\u0119ki czemu nadaje si\u0119 do r\u00f3\u017cnych zastosowa\u0144 wymagaj\u0105cych precyzyjnej kontroli mocy. Model ten posiada pojedynczy kana\u0142 wyj\u015bciowy, co pozwala na skoncentrowane dostarczanie mocy. W zestawie znajduje si\u0119 funkcja zdalnego sterowania, umo\u017cliwiaj\u0105ca u\u017cytkownikom obs\u0142ug\u0119 urz\u0105dzenia na odleg\u0142o\u015b\u0107 dla wygody i elastyczno\u015bci. Zasilacz zosta\u0142 zaprojektowany tak, aby zapewni\u0107 stabilne i programowalne zasilanie pr\u0105dem sta\u0142ym, wspieraj\u0105c r\u00f3\u017cne potrzeby testowe i operacyjne. Jego kompaktowa obudowa 1U pozwala na \u0142atw\u0105 integracj\u0119 z istniej\u0105cymi konfiguracjami lub szafami. Po\u0142\u0105czenie wysokich zakres\u00f3w napi\u0119cia i pr\u0105du z programowalnymi funkcjami sprawia, \u017ce urz\u0105dzenie to mo\u017cna dostosowa\u0107 do szerokiego zakresu wymaga\u0144 dotycz\u0105cych zasilania.<\/p>","protected":false},"excerpt":{"rendered":"<p>Wielozakresowy programowalny zasilacz DC 1U, 750W, 0 do 650V\/0 do 3.5A<\/p>","protected":false},"featured_media":7664,"comment_status":"closed","ping_status":"closed","template":"","meta":{"_acf_changed":false,"slim_seo":{"title":"PWX750HF WITH ISO PROG CURR CONT - YOTAVIS AG","description":"Wielozakresowy programowalny zasilacz DC 1U, 750W, 0 do 650V\/0 do 3.5A"}},"product_brand":[551],"product_cat":[516,515],"product_tag":[],"class_list":{"0":"post-6461","1":"product","2":"type-product","3":"status-publish","4":"has-post-thumbnail","6":"product_brand-kikusui","7":"product_cat-dc-source-en","8":"product_cat-power-en","9":"pa_current-a-3-5","10":"pa_output-number-146","11":"pa_power-w-564","12":"pa_remote-control-yes","13":"pa_voltage-v-554","15":"first","16":"instock","17":"taxable","18":"shipping-taxable","19":"purchasable","20":"product-type-simple"},"acf":[],"_links":{"self":[{"href":"https:\/\/yotavis.ch\/pl\/wp-json\/wp\/v2\/product\/6461","targetHints":{"allow":["GET"]}}],"collection":[{"href":"https:\/\/yotavis.ch\/pl\/wp-json\/wp\/v2\/product"}],"about":[{"href":"https:\/\/yotavis.ch\/pl\/wp-json\/wp\/v2\/types\/product"}],"replies":[{"embeddable":true,"href":"https:\/\/yotavis.ch\/pl\/wp-json\/wp\/v2\/comments?post=6461"}],"wp:featuredmedia":[{"embeddable":true,"href":"https:\/\/yotavis.ch\/pl\/wp-json\/wp\/v2\/media\/7664"}],"wp:attachment":[{"href":"https:\/\/yotavis.ch\/pl\/wp-json\/wp\/v2\/media?parent=6461"}],"wp:term":[{"taxonomy":"product_brand","embeddable":true,"href":"https:\/\/yotavis.ch\/pl\/wp-json\/wp\/v2\/product_brand?post=6461"},{"taxonomy":"product_cat","embeddable":true,"href":"https:\/\/yotavis.ch\/pl\/wp-json\/wp\/v2\/product_cat?post=6461"},{"taxonomy":"product_tag","embeddable":true,"href":"https:\/\/yotavis.ch\/pl\/wp-json\/wp\/v2\/product_tag?post=6461"}],"curies":[{"name":"wp","href":"https:\/\/api.w.org\/{rel}","templated":true}]}}