{"id":6495,"date":"2025-10-09T00:00:00","date_gmt":"2025-10-08T22:00:00","guid":{"rendered":"https:\/\/yotavis.ch\/product\/pav10-40\/"},"modified":"2026-04-24T13:33:18","modified_gmt":"2026-04-24T11:33:18","slug":"pav10-40","status":"publish","type":"product","link":"https:\/\/yotavis.ch\/pl\/produkt\/pav10-40\/","title":{"rendered":"PAV10-40"},"content":{"rendered":"<p>Kikusui PAV10-40 to inteligentny zasilacz pr\u0105du sta\u0142ego o zmiennym prze\u0142\u0105czaniu, zaprojektowany do dostarczania napi\u0119cia wyj\u015bciowego w zakresie od 0 do 10 wolt\u00f3w i pr\u0105du do 40 amper\u00f3w. Zapewnia pojedynczy kana\u0142 wyj\u015bciowy zdolny do obs\u0142ugi maksymalnej mocy 400 wat\u00f3w. Zasilacz obs\u0142uguje funkcj\u0119 zdalnego sterowania, umo\u017cliwiaj\u0105c wygodn\u0105 obs\u0142ug\u0119 i integracj\u0119 z zautomatyzowanymi systemami. Urz\u0105dzenie zosta\u0142o zaprojektowane tak, aby zapewni\u0107 precyzyjn\u0105 kontrol\u0119 nad napi\u0119ciem i pr\u0105dem, dzi\u0119ki czemu nadaje si\u0119 do r\u00f3\u017cnych zastosowa\u0144 wymagaj\u0105cych stabilnego i regulowanego zasilania pr\u0105dem sta\u0142ym. Dzi\u0119ki solidnej wydajno\u015bci pr\u0105dowej i zakresowi napi\u0119cia, PAV10-40 mo\u017ce zaspokoi\u0107 szeroki zakres potrzeb testowych i rozwojowych. W\u0142\u0105czenie zdalnego sterowania zwi\u0119ksza jego u\u017cyteczno\u015b\u0107 w z\u0142o\u017conych konfiguracjach, w kt\u00f3rych r\u0119czne regulacje mog\u0105 by\u0107 niepraktyczne. Og\u00f3lnie rzecz bior\u0105c, Kikusui PAV10-40 \u0142\u0105czy wysok\u0105 moc wyj\u015bciow\u0105 z elastycznymi opcjami sterowania w konfiguracji jednokana\u0142owej.<\/p>","protected":false},"excerpt":{"rendered":"<p>Inteligentny zasilacz pr\u0105du sta\u0142ego o zmiennym prze\u0142\u0105czaniu, od 0 do 10 V \/ od 0 do 40 A<\/p>","protected":false},"featured_media":7673,"comment_status":"closed","ping_status":"closed","template":"","meta":{"_acf_changed":false,"slim_seo":{"title":"PAV10-40 - YOTAVIS AG","description":"Inteligentny zasilacz pr\u0105du sta\u0142ego o zmiennym prze\u0142\u0105czaniu, od 0 do 10 V \/ od 0 do 40 A"}},"product_brand":[551],"product_cat":[516,515],"product_tag":[],"class_list":{"0":"post-6495","1":"product","2":"type-product","3":"status-publish","4":"has-post-thumbnail","6":"product_brand-kikusui","7":"product_cat-dc-source-en","8":"product_cat-power-en","9":"pa_current-a-550","10":"pa_output-number-146","11":"pa_power-w-398","12":"pa_remote-control-yes","13":"pa_voltage-v-572","15":"first","16":"instock","17":"taxable","18":"shipping-taxable","19":"purchasable","20":"product-type-simple"},"acf":[],"_links":{"self":[{"href":"https:\/\/yotavis.ch\/pl\/wp-json\/wp\/v2\/product\/6495","targetHints":{"allow":["GET"]}}],"collection":[{"href":"https:\/\/yotavis.ch\/pl\/wp-json\/wp\/v2\/product"}],"about":[{"href":"https:\/\/yotavis.ch\/pl\/wp-json\/wp\/v2\/types\/product"}],"replies":[{"embeddable":true,"href":"https:\/\/yotavis.ch\/pl\/wp-json\/wp\/v2\/comments?post=6495"}],"wp:featuredmedia":[{"embeddable":true,"href":"https:\/\/yotavis.ch\/pl\/wp-json\/wp\/v2\/media\/7673"}],"wp:attachment":[{"href":"https:\/\/yotavis.ch\/pl\/wp-json\/wp\/v2\/media?parent=6495"}],"wp:term":[{"taxonomy":"product_brand","embeddable":true,"href":"https:\/\/yotavis.ch\/pl\/wp-json\/wp\/v2\/product_brand?post=6495"},{"taxonomy":"product_cat","embeddable":true,"href":"https:\/\/yotavis.ch\/pl\/wp-json\/wp\/v2\/product_cat?post=6495"},{"taxonomy":"product_tag","embeddable":true,"href":"https:\/\/yotavis.ch\/pl\/wp-json\/wp\/v2\/product_tag?post=6495"}],"curies":[{"name":"wp","href":"https:\/\/api.w.org\/{rel}","templated":true}]}}