{"id":6518,"date":"2025-10-09T00:00:00","date_gmt":"2025-10-08T22:00:00","guid":{"rendered":"https:\/\/yotavis.ch\/product\/pav650-1\/"},"modified":"2026-04-24T13:33:31","modified_gmt":"2026-04-24T11:33:31","slug":"pav650-1","status":"publish","type":"product","link":"https:\/\/yotavis.ch\/pl\/produkt\/pav650-1\/","title":{"rendered":"PAV650-1"},"content":{"rendered":"<p>Kikusui PAV650-1 to inteligentny zasilacz pr\u0105du sta\u0142ego o zmiennym prze\u0142\u0105czaniu, zaprojektowany do dostarczania napi\u0119cia w zakresie od 0 do 650 wolt\u00f3w i pr\u0105du w zakresie od 0 do 1 ampera. Zapewnia pojedynczy kana\u0142 wyj\u015bciowy, dzi\u0119ki czemu nadaje si\u0119 do zastosowa\u0144 wymagaj\u0105cych precyzyjnej kontroli mocy wyj\u015bciowej. Dzi\u0119ki mocy znamionowej 600 W, zasilacz ten jest w stanie obs\u0142u\u017cy\u0107 znaczne obci\u0105\u017cenia elektryczne. Urz\u0105dzenie obs\u0142uguje funkcj\u0119 zdalnego sterowania, umo\u017cliwiaj\u0105c u\u017cytkownikom obs\u0142ug\u0119 na odleg\u0142o\u015b\u0107 dla wygody i elastyczno\u015bci w r\u00f3\u017cnych \u015brodowiskach testowych. Po\u0142\u0105czenie wysokiego napi\u0119cia i nat\u0119\u017cenia pr\u0105du sprawia, \u017ce PAV650-1 mo\u017ce sprosta\u0107 wymaganiom r\u00f3\u017cnorodnych zada\u0144 zwi\u0105zanych z testowaniem i rozwojem elektroniki. Jego konstrukcja koncentruje si\u0119 na dostarczaniu stabilnej i regulowanej mocy wyj\u015bciowej, kt\u00f3ra jest niezb\u0119dna do dok\u0142adnego i niezawodnego dzia\u0142ania w warunkach laboratoryjnych i przemys\u0142owych.<\/p>","protected":false},"excerpt":{"rendered":"<p>Inteligentny zasilacz pr\u0105du sta\u0142ego o zmiennym prze\u0142\u0105czaniu, od 0 do 650 V \/ od 0 do 1 A<\/p>","protected":false},"featured_media":7672,"comment_status":"closed","ping_status":"closed","template":"","meta":{"_acf_changed":false,"slim_seo":{"title":"PAV650-1 - YOTAVIS AG","description":"Inteligentny zasilacz pr\u0105du sta\u0142ego o zmiennym prze\u0142\u0105czaniu, od 0 do 650 V \/ od 0 do 1 A"}},"product_brand":[551],"product_cat":[516,515],"product_tag":[],"class_list":{"0":"post-6518","1":"product","2":"type-product","3":"status-publish","4":"has-post-thumbnail","6":"product_brand-kikusui","7":"product_cat-dc-source-en","8":"product_cat-power-en","9":"pa_current-a-482","10":"pa_output-number-146","11":"pa_power-w-582","12":"pa_remote-control-yes","13":"pa_voltage-v-554","15":"first","16":"instock","17":"taxable","18":"shipping-taxable","19":"purchasable","20":"product-type-simple"},"acf":[],"_links":{"self":[{"href":"https:\/\/yotavis.ch\/pl\/wp-json\/wp\/v2\/product\/6518","targetHints":{"allow":["GET"]}}],"collection":[{"href":"https:\/\/yotavis.ch\/pl\/wp-json\/wp\/v2\/product"}],"about":[{"href":"https:\/\/yotavis.ch\/pl\/wp-json\/wp\/v2\/types\/product"}],"replies":[{"embeddable":true,"href":"https:\/\/yotavis.ch\/pl\/wp-json\/wp\/v2\/comments?post=6518"}],"wp:featuredmedia":[{"embeddable":true,"href":"https:\/\/yotavis.ch\/pl\/wp-json\/wp\/v2\/media\/7672"}],"wp:attachment":[{"href":"https:\/\/yotavis.ch\/pl\/wp-json\/wp\/v2\/media?parent=6518"}],"wp:term":[{"taxonomy":"product_brand","embeddable":true,"href":"https:\/\/yotavis.ch\/pl\/wp-json\/wp\/v2\/product_brand?post=6518"},{"taxonomy":"product_cat","embeddable":true,"href":"https:\/\/yotavis.ch\/pl\/wp-json\/wp\/v2\/product_cat?post=6518"},{"taxonomy":"product_tag","embeddable":true,"href":"https:\/\/yotavis.ch\/pl\/wp-json\/wp\/v2\/product_tag?post=6518"}],"curies":[{"name":"wp","href":"https:\/\/api.w.org\/{rel}","templated":true}]}}