{"id":6536,"date":"2025-10-09T00:00:00","date_gmt":"2025-10-08T22:00:00","guid":{"rendered":"https:\/\/yotavis.ch\/product\/pav20-40-with-lan\/"},"modified":"2026-04-24T13:33:41","modified_gmt":"2026-04-24T11:33:41","slug":"pav20-40-with-lan","status":"publish","type":"product","link":"https:\/\/yotavis.ch\/pl\/produkt\/pav20-40-with-lan\/","title":{"rendered":"PAV20-40 Z LAN"},"content":{"rendered":"<p>Kikusui PAV20-40 WITH LAN to inteligentny zasilacz pr\u0105du sta\u0142ego o zmiennym prze\u0142\u0105czaniu, zaprojektowany do dostarczania napi\u0119cia wyj\u015bciowego w zakresie od 0 do 20 wolt\u00f3w i pr\u0105du do 40 amper\u00f3w. Posiada pojedynczy kana\u0142 wyj\u015bciowy zdolny do dostarczenia maksymalnej mocy 800 wat\u00f3w. Zasilacz obs\u0142uguje funkcj\u0119 zdalnego sterowania, umo\u017cliwiaj\u0105c wygodn\u0105 obs\u0142ug\u0119 i integracj\u0119 z zautomatyzowanymi systemami. Urz\u0105dzenie zosta\u0142o zaprojektowane do obs\u0142ugi precyzyjnych regulacji napi\u0119cia i pr\u0105du w okre\u015blonym zakresie, dzi\u0119ki czemu nadaje si\u0119 do r\u00f3\u017cnych zastosowa\u0144 testowych i rozwojowych. Jego konstrukcja k\u0142adzie nacisk na elastyczno\u015b\u0107 i kontrol\u0119, z mo\u017cliwo\u015bci\u0105 prze\u0142\u0105czania parametr\u00f3w wyj\u015bciowych w razie potrzeby. W\u0142\u0105czenie \u0142\u0105czno\u015bci LAN u\u0142atwia zarz\u0105dzanie i monitorowanie w oparciu o sie\u0107, zwi\u0119kszaj\u0105c jego u\u017cyteczno\u015b\u0107 w z\u0142o\u017conych konfiguracjach. Og\u00f3lnie rzecz bior\u0105c, PAV20-40 WITH LAN \u0142\u0105czy w sobie solidne zasilanie z inteligentnymi funkcjami sterowania.<\/p>","protected":false},"excerpt":{"rendered":"<p>Inteligentny zasilacz DC o zmiennym prze\u0142\u0105czaniu, od 0 do 20 V \/ od 0 do 40 A<\/p>","protected":false},"featured_media":7673,"comment_status":"closed","ping_status":"closed","template":"","meta":{"_acf_changed":false,"slim_seo":{"title":"PAV20-40 WITH LAN - YOTAVIS AG","description":"Inteligentny zasilacz DC o zmiennym prze\u0142\u0105czaniu, od 0 do 20 V \/ od 0 do 40 A"}},"product_brand":[551],"product_cat":[516,515],"product_tag":[],"class_list":{"0":"post-6536","1":"product","2":"type-product","3":"status-publish","4":"has-post-thumbnail","6":"product_brand-kikusui","7":"product_cat-dc-source-en","8":"product_cat-power-en","9":"pa_current-a-550","10":"pa_output-number-146","11":"pa_power-w-556","12":"pa_remote-control-yes","13":"pa_voltage-v-315","15":"first","16":"instock","17":"taxable","18":"shipping-taxable","19":"purchasable","20":"product-type-simple"},"acf":[],"_links":{"self":[{"href":"https:\/\/yotavis.ch\/pl\/wp-json\/wp\/v2\/product\/6536","targetHints":{"allow":["GET"]}}],"collection":[{"href":"https:\/\/yotavis.ch\/pl\/wp-json\/wp\/v2\/product"}],"about":[{"href":"https:\/\/yotavis.ch\/pl\/wp-json\/wp\/v2\/types\/product"}],"replies":[{"embeddable":true,"href":"https:\/\/yotavis.ch\/pl\/wp-json\/wp\/v2\/comments?post=6536"}],"wp:featuredmedia":[{"embeddable":true,"href":"https:\/\/yotavis.ch\/pl\/wp-json\/wp\/v2\/media\/7673"}],"wp:attachment":[{"href":"https:\/\/yotavis.ch\/pl\/wp-json\/wp\/v2\/media?parent=6536"}],"wp:term":[{"taxonomy":"product_brand","embeddable":true,"href":"https:\/\/yotavis.ch\/pl\/wp-json\/wp\/v2\/product_brand?post=6536"},{"taxonomy":"product_cat","embeddable":true,"href":"https:\/\/yotavis.ch\/pl\/wp-json\/wp\/v2\/product_cat?post=6536"},{"taxonomy":"product_tag","embeddable":true,"href":"https:\/\/yotavis.ch\/pl\/wp-json\/wp\/v2\/product_tag?post=6536"}],"curies":[{"name":"wp","href":"https:\/\/api.w.org\/{rel}","templated":true}]}}