{"id":6541,"date":"2025-10-09T00:00:00","date_gmt":"2025-10-08T22:00:00","guid":{"rendered":"https:\/\/yotavis.ch\/product\/pav320-2-5-with-lan\/"},"modified":"2026-04-24T13:33:45","modified_gmt":"2026-04-24T11:33:45","slug":"pav320-2-5-with-lan","status":"publish","type":"product","link":"https:\/\/yotavis.ch\/pl\/produkt\/pav320-2-5-with-lan\/","title":{"rendered":"PAV320-2.5 Z LAN"},"content":{"rendered":"<p>Kikusui PAV320-2.5 WITH LAN to inteligentny zasilacz pr\u0105du sta\u0142ego o zmiennym prze\u0142\u0105czaniu, zaprojektowany do dostarczania napi\u0119cia wyj\u015bciowego w zakresie od 0 do 320 wolt\u00f3w i pr\u0105du od 0 do 2,5 ampera. Posiada pojedynczy kana\u0142 wyj\u015bciowy, dzi\u0119ki czemu nadaje si\u0119 do zastosowa\u0144 wymagaj\u0105cych precyzyjnego i kontrolowanego dostarczania mocy. Dzi\u0119ki mocy 800 W, zasilacz ten mo\u017ce obs\u0142ugiwa\u0107 r\u00f3\u017cne wymagaj\u0105ce obci\u0105\u017cenia elektryczne. Urz\u0105dzenie obs\u0142uguje funkcj\u0119 zdalnego sterowania, umo\u017cliwiaj\u0105c u\u017cytkownikom obs\u0142ug\u0119 i monitorowanie zasilacza na odleg\u0142o\u015b\u0107, co mo\u017ce zwi\u0119kszy\u0107 wygod\u0119 i bezpiecze\u0144stwo w r\u00f3\u017cnych ustawieniach. Po\u0142\u0105czenie wysokiego napi\u0119cia i nat\u0119\u017cenia pr\u0105du zapewnia wszechstronno\u015b\u0107 dla r\u00f3\u017cnych potrzeb testowych i operacyjnych. Model ten zosta\u0142 zaprojektowany tak, aby zapewni\u0107 stabiln\u0105 i regulowan\u0105 moc wyj\u015bciow\u0105, kt\u00f3ra jest niezb\u0119dna w \u015brodowiskach badawczych, rozwojowych i produkcyjnych. Jego konstrukcja k\u0142adzie nacisk na funkcjonalno\u015b\u0107 i mo\u017cliwo\u015bci adaptacji, co czyni go praktycznym wyborem dla u\u017cytkownik\u00f3w wymagaj\u0105cych niezawodnych \u017ar\u00f3de\u0142 zasilania pr\u0105dem sta\u0142ym.<\/p>","protected":false},"excerpt":{"rendered":"<p>Inteligentny zasilacz DC o zmiennym prze\u0142\u0105czaniu, od 0 do 320 V \/ od 0 do 2,5 A<\/p>","protected":false},"featured_media":7672,"comment_status":"closed","ping_status":"closed","template":"","meta":{"_acf_changed":false,"slim_seo":{"title":"PAV320-2.5 WITH LAN - YOTAVIS AG","description":"Inteligentny zasilacz DC o zmiennym prze\u0142\u0105czaniu, od 0 do 320 V \/ od 0 do 2,5 A"}},"product_brand":[551],"product_cat":[516,515],"product_tag":[],"class_list":{"0":"post-6541","1":"product","2":"type-product","3":"status-publish","4":"has-post-thumbnail","6":"product_brand-kikusui","7":"product_cat-dc-source-en","8":"product_cat-power-en","9":"pa_current-a-2-5","10":"pa_output-number-146","11":"pa_power-w-556","12":"pa_remote-control-yes","13":"pa_voltage-v-575","15":"first","16":"instock","17":"taxable","18":"shipping-taxable","19":"purchasable","20":"product-type-simple"},"acf":[],"_links":{"self":[{"href":"https:\/\/yotavis.ch\/pl\/wp-json\/wp\/v2\/product\/6541","targetHints":{"allow":["GET"]}}],"collection":[{"href":"https:\/\/yotavis.ch\/pl\/wp-json\/wp\/v2\/product"}],"about":[{"href":"https:\/\/yotavis.ch\/pl\/wp-json\/wp\/v2\/types\/product"}],"replies":[{"embeddable":true,"href":"https:\/\/yotavis.ch\/pl\/wp-json\/wp\/v2\/comments?post=6541"}],"wp:featuredmedia":[{"embeddable":true,"href":"https:\/\/yotavis.ch\/pl\/wp-json\/wp\/v2\/media\/7672"}],"wp:attachment":[{"href":"https:\/\/yotavis.ch\/pl\/wp-json\/wp\/v2\/media?parent=6541"}],"wp:term":[{"taxonomy":"product_brand","embeddable":true,"href":"https:\/\/yotavis.ch\/pl\/wp-json\/wp\/v2\/product_brand?post=6541"},{"taxonomy":"product_cat","embeddable":true,"href":"https:\/\/yotavis.ch\/pl\/wp-json\/wp\/v2\/product_cat?post=6541"},{"taxonomy":"product_tag","embeddable":true,"href":"https:\/\/yotavis.ch\/pl\/wp-json\/wp\/v2\/product_tag?post=6541"}],"curies":[{"name":"wp","href":"https:\/\/api.w.org\/{rel}","templated":true}]}}