{"id":6545,"date":"2025-10-09T00:00:00","date_gmt":"2025-10-08T22:00:00","guid":{"rendered":"https:\/\/yotavis.ch\/product\/pmx35-1a\/"},"modified":"2026-04-24T13:33:46","modified_gmt":"2026-04-24T11:33:46","slug":"pmx35-1a","status":"publish","type":"product","link":"https:\/\/yotavis.ch\/pl\/produkt\/pmx35-1a\/","title":{"rendered":"PMX35-1A"},"content":{"rendered":"<p>PMX35-1A firmy Kikusui to kompaktowy zasilacz pr\u0105du sta\u0142ego oferuj\u0105cy zakres napi\u0119cia od 0 do 35 V i zakres pr\u0105du od 0 do 1 A, zapewniaj\u0105cy maksymaln\u0105 moc wyj\u015bciow\u0105 35 W. Posiada pojedynczy kana\u0142 wyj\u015bciowy i obs\u0142uguje funkcj\u0119 zdalnego sterowania, umo\u017cliwiaj\u0105c wygodn\u0105 obs\u0142ug\u0119 w r\u00f3\u017cnych konfiguracjach. Opcje \u0142\u0105czno\u015bci obejmuj\u0105 interfejsy LAN (LXI), USB i RS232C, umo\u017cliwiaj\u0105c elastyczn\u0105 integracj\u0119 z r\u00f3\u017cnymi systemami. Zasilacz zosta\u0142 zaprojektowany do pracy w trybach sta\u0142ego napi\u0119cia (CV) i sta\u0142ego pr\u0105du (CC), dzi\u0119ki czemu nadaje si\u0119 do zastosowa\u0144 wymagaj\u0105cych precyzyjnej regulacji mocy. Kompaktowa konstrukcja urz\u0105dzenia u\u0142atwia umieszczenie go w ograniczonej przestrzeni, przy jednoczesnym zachowaniu niezawodnej wydajno\u015bci. Po\u0142\u0105czenie specyfikacji napi\u0119cia, pr\u0105du i mocy sprawia, \u017ce mo\u017cna go dostosowa\u0107 do szeregu zada\u0144 testowych i rozwojowych, w kt\u00f3rych niezb\u0119dne jest kontrolowane zasilanie pr\u0105dem sta\u0142ym.<\/p>","protected":false},"excerpt":{"rendered":"<p>Kompaktowy zasilacz DC (CV\/CC), 0 do 35V\/0 do 1A, LAN(LXI)\/USB\/RS232C<\/p>","protected":false},"featured_media":7682,"comment_status":"closed","ping_status":"closed","template":"","meta":{"_acf_changed":false,"slim_seo":{"title":"PMX35-1A - YOTAVIS AG","description":"Kompaktowy zasilacz DC (CV\/CC), 0 do 35V\/0 do 1A, LAN(LXI)\/USB\/RS232C"}},"product_brand":[551],"product_cat":[516,515],"product_tag":[],"class_list":{"0":"post-6545","1":"product","2":"type-product","3":"status-publish","4":"has-post-thumbnail","6":"product_brand-kikusui","7":"product_cat-dc-source-en","8":"product_cat-power-en","9":"pa_current-a-482","10":"pa_output-number-146","11":"pa_power-w-591","12":"pa_remote-control-yes","13":"pa_voltage-v-592","15":"first","16":"instock","17":"taxable","18":"shipping-taxable","19":"purchasable","20":"product-type-simple"},"acf":[],"_links":{"self":[{"href":"https:\/\/yotavis.ch\/pl\/wp-json\/wp\/v2\/product\/6545","targetHints":{"allow":["GET"]}}],"collection":[{"href":"https:\/\/yotavis.ch\/pl\/wp-json\/wp\/v2\/product"}],"about":[{"href":"https:\/\/yotavis.ch\/pl\/wp-json\/wp\/v2\/types\/product"}],"replies":[{"embeddable":true,"href":"https:\/\/yotavis.ch\/pl\/wp-json\/wp\/v2\/comments?post=6545"}],"wp:featuredmedia":[{"embeddable":true,"href":"https:\/\/yotavis.ch\/pl\/wp-json\/wp\/v2\/media\/7682"}],"wp:attachment":[{"href":"https:\/\/yotavis.ch\/pl\/wp-json\/wp\/v2\/media?parent=6545"}],"wp:term":[{"taxonomy":"product_brand","embeddable":true,"href":"https:\/\/yotavis.ch\/pl\/wp-json\/wp\/v2\/product_brand?post=6545"},{"taxonomy":"product_cat","embeddable":true,"href":"https:\/\/yotavis.ch\/pl\/wp-json\/wp\/v2\/product_cat?post=6545"},{"taxonomy":"product_tag","embeddable":true,"href":"https:\/\/yotavis.ch\/pl\/wp-json\/wp\/v2\/product_tag?post=6545"}],"curies":[{"name":"wp","href":"https:\/\/api.w.org\/{rel}","templated":true}]}}