{"id":6568,"date":"2025-10-09T00:00:00","date_gmt":"2025-10-08T22:00:00","guid":{"rendered":"https:\/\/yotavis.ch\/product\/pcr4000ma\/"},"modified":"2026-04-24T13:33:56","modified_gmt":"2026-04-24T11:33:56","slug":"pcr4000ma","status":"publish","type":"product","link":"https:\/\/yotavis.ch\/pl\/produkt\/pcr4000ma\/","title":{"rendered":"PCR4000MA"},"content":{"rendered":"<p>Kikusui PCR4000MA to kompaktowy zasilacz AC o mocy znamionowej 4000VA. Oferuje szeroki zakres napi\u0119cia, obs\u0142uguj\u0105c wyj\u015bcie AC od 1 do 155V i od 2 do 310V, a tak\u017ce wyj\u015bcie DC od 1,4 do 219V i od 2,8 do 438V. Urz\u0105dzenie dzia\u0142a na cz\u0119stotliwo\u015bciach od 40 do 500 Hz, z maksymaln\u0105 cz\u0119stotliwo\u015bci\u0105 500 Hz. Zapewnia pojedynczy kana\u0142 wyj\u015bciowy i obs\u0142uguje funkcj\u0119 zdalnego sterowania. Maksymalna wydajno\u015b\u0107 pr\u0105dowa zasilacza wynosi 40A i mo\u017ce on obs\u0142ugiwa\u0107 napi\u0119cia do 310V. Ta kombinacja cech sprawia, \u017ce PCR4000MA nadaje si\u0119 do zastosowa\u0144 wymagaj\u0105cych precyzyjnego i wszechstronnego dostarczania zasilania AC i DC.<\/p>","protected":false},"excerpt":{"rendered":"<p>Kompaktowy zasilacz sieciowy 4000VA\u3001AC1\uff5e155V\/2\uff5e310V\u3001DC1.4\uff5e219V\/2.8\uff5e438V\u300140\uff5e500Hz<\/p>","protected":false},"featured_media":7701,"comment_status":"closed","ping_status":"closed","template":"","meta":{"_acf_changed":false,"slim_seo":{"title":"PCR4000MA - YOTAVIS AG","description":"Kompaktowy zasilacz sieciowy 4000VA\u3001AC1\uff5e155V\/2\uff5e310V\u3001DC1.4\uff5e219V\/2.8\uff5e438V\u300140\uff5e500Hz"}},"product_brand":[551],"product_cat":[609,515],"product_tag":[],"class_list":{"0":"post-6568","1":"product","2":"type-product","3":"status-publish","4":"has-post-thumbnail","6":"product_brand-kikusui","7":"product_cat-ac-source-en","8":"product_cat-power-en","9":"pa_current-a-550","10":"pa_max-frequency-hz-1020","11":"pa_output-number-146","12":"pa_power-w-611","13":"pa_remote-control-yes","14":"pa_voltage-v-310","16":"first","17":"instock","18":"taxable","19":"shipping-taxable","20":"purchasable","21":"product-type-simple"},"acf":[],"_links":{"self":[{"href":"https:\/\/yotavis.ch\/pl\/wp-json\/wp\/v2\/product\/6568","targetHints":{"allow":["GET"]}}],"collection":[{"href":"https:\/\/yotavis.ch\/pl\/wp-json\/wp\/v2\/product"}],"about":[{"href":"https:\/\/yotavis.ch\/pl\/wp-json\/wp\/v2\/types\/product"}],"replies":[{"embeddable":true,"href":"https:\/\/yotavis.ch\/pl\/wp-json\/wp\/v2\/comments?post=6568"}],"wp:featuredmedia":[{"embeddable":true,"href":"https:\/\/yotavis.ch\/pl\/wp-json\/wp\/v2\/media\/7701"}],"wp:attachment":[{"href":"https:\/\/yotavis.ch\/pl\/wp-json\/wp\/v2\/media?parent=6568"}],"wp:term":[{"taxonomy":"product_brand","embeddable":true,"href":"https:\/\/yotavis.ch\/pl\/wp-json\/wp\/v2\/product_brand?post=6568"},{"taxonomy":"product_cat","embeddable":true,"href":"https:\/\/yotavis.ch\/pl\/wp-json\/wp\/v2\/product_cat?post=6568"},{"taxonomy":"product_tag","embeddable":true,"href":"https:\/\/yotavis.ch\/pl\/wp-json\/wp\/v2\/product_tag?post=6568"}],"curies":[{"name":"wp","href":"https:\/\/api.w.org\/{rel}","templated":true}]}}