{"id":6585,"date":"2025-10-09T00:00:00","date_gmt":"2025-10-08T22:00:00","guid":{"rendered":"https:\/\/yotavis.ch\/product\/pbz20-200-bp-with-cal\/"},"modified":"2026-04-24T13:34:04","modified_gmt":"2026-04-24T11:34:04","slug":"pbz20-200-bp-with-cal","status":"publish","type":"product","link":"https:\/\/yotavis.ch\/pl\/produkt\/pbz20-200-bp-with-cal\/","title":{"rendered":"PBZ20-200 BP Z KALIBRACJ\u0104"},"content":{"rendered":"<p>PBZ20-200 BP WITH CAL to programowalny dwubiegunowy zasilacz du\u017cej mocy produkowany przez firm\u0119 Kikusui. Oferuje on zakres napi\u0119cia od \u00b10 do 20 V i zakres pr\u0105du od \u00b10 do 200 A, zapewniaj\u0105c maksymaln\u0105 moc wyj\u015bciow\u0105 4000 wat\u00f3w. Model ten posiada pojedynczy kana\u0142 wyj\u015bciowy, pozwalaj\u0105cy na precyzyjn\u0105 kontrol\u0119 dostarczanej mocy. W zestawie znajduje si\u0119 funkcja zdalnego sterowania, umo\u017cliwiaj\u0105ca obs\u0142ug\u0119 na odleg\u0142o\u015b\u0107 w celu zwi\u0119kszenia wygody i elastyczno\u015bci. Zasilacz zosta\u0142 zaprojektowany do obs\u0142ugi wymagaj\u0105cych aplikacji, kt\u00f3re wymagaj\u0105 stabilnych i programowalnych ustawie\u0144 napi\u0119cia i pr\u0105du. Jego dwubiegunowe wyj\u015bcie umo\u017cliwia zar\u00f3wno dodatnie, jak i ujemne wyj\u015bcia napi\u0119cia i pr\u0105du, dzi\u0119ki czemu nadaje si\u0119 do r\u00f3\u017cnych scenariuszy testowania i rozwoju. Po\u0142\u0105czenie wysokich warto\u015bci znamionowych pr\u0105du i napi\u0119cia zapewnia obs\u0142ug\u0119 szerokiej gamy urz\u0105dze\u0144 elektronicznych i system\u00f3w wymagaj\u0105cych solidnych \u017ar\u00f3de\u0142 zasilania.<\/p>","protected":false},"excerpt":{"rendered":"<p>Programowalny zasilacz bipolarny du\u017cej mocy, \u00b10 do 20 V \/ \u00b10 do 200 A<\/p>","protected":false},"featured_media":7712,"comment_status":"closed","ping_status":"closed","template":"","meta":{"_acf_changed":false,"slim_seo":{"title":"PBZ20-200 BP WITH CAL - YOTAVIS AG","description":"Programowalny zasilacz bipolarny du\u017cej mocy, \u00b10 do 20 V \/ \u00b10 do 200 A"}},"product_brand":[551],"product_cat":[606,515],"product_tag":[],"class_list":{"0":"post-6585","1":"product","2":"type-product","3":"status-publish","4":"has-post-thumbnail","6":"product_brand-kikusui","7":"product_cat-dc-4-quadrants-en","8":"product_cat-power-en","9":"pa_current-a-480","10":"pa_output-number-146","11":"pa_power-w-611","12":"pa_remote-control-yes","13":"pa_voltage-v-315","15":"first","16":"instock","17":"taxable","18":"shipping-taxable","19":"purchasable","20":"product-type-simple"},"acf":[],"_links":{"self":[{"href":"https:\/\/yotavis.ch\/pl\/wp-json\/wp\/v2\/product\/6585","targetHints":{"allow":["GET"]}}],"collection":[{"href":"https:\/\/yotavis.ch\/pl\/wp-json\/wp\/v2\/product"}],"about":[{"href":"https:\/\/yotavis.ch\/pl\/wp-json\/wp\/v2\/types\/product"}],"replies":[{"embeddable":true,"href":"https:\/\/yotavis.ch\/pl\/wp-json\/wp\/v2\/comments?post=6585"}],"wp:featuredmedia":[{"embeddable":true,"href":"https:\/\/yotavis.ch\/pl\/wp-json\/wp\/v2\/media\/7712"}],"wp:attachment":[{"href":"https:\/\/yotavis.ch\/pl\/wp-json\/wp\/v2\/media?parent=6585"}],"wp:term":[{"taxonomy":"product_brand","embeddable":true,"href":"https:\/\/yotavis.ch\/pl\/wp-json\/wp\/v2\/product_brand?post=6585"},{"taxonomy":"product_cat","embeddable":true,"href":"https:\/\/yotavis.ch\/pl\/wp-json\/wp\/v2\/product_cat?post=6585"},{"taxonomy":"product_tag","embeddable":true,"href":"https:\/\/yotavis.ch\/pl\/wp-json\/wp\/v2\/product_tag?post=6585"}],"curies":[{"name":"wp","href":"https:\/\/api.w.org\/{rel}","templated":true}]}}