{"id":6589,"date":"2025-10-09T00:00:00","date_gmt":"2025-10-08T22:00:00","guid":{"rendered":"https:\/\/yotavis.ch\/product\/pbz40-90-bp-with-cal\/"},"modified":"2026-04-24T13:34:05","modified_gmt":"2026-04-24T11:34:05","slug":"pbz40-90-bp-with-cal","status":"publish","type":"product","link":"https:\/\/yotavis.ch\/pl\/produkt\/pbz40-90-bp-with-cal\/","title":{"rendered":"PBZ40-90 BP Z KAL"},"content":{"rendered":"<p>PBZ40-90 BP WITH CAL to programowalny dwubiegunowy zasilacz du\u017cej mocy produkowany przez firm\u0119 Kikusui. Oferuje on zakres napi\u0119\u0107 od \u00b10 do 40 V i zakres pr\u0105d\u00f3w od \u00b10 do 90 A, zapewniaj\u0105c maksymaln\u0105 moc wyj\u015bciow\u0105 3600 wat\u00f3w. Model ten posiada pojedynczy kana\u0142 wyj\u015bciowy i obs\u0142uguje funkcj\u0119 zdalnego sterowania, umo\u017cliwiaj\u0105c wygodn\u0105 obs\u0142ug\u0119 i integracj\u0119 z zautomatyzowanymi systemami. Zasilacz zosta\u0142 zaprojektowany tak, aby zapewni\u0107 precyzyjne i stabilne dostarczanie mocy w okre\u015blonych granicach napi\u0119cia i pr\u0105du. Jego dwubiegunowo\u015b\u0107 umo\u017cliwia dostarczanie zar\u00f3wno dodatniego, jak i ujemnego napi\u0119cia, dzi\u0119ki czemu nadaje si\u0119 do r\u00f3\u017cnych zastosowa\u0144 wymagaj\u0105cych wszechstronnych konfiguracji zasilania. Specyfikacje urz\u0105dzenia podkre\u015blaj\u0105 jego zdolno\u015b\u0107 do wydajnej obs\u0142ugi wysokich wymaga\u0144 pr\u0105dowych i napi\u0119ciowych.<\/p>","protected":false},"excerpt":{"rendered":"<p>Programowalny zasilacz bipolarny du\u017cej mocy, \u00b10 do 40 V \/ \u00b10 do 90 A<\/p>","protected":false},"featured_media":7712,"comment_status":"closed","ping_status":"closed","template":"","meta":{"_acf_changed":false,"slim_seo":{"title":"PBZ40-90 BP WITH CAL - YOTAVIS AG","description":"Programowalny zasilacz bipolarny du\u017cej mocy, \u00b10 do 40 V \/ \u00b10 do 90 A"}},"product_brand":[551],"product_cat":[606,515],"product_tag":[],"class_list":{"0":"post-6589","1":"product","2":"type-product","3":"status-publish","4":"has-post-thumbnail","6":"product_brand-kikusui","7":"product_cat-dc-4-quadrants-en","8":"product_cat-power-en","9":"pa_current-a-408","10":"pa_output-number-146","11":"pa_power-w-621","12":"pa_remote-control-yes","13":"pa_voltage-v-152","15":"first","16":"instock","17":"taxable","18":"shipping-taxable","19":"purchasable","20":"product-type-simple"},"acf":[],"_links":{"self":[{"href":"https:\/\/yotavis.ch\/pl\/wp-json\/wp\/v2\/product\/6589","targetHints":{"allow":["GET"]}}],"collection":[{"href":"https:\/\/yotavis.ch\/pl\/wp-json\/wp\/v2\/product"}],"about":[{"href":"https:\/\/yotavis.ch\/pl\/wp-json\/wp\/v2\/types\/product"}],"replies":[{"embeddable":true,"href":"https:\/\/yotavis.ch\/pl\/wp-json\/wp\/v2\/comments?post=6589"}],"wp:featuredmedia":[{"embeddable":true,"href":"https:\/\/yotavis.ch\/pl\/wp-json\/wp\/v2\/media\/7712"}],"wp:attachment":[{"href":"https:\/\/yotavis.ch\/pl\/wp-json\/wp\/v2\/media?parent=6589"}],"wp:term":[{"taxonomy":"product_brand","embeddable":true,"href":"https:\/\/yotavis.ch\/pl\/wp-json\/wp\/v2\/product_brand?post=6589"},{"taxonomy":"product_cat","embeddable":true,"href":"https:\/\/yotavis.ch\/pl\/wp-json\/wp\/v2\/product_cat?post=6589"},{"taxonomy":"product_tag","embeddable":true,"href":"https:\/\/yotavis.ch\/pl\/wp-json\/wp\/v2\/product_tag?post=6589"}],"curies":[{"name":"wp","href":"https:\/\/api.w.org\/{rel}","templated":true}]}}