{"id":6591,"date":"2025-10-09T00:00:00","date_gmt":"2025-10-08T22:00:00","guid":{"rendered":"https:\/\/yotavis.ch\/product\/pcr4000le\/"},"modified":"2026-04-24T13:34:06","modified_gmt":"2026-04-24T11:34:06","slug":"pcr4000le","status":"publish","type":"product","link":"https:\/\/yotavis.ch\/pl\/produkt\/pcr4000le\/","title":{"rendered":"PCR4000LE"},"content":{"rendered":"<p>Kikusui PCR4000LE to wielofunkcyjny zasilacz AC o mocy 4000 wat\u00f3w. Charakteryzuje si\u0119 pojedynczym wyj\u015bciem o maksymalnym napi\u0119ciu 300 V i maksymalnym pr\u0105dzie 40 amper\u00f3w. Urz\u0105dzenie obs\u0142uguje napi\u0119cia wej\u015bciowe AC 100 V lub 200 V w konfiguracji jednofazowej. Oferuje mo\u017cliwo\u015b\u0107 zdalnego sterowania, umo\u017cliwiaj\u0105c wygodn\u0105 obs\u0142ug\u0119 na odleg\u0142o\u015b\u0107. Maksymalna cz\u0119stotliwo\u015b\u0107 obs\u0142ugiwana przez ten zasilacz wynosi 999 Hz. Model ten zosta\u0142 zaprojektowany w celu zapewnienia niezawodnej i precyzyjnej mocy wyj\u015bciowej do r\u00f3\u017cnych zastosowa\u0144 wymagaj\u0105cych kontrolowanego zasilania pr\u0105dem przemiennym. Jego specyfikacje sprawiaj\u0105, \u017ce nadaje si\u0119 do zada\u0144 wymagaj\u0105cych stabilnego napi\u0119cia i pr\u0105du z regulowanymi parametrami cz\u0119stotliwo\u015bci.<\/p>","protected":false},"excerpt":{"rendered":"<p>Wielofunkcyjny zasilacz pr\u0105du przemiennego 4 kVA z wej\u015bciem jednofazowym 100 V \/ 200 V<\/p>","protected":false},"featured_media":7718,"comment_status":"closed","ping_status":"closed","template":"","meta":{"_acf_changed":false,"slim_seo":{"title":"PCR4000LE - YOTAVIS AG","description":"Wielofunkcyjny zasilacz pr\u0105du przemiennego 4 kVA z wej\u015bciem jednofazowym 100 V \/ 200 V"}},"product_brand":[551],"product_cat":[625,515],"product_tag":[],"class_list":{"0":"post-6591","1":"product","2":"type-product","3":"status-publish","4":"has-post-thumbnail","6":"product_brand-kikusui","7":"product_cat-ac-dc-source-en","8":"product_cat-power-en","9":"pa_current-a-550","10":"pa_max-frequency-hz-1021","11":"pa_output-number-146","12":"pa_power-w-611","13":"pa_remote-control-yes","14":"pa_voltage-v-624","16":"first","17":"instock","18":"taxable","19":"shipping-taxable","20":"purchasable","21":"product-type-simple"},"acf":[],"_links":{"self":[{"href":"https:\/\/yotavis.ch\/pl\/wp-json\/wp\/v2\/product\/6591","targetHints":{"allow":["GET"]}}],"collection":[{"href":"https:\/\/yotavis.ch\/pl\/wp-json\/wp\/v2\/product"}],"about":[{"href":"https:\/\/yotavis.ch\/pl\/wp-json\/wp\/v2\/types\/product"}],"replies":[{"embeddable":true,"href":"https:\/\/yotavis.ch\/pl\/wp-json\/wp\/v2\/comments?post=6591"}],"wp:featuredmedia":[{"embeddable":true,"href":"https:\/\/yotavis.ch\/pl\/wp-json\/wp\/v2\/media\/7718"}],"wp:attachment":[{"href":"https:\/\/yotavis.ch\/pl\/wp-json\/wp\/v2\/media?parent=6591"}],"wp:term":[{"taxonomy":"product_brand","embeddable":true,"href":"https:\/\/yotavis.ch\/pl\/wp-json\/wp\/v2\/product_brand?post=6591"},{"taxonomy":"product_cat","embeddable":true,"href":"https:\/\/yotavis.ch\/pl\/wp-json\/wp\/v2\/product_cat?post=6591"},{"taxonomy":"product_tag","embeddable":true,"href":"https:\/\/yotavis.ch\/pl\/wp-json\/wp\/v2\/product_tag?post=6591"}],"curies":[{"name":"wp","href":"https:\/\/api.w.org\/{rel}","templated":true}]}}