{"id":6609,"date":"2025-10-09T00:00:00","date_gmt":"2025-10-09T00:00:00","guid":{"rendered":"https:\/\/yotavis.ch\/product\/pcr12000le2-3p4w400v-500hz-lmt\/"},"modified":"2026-04-24T13:34:14","modified_gmt":"2026-04-24T11:34:14","slug":"pcr12000le2-3p4w400v-500hz-lmt","status":"publish","type":"product","link":"https:\/\/yotavis.ch\/pl\/produkt\/pcr12000le2-3p4w400v-500hz-lmt\/","title":{"rendered":"PCR12000LE2 3P4W400V (500Hz LMT)"},"content":{"rendered":"<p>Kikusui PCR12000LE2 3P4W400V to wielofunkcyjny zasilacz pr\u0105du przemiennego o mocy 12 kVA z 3-fazowym, 4-przewodowym wej\u015bciem 400 V AC, zoptymalizowany pod k\u0105tem zastosowa\u0144 ograniczonych do 500 Hz. Zaprojektowany dla potrzeb zasilania i \u017ar\u00f3de\u0142 AC\/DC, model ten zapewnia niezawodn\u0105 i stabiln\u0105 moc wyj\u015bciow\u0105 odpowiedni\u0105 do \u015brodowisk testowych i rozwojowych wymagaj\u0105cych precyzyjnej symulacji mocy AC. Jego solidna konstrukcja obs\u0142uguje r\u00f3\u017cne zastosowania przemys\u0142owe i laboratoryjne, w kt\u00f3rych niezb\u0119dna jest sta\u0142a kontrola napi\u0119cia i cz\u0119stotliwo\u015bci. PCR12000LE2 zapewnia wydajn\u0105 prac\u0119 w wymagaj\u0105cych scenariuszach, co czyni go idealnym wyborem dla profesjonalist\u00f3w poszukuj\u0105cych niezawodnych rozwi\u0105za\u0144 zasilania pr\u0105dem przemiennym.<\/p>","protected":false},"excerpt":{"rendered":"<p>The Kikusui PCR12000LE2 3P4W400V is a multifunctional AC power supply delivering 12 kVA with a 3-phase, 4-wire 400 V AC input, optimized for 500Hz limited applications. Designed for power and AC\/DC source needs, this model provides reliable and stable power output suitable for testing and development environments requiring precise AC power simulation. Its robust design [&hellip;]<\/p>\n","protected":false},"featured_media":7719,"comment_status":"closed","ping_status":"closed","template":"","meta":{"_acf_changed":false,"slim_seo":{"title":"PCR12000LE2 3P4W400V (500Hz LMT) - YOTAVIS AG","description":"The Kikusui PCR12000LE2 3P4W400V is a multifunctional AC power supply delivering 12 kVA with a 3-phase, 4-wire 400 V AC input, optimized for 500Hz limited appli"}},"product_brand":[551],"product_cat":[625,515],"product_tag":[],"class_list":{"0":"post-6609","1":"product","2":"type-product","3":"status-publish","4":"has-post-thumbnail","6":"product_brand-kikusui","7":"product_cat-ac-dc-source-en","8":"product_cat-power-en","9":"pa_current-a-559","10":"pa_output-number-146","11":"pa_power-w-628","12":"pa_remote-control-yes","13":"pa_voltage-v-624","15":"first","16":"instock","17":"taxable","18":"shipping-taxable","19":"product-type-simple"},"acf":[],"_links":{"self":[{"href":"https:\/\/yotavis.ch\/pl\/wp-json\/wp\/v2\/product\/6609","targetHints":{"allow":["GET"]}}],"collection":[{"href":"https:\/\/yotavis.ch\/pl\/wp-json\/wp\/v2\/product"}],"about":[{"href":"https:\/\/yotavis.ch\/pl\/wp-json\/wp\/v2\/types\/product"}],"replies":[{"embeddable":true,"href":"https:\/\/yotavis.ch\/pl\/wp-json\/wp\/v2\/comments?post=6609"}],"wp:featuredmedia":[{"embeddable":true,"href":"https:\/\/yotavis.ch\/pl\/wp-json\/wp\/v2\/media\/7719"}],"wp:attachment":[{"href":"https:\/\/yotavis.ch\/pl\/wp-json\/wp\/v2\/media?parent=6609"}],"wp:term":[{"taxonomy":"product_brand","embeddable":true,"href":"https:\/\/yotavis.ch\/pl\/wp-json\/wp\/v2\/product_brand?post=6609"},{"taxonomy":"product_cat","embeddable":true,"href":"https:\/\/yotavis.ch\/pl\/wp-json\/wp\/v2\/product_cat?post=6609"},{"taxonomy":"product_tag","embeddable":true,"href":"https:\/\/yotavis.ch\/pl\/wp-json\/wp\/v2\/product_tag?post=6609"}],"curies":[{"name":"wp","href":"https:\/\/api.w.org\/{rel}","templated":true}]}}