{"id":6632,"date":"2025-10-09T00:00:00","date_gmt":"2025-10-08T22:00:00","guid":{"rendered":"https:\/\/yotavis.ch\/product\/pcr12000wea2r-3p3w-400v\/"},"modified":"2026-04-24T13:34:25","modified_gmt":"2026-04-24T11:34:25","slug":"pcr12000wea2r-3p3w-400v","status":"publish","type":"product","link":"https:\/\/yotavis.ch\/pl\/produkt\/pcr12000wea2r-3p3w-400v\/","title":{"rendered":"PCR12000WEA2R 3P3W 400V"},"content":{"rendered":"<p>PCR12000WEA2R 3P3W 400V to ultrakompaktowy zasilacz AC\/DC o mocy znamionowej 12kVA. Pracuje przy napi\u0119ciu 320V i mo\u017ce dostarcza\u0107 pr\u0105d o nat\u0119\u017ceniu do 120A. Model ten posiada pojedyncze wyj\u015bcie i obs\u0142uguje funkcj\u0119 zdalnego sterowania, umo\u017cliwiaj\u0105c wygodn\u0105 obs\u0142ug\u0119 na odleg\u0142o\u015b\u0107. Zasilacz zosta\u0142 zaprojektowany do obs\u0142ugi cz\u0119stotliwo\u015bci do 5000 Hz, dzi\u0119ki czemu nadaje si\u0119 do r\u00f3\u017cnych zastosowa\u0144 wymagaj\u0105cych precyzyjnej kontroli cz\u0119stotliwo\u015bci. Wyprodukowane przez Kikusui urz\u0105dzenie zosta\u0142o zaprojektowane tak, aby zapewni\u0107 niezawodne dzia\u0142anie w kompaktowej obudowie. Jego tr\u00f3jfazowa, tr\u00f3jprzewodowa konfiguracja przy napi\u0119ciu 400V zapewnia kompatybilno\u015b\u0107 ze standardowymi przemys\u0142owymi systemami zasilania. Zasilacz ten jest idealny dla u\u017cytkownik\u00f3w potrzebuj\u0105cych solidnego i wszechstronnego \u017ar\u00f3d\u0142a zasilania z zaawansowanymi mo\u017cliwo\u015bciami sterowania.<\/p>","protected":false},"excerpt":{"rendered":"<p>Ultra kompaktowy zasilacz AC\/DC 12kVA 3P3W 400V<\/p>","protected":false},"featured_media":7726,"comment_status":"closed","ping_status":"closed","template":"","meta":{"_acf_changed":false,"slim_seo":{"title":"PCR12000WEA2R 3P3W 400V - YOTAVIS AG","description":"Ultra kompaktowy zasilacz AC\/DC 12kVA 3P3W 400V"}},"product_brand":[551],"product_cat":[625,515],"product_tag":[],"class_list":{"0":"post-6632","1":"product","2":"type-product","3":"status-publish","4":"has-post-thumbnail","6":"product_brand-kikusui","7":"product_cat-ac-dc-source-en","8":"product_cat-power-en","9":"pa_current-a-559","10":"pa_max-frequency-hz-1022","11":"pa_output-number-146","12":"pa_power-w-628","13":"pa_remote-control-yes","14":"pa_voltage-v-575","16":"first","17":"instock","18":"taxable","19":"shipping-taxable","20":"purchasable","21":"product-type-simple"},"acf":[],"_links":{"self":[{"href":"https:\/\/yotavis.ch\/pl\/wp-json\/wp\/v2\/product\/6632","targetHints":{"allow":["GET"]}}],"collection":[{"href":"https:\/\/yotavis.ch\/pl\/wp-json\/wp\/v2\/product"}],"about":[{"href":"https:\/\/yotavis.ch\/pl\/wp-json\/wp\/v2\/types\/product"}],"replies":[{"embeddable":true,"href":"https:\/\/yotavis.ch\/pl\/wp-json\/wp\/v2\/comments?post=6632"}],"wp:featuredmedia":[{"embeddable":true,"href":"https:\/\/yotavis.ch\/pl\/wp-json\/wp\/v2\/media\/7726"}],"wp:attachment":[{"href":"https:\/\/yotavis.ch\/pl\/wp-json\/wp\/v2\/media?parent=6632"}],"wp:term":[{"taxonomy":"product_brand","embeddable":true,"href":"https:\/\/yotavis.ch\/pl\/wp-json\/wp\/v2\/product_brand?post=6632"},{"taxonomy":"product_cat","embeddable":true,"href":"https:\/\/yotavis.ch\/pl\/wp-json\/wp\/v2\/product_cat?post=6632"},{"taxonomy":"product_tag","embeddable":true,"href":"https:\/\/yotavis.ch\/pl\/wp-json\/wp\/v2\/product_tag?post=6632"}],"curies":[{"name":"wp","href":"https:\/\/api.w.org\/{rel}","templated":true}]}}